{"id":1036,"date":"2023-01-14T20:30:16","date_gmt":"2023-01-14T20:30:16","guid":{"rendered":"http:\/\/eosaciurbano.art.br\/eo\/?page_id=1036"},"modified":"2023-01-25T00:23:20","modified_gmt":"2023-01-25T00:23:20","slug":"apresentacao","status":"publish","type":"page","link":"https:\/\/eosaciurbano.art.br\/eo\/apresentacao\/","title":{"rendered":""},"content":{"rendered":"\n<h2 id=\"wp-block-themeisle-blocks-advanced-heading-4337390b\" class=\"wp-block-themeisle-blocks-advanced-heading wp-block-themeisle-blocks-advanced-heading-4337390b o-typing-faster\"><o-anim-typing>APRESENTA\u00c7\u00c3O<\/o-anim-typing><\/h2>\n\n\n\n<p>Voc\u00ea est\u00e1 visitando o s\u00edtio virtual de EOSACIURBANO.ART.BR<\/p>\n\n\n\n<p>\u00c9 sobre um trabalho art\u00edstico, popular, contempor\u00e2neo e subversivo \u00e0s leis dos homens. O espa\u00e7o identificado como&nbsp;<a href=\"http:\/\/eosaciurbano.art.br\/eo\"><strong>A P A R I \u00c7 \u00d5 E S<\/strong><\/a>, \u00e9 o reposit\u00f3rio de imagens com as galerias dos registros das apari\u00e7\u00f5es\/interven\u00e7\u00f5es do Saci Urbano, desde o in\u00edcio do trabalho at\u00e9 o ano atual.<\/p>\n\n\n\n<p>O espa\u00e7o identificado&nbsp;<a href=\"http:\/\/eosaciurbano.art.br\/eo\/e-outro\"><strong>\u00c8  O U T R O !<\/strong><\/a>&nbsp;exp\u00f5e para o visitante as apari\u00e7\u00f5es\/interven\u00e7\u00f5es de um \u201coutro ser\u201d relacionado aos mitos Curupira e \u00e0 Caipora, com a peculiaridade de ser marcados em constru\u00e7\u00f5es que invadiram a floresta, causando ru\u00eddos visuais na mata atl\u00e2ntica.<\/p>\n\n\n\n<p>O espa\u00e7o identificado&nbsp;<strong><a href=\"http:\/\/eosaciurbano.art.br\/eo\/seria-ela\">S E R I A   E L A <\/a> . . .<\/strong> Exp\u00f5e para o visitante as apari\u00e7\u00f5es\/interven\u00e7\u00f5es de uma sereia marginal aparecendo nas margens dos rios urbanos que atravessam a metr\u00f3pole.<\/p>\n\n\n\n<p><strong><mark style=\"background-color:rgba(0, 0, 0, 0)\" class=\"has-inline-color has-foreground-color\"><a href=\"http:\/\/eosaciurbano.art.br\/eo\/posts\/\" data-type=\"page\" data-id=\"2147\">POSTS<\/a><\/mark><\/strong>\u00a0\u00e9 um espa\u00e7o independente e foi o primeiro s\u00edtio eletr\u00f4nico que se dedicou a publicar fotografias e textos com impress\u00f5es de autores an\u00f4nimos sobre o trabalho de apari\u00e7\u00f5es do Saci Urbano. Os textos e coment\u00e1rios publicados por diferentes pessoas ao longo das interven\u00e7\u00f5es est\u00e3o arquivados neste blogue e documenta as manifesta\u00e7\u00f5es do p\u00fablico, colaborando indiretamente com este trabalho.<\/p>\n\n\n\n<p>O espa\u00e7o&nbsp;<a href=\"http:\/\/eosaciurbano.art.br\/eo\/origem\"><strong>O R I G E M<\/strong><\/a> disponibiliza a carta manuscrita por Ider\u00ea Dudu da Silva, para a leitura e conhecimento sobre a origem do Saci Urbano.<\/p>\n\n\n\n<p>Expresso que nenhuma pessoa (f\u00edsica e\/ou jur\u00eddica) poder\u00e1 utilizar o conte\u00fado deste s\u00edtio virtual sem a pr\u00e9via autoriza\u00e7\u00e3o do administrador e o consentimento do realizador do trabalho, seja para qualquer finalidade.<\/p>\n\n\n\n<p>Os diversos objetos aplicados nas interven\u00e7\u00f5es s\u00f3 tem valor leg\u00edtimo quando est\u00e3o ativos na interven\u00e7\u00e3o, por\u00e9m, estes objetos perdem o valor art\u00edstico quando s\u00e3o retirados do seu contexto urbano, no qual foi empregado para marcar a apari\u00e7\u00e3o do Saci Urbano nas vias p\u00fablicas. <\/p>\n\n\n\n<p>Este trabalho seguir\u00e1 utilizando somente o s\u00edtio virtual com o endere\u00e7o em (eosaciurbano.art.br)  para marcar presen\u00e7a no ar conectado \u00e0 rede mundial de computadores, disponibilizando o conte\u00fado apenas para a aprecia\u00e7\u00e3o do p\u00fablico mundial. Toda conta existente de qualquer rede social que fizer refer\u00eancia para esse trabalho, ser\u00e1 de responsabilidade de terceiros que nunca tiveram vinculo com o autor e realizador da obra.<\/p>\n","protected":false},"excerpt":{"rendered":"<p>Voc\u00ea est\u00e1 visitando o s\u00edtio virtual de EOSACIURBANO.ART.BR \u00c9 sobre um trabalho art\u00edstico, popular, contempor\u00e2neo e subversivo \u00e0s leis dos homens. O espa\u00e7o identificado como&nbsp;A P A R I \u00c7 \u00d5 E S, \u00e9 o reposit\u00f3rio de imagens com as galerias dos registros das apari\u00e7\u00f5es\/interven\u00e7\u00f5es do Saci Urbano, desde o in\u00edcio do trabalho at\u00e9 o [&hellip;]<\/p>\n","protected":false},"author":1,"featured_media":0,"parent":0,"menu_order":0,"comment_status":"closed","ping_status":"closed","template":"","meta":{"_themeisle_gutenberg_block_has_review":false,"footnotes":""},"class_list":["post-1036","page","type-page","status-publish","hentry"],"_links":{"self":[{"href":"https:\/\/eosaciurbano.art.br\/eo\/wp-json\/wp\/v2\/pages\/1036","targetHints":{"allow":["GET"]}}],"collection":[{"href":"https:\/\/eosaciurbano.art.br\/eo\/wp-json\/wp\/v2\/pages"}],"about":[{"href":"https:\/\/eosaciurbano.art.br\/eo\/wp-json\/wp\/v2\/types\/page"}],"author":[{"embeddable":true,"href":"https:\/\/eosaciurbano.art.br\/eo\/wp-json\/wp\/v2\/users\/1"}],"replies":[{"embeddable":true,"href":"https:\/\/eosaciurbano.art.br\/eo\/wp-json\/wp\/v2\/comments?post=1036"}],"version-history":[{"count":11,"href":"https:\/\/eosaciurbano.art.br\/eo\/wp-json\/wp\/v2\/pages\/1036\/revisions"}],"predecessor-version":[{"id":2675,"href":"https:\/\/eosaciurbano.art.br\/eo\/wp-json\/wp\/v2\/pages\/1036\/revisions\/2675"}],"wp:attachment":[{"href":"https:\/\/eosaciurbano.art.br\/eo\/wp-json\/wp\/v2\/media?parent=1036"}],"curies":[{"name":"wp","href":"https:\/\/api.w.org\/{rel}","templated":true}]}}