{"id":1038,"date":"2023-01-14T20:33:36","date_gmt":"2023-01-14T20:33:36","guid":{"rendered":"http:\/\/eosaciurbano.art.br\/eo\/?page_id=1038"},"modified":"2026-03-13T17:56:54","modified_gmt":"2026-03-13T17:56:54","slug":"aparicoes","status":"publish","type":"page","link":"https:\/\/eosaciurbano.art.br\/eo\/","title":{"rendered":""},"content":{"rendered":"\n<pre class=\"wp-block-verse\">Reposit\u00f3rio de imagens com galerias de registros das apari\u00e7\u00f5es\/interven\u00e7\u00f5es do Saci Urbano, desde o ano de 2009 at\u00e9 o ano atual.<\/pre>\n\n\n\n<h2 id=\"wp-block-themeisle-blocks-advanced-heading-e316b547\" class=\"wp-block-themeisle-blocks-advanced-heading wp-block-themeisle-blocks-advanced-heading-e316b547 o-typing-fast\"><o-anim-typing>APARI\u00c7\u00d5ES<\/o-anim-typing> 2009-2025<\/h2>\n\n\n<style type=\"text\/css\">.otter-masonry .blocks-gallery-grid .blocks-gallery-item img{ width:100% }<\/style><div class=\"otter-masonry\" data-margin=\"10\">\n<figure class=\"wp-block-gallery has-nested-images columns-default is-cropped wp-block-gallery-16 is-layout-flex wp-block-gallery-is-layout-flex\">\n<figure class=\"wp-block-image size-large wp-duotone-grayscale\"><a href=\"https:\/\/eosaciurbano.art.br\/eo\/2025-2\/\" target=\"_blank\" rel=\"noreferrer noopener\"><img loading=\"lazy\" decoding=\"async\" width=\"1024\" height=\"683\" data-id=\"2752\" src=\"http:\/\/eosaciurbano.art.br\/eo\/wp-content\/uploads\/2026\/03\/E-O.animacao-01-1024x683.jpeg\" alt=\"\" class=\"wp-image-2752\" srcset=\"https:\/\/eosaciurbano.art.br\/eo\/wp-content\/uploads\/2026\/03\/E-O.animacao-01-1024x683.jpeg 1024w, https:\/\/eosaciurbano.art.br\/eo\/wp-content\/uploads\/2026\/03\/E-O.animacao-01-300x200.jpeg 300w, https:\/\/eosaciurbano.art.br\/eo\/wp-content\/uploads\/2026\/03\/E-O.animacao-01-768x512.jpeg 768w, https:\/\/eosaciurbano.art.br\/eo\/wp-content\/uploads\/2026\/03\/E-O.animacao-01-1536x1024.jpeg 1536w, https:\/\/eosaciurbano.art.br\/eo\/wp-content\/uploads\/2026\/03\/E-O.animacao-01-2048x1365.jpeg 2048w\" sizes=\"auto, (max-width: 1024px) 100vw, 1024px\" \/><\/a><figcaption class=\"wp-element-caption\"><a href=\"https:\/\/eosaciurbano.art.br\/eo\/2025-2\/\"><strong>APARI\u00c7\u00d5ES 2025<\/strong><\/a><\/figcaption><\/figure>\n\n\n\n<figure class=\"wp-block-image size-large wp-duotone-000000-ffffff-1\"><a href=\"https:\/\/eosaciurbano.art.br\/eo\/2024-2\/\" target=\"_blank\" rel=\"noreferrer noopener\"><img loading=\"lazy\" decoding=\"async\" width=\"835\" height=\"1024\" data-id=\"2735\" src=\"http:\/\/eosaciurbano.art.br\/eo\/wp-content\/uploads\/2025\/04\/IMG_20241207_161800-835x1024.jpg\" alt=\"\" class=\"wp-image-2735\" srcset=\"https:\/\/eosaciurbano.art.br\/eo\/wp-content\/uploads\/2025\/04\/IMG_20241207_161800-835x1024.jpg 835w, https:\/\/eosaciurbano.art.br\/eo\/wp-content\/uploads\/2025\/04\/IMG_20241207_161800-245x300.jpg 245w, https:\/\/eosaciurbano.art.br\/eo\/wp-content\/uploads\/2025\/04\/IMG_20241207_161800-768x942.jpg 768w, https:\/\/eosaciurbano.art.br\/eo\/wp-content\/uploads\/2025\/04\/IMG_20241207_161800-1253x1536.jpg 1253w, https:\/\/eosaciurbano.art.br\/eo\/wp-content\/uploads\/2025\/04\/IMG_20241207_161800-1670x2048.jpg 1670w, https:\/\/eosaciurbano.art.br\/eo\/wp-content\/uploads\/2025\/04\/IMG_20241207_161800.jpg 2039w\" sizes=\"auto, (max-width: 835px) 100vw, 835px\" \/><\/a><figcaption class=\"wp-element-caption\"><strong><mark style=\"background-color:rgba(0, 0, 0, 0)\" class=\"has-inline-color has-background-color\"><a href=\"https:\/\/eosaciurbano.art.br\/eo\/2024-2\/\">APARI\u00c7\u00d5ES 2024<\/a><\/mark><\/strong><\/figcaption><\/figure>\n\n\n\n<figure class=\"wp-block-image size-large wp-duotone-000000-ffffff-2\"><a href=\"https:\/\/eosaciurbano.art.br\/eo\/2023-2\/\" target=\"_blank\" rel=\"noreferrer noopener\"><img loading=\"lazy\" decoding=\"async\" width=\"816\" height=\"1024\" data-id=\"2708\" src=\"https:\/\/eosaciurbano.art.br\/eo\/wp-content\/uploads\/2024\/02\/Icas-03-816x1024.jpeg\" alt=\"\" class=\"wp-image-2708\" srcset=\"https:\/\/eosaciurbano.art.br\/eo\/wp-content\/uploads\/2024\/02\/Icas-03-816x1024.jpeg 816w, https:\/\/eosaciurbano.art.br\/eo\/wp-content\/uploads\/2024\/02\/Icas-03-239x300.jpeg 239w, https:\/\/eosaciurbano.art.br\/eo\/wp-content\/uploads\/2024\/02\/Icas-03-768x964.jpeg 768w, https:\/\/eosaciurbano.art.br\/eo\/wp-content\/uploads\/2024\/02\/Icas-03-1224x1536.jpeg 1224w, https:\/\/eosaciurbano.art.br\/eo\/wp-content\/uploads\/2024\/02\/Icas-03.jpeg 1275w\" sizes=\"auto, (max-width: 816px) 100vw, 816px\" \/><\/a><figcaption class=\"wp-element-caption\"><strong><a href=\"https:\/\/eosaciurbano.art.br\/eo\/2023-2\/\">APARI\u00c7\u00d5ES 2023<\/a><\/strong><\/figcaption><\/figure>\n\n\n\n<figure class=\"wp-block-image size-large wp-duotone-000000-ffffff-3\"><a href=\"http:\/\/eosaciurbano.art.br\/eo\/2022-2\/\" target=\"_blank\" rel=\"noreferrer noopener\"><img loading=\"lazy\" decoding=\"async\" width=\"735\" height=\"1024\" data-id=\"2505\" src=\"https:\/\/eosaciurbano.art.br\/eo\/wp-content\/uploads\/2023\/01\/CRW_2807-735x1024.jpg\" alt=\"\" class=\"wp-image-2505\" srcset=\"https:\/\/eosaciurbano.art.br\/eo\/wp-content\/uploads\/2023\/01\/CRW_2807-735x1024.jpg 735w, https:\/\/eosaciurbano.art.br\/eo\/wp-content\/uploads\/2023\/01\/CRW_2807-215x300.jpg 215w, https:\/\/eosaciurbano.art.br\/eo\/wp-content\/uploads\/2023\/01\/CRW_2807-768x1070.jpg 768w, https:\/\/eosaciurbano.art.br\/eo\/wp-content\/uploads\/2023\/01\/CRW_2807-1102x1536.jpg 1102w, https:\/\/eosaciurbano.art.br\/eo\/wp-content\/uploads\/2023\/01\/CRW_2807.jpg 1215w\" sizes=\"auto, (max-width: 735px) 100vw, 735px\" \/><\/a><figcaption class=\"wp-element-caption\"><strong><a href=\"http:\/\/eosaciurbano.art.br\/eo\/2022-2\/\" target=\"_blank\" rel=\"noreferrer noopener\">APARI\u00c7\u00d5ES 2022<\/a><\/strong><\/figcaption><\/figure>\n\n\n\n<figure class=\"wp-block-image size-large wp-duotone-000000-7f7f7f-4\"><a href=\"http:\/\/eosaciurbano.art.br\/eo\/2021-2\/\" target=\"_blank\" rel=\"noreferrer noopener\"><img loading=\"lazy\" decoding=\"async\" width=\"1024\" height=\"726\" data-id=\"2498\" src=\"http:\/\/eosaciurbano.art.br\/eo\/wp-content\/uploads\/2023\/01\/2021-11-1024x726.jpg\" alt=\"\" class=\"wp-image-2498\" srcset=\"https:\/\/eosaciurbano.art.br\/eo\/wp-content\/uploads\/2023\/01\/2021-11-1024x726.jpg 1024w, https:\/\/eosaciurbano.art.br\/eo\/wp-content\/uploads\/2023\/01\/2021-11-300x213.jpg 300w, https:\/\/eosaciurbano.art.br\/eo\/wp-content\/uploads\/2023\/01\/2021-11-768x544.jpg 768w, https:\/\/eosaciurbano.art.br\/eo\/wp-content\/uploads\/2023\/01\/2021-11.jpg 1411w\" sizes=\"auto, (max-width: 1024px) 100vw, 1024px\" \/><\/a><figcaption class=\"wp-element-caption\"><strong><a href=\"http:\/\/eosaciurbano.art.br\/eo\/2021-2\/\" target=\"_blank\" rel=\"noreferrer noopener\">APARI\u00c7\u00d5ES 2021<\/a><\/strong><\/figcaption><\/figure>\n\n\n\n<figure class=\"wp-block-image size-large wp-duotone-000000-ffffff-5\"><a href=\"http:\/\/eosaciurbano.art.br\/eo\/2019-20\/\" target=\"_blank\" rel=\"noreferrer noopener\"><img loading=\"lazy\" decoding=\"async\" width=\"1024\" height=\"577\" data-id=\"2482\" src=\"http:\/\/eosaciurbano.art.br\/eo\/wp-content\/uploads\/2023\/01\/2019-2020-H-1024x577.jpg\" alt=\"\" class=\"wp-image-2482\" srcset=\"https:\/\/eosaciurbano.art.br\/eo\/wp-content\/uploads\/2023\/01\/2019-2020-H-1024x577.jpg 1024w, https:\/\/eosaciurbano.art.br\/eo\/wp-content\/uploads\/2023\/01\/2019-2020-H-300x169.jpg 300w, https:\/\/eosaciurbano.art.br\/eo\/wp-content\/uploads\/2023\/01\/2019-2020-H-768x433.jpg 768w, https:\/\/eosaciurbano.art.br\/eo\/wp-content\/uploads\/2023\/01\/2019-2020-H.jpg 1375w\" sizes=\"auto, (max-width: 1024px) 100vw, 1024px\" \/><\/a><figcaption class=\"wp-element-caption\"><a href=\"http:\/\/eosaciurbano.art.br\/eo\/2019-20\/\" target=\"_blank\" rel=\"noreferrer noopener\"><strong>APARI\u00c7\u00d5ES 2019-20<\/strong><\/a><\/figcaption><\/figure>\n\n\n\n<figure class=\"wp-block-image size-large wp-duotone-000000-ffffff-6\"><a href=\"http:\/\/eosaciurbano.art.br\/eo\/2018-2\/\" target=\"_blank\" rel=\"noreferrer noopener\"><img loading=\"lazy\" decoding=\"async\" width=\"1024\" height=\"682\" data-id=\"2476\" src=\"http:\/\/eosaciurbano.art.br\/eo\/wp-content\/uploads\/2023\/01\/05_2018-1024x682.jpg\" alt=\"\" class=\"wp-image-2476\" srcset=\"https:\/\/eosaciurbano.art.br\/eo\/wp-content\/uploads\/2023\/01\/05_2018-1024x682.jpg 1024w, https:\/\/eosaciurbano.art.br\/eo\/wp-content\/uploads\/2023\/01\/05_2018-300x200.jpg 300w, https:\/\/eosaciurbano.art.br\/eo\/wp-content\/uploads\/2023\/01\/05_2018-768x512.jpg 768w, https:\/\/eosaciurbano.art.br\/eo\/wp-content\/uploads\/2023\/01\/05_2018.jpg 1280w\" sizes=\"auto, (max-width: 1024px) 100vw, 1024px\" \/><\/a><figcaption class=\"wp-element-caption\"><a href=\"http:\/\/eosaciurbano.art.br\/eo\/2018-2\/\" target=\"_blank\" rel=\"noreferrer noopener\"><strong>APARI\u00c7\u00d5ES 2018<\/strong><\/a><\/figcaption><\/figure>\n\n\n\n<figure class=\"wp-block-image size-large wp-duotone-000000-ffffff-7\"><a href=\"http:\/\/eosaciurbano.art.br\/eo\/2017-2\/\" target=\"_blank\" rel=\"noreferrer noopener\"><img loading=\"lazy\" decoding=\"async\" width=\"1024\" height=\"682\" data-id=\"931\" src=\"http:\/\/eosaciurbano.art.br\/eo\/wp-content\/uploads\/2017\/07\/CRW_9989-2-1024x682.jpg\" alt=\"\" class=\"wp-image-931\" srcset=\"https:\/\/eosaciurbano.art.br\/eo\/wp-content\/uploads\/2017\/07\/CRW_9989-2-1024x682.jpg 1024w, https:\/\/eosaciurbano.art.br\/eo\/wp-content\/uploads\/2017\/07\/CRW_9989-2-300x200.jpg 300w, https:\/\/eosaciurbano.art.br\/eo\/wp-content\/uploads\/2017\/07\/CRW_9989-2-768x512.jpg 768w, https:\/\/eosaciurbano.art.br\/eo\/wp-content\/uploads\/2017\/07\/CRW_9989-2.jpg 1280w\" sizes=\"auto, (max-width: 1024px) 100vw, 1024px\" \/><\/a><figcaption class=\"wp-element-caption\"><strong><a href=\"http:\/\/eosaciurbano.art.br\/eo\/2017-2\/\" target=\"_blank\" rel=\"noreferrer noopener\">APARI\u00c7\u00d5ES 2017<\/a><\/strong><\/figcaption><\/figure>\n\n\n\n<figure class=\"wp-block-image size-large wp-duotone-000000-ffffff-8\"><a href=\"http:\/\/eosaciurbano.art.br\/eo\/2016-2\/\" target=\"_blank\" rel=\"noreferrer noopener\"><img loading=\"lazy\" decoding=\"async\" width=\"1024\" height=\"683\" data-id=\"2437\" src=\"http:\/\/eosaciurbano.art.br\/eo\/wp-content\/uploads\/2023\/01\/Icas_2016_03.jpg.jpg\" alt=\"\" class=\"wp-image-2437\" srcset=\"https:\/\/eosaciurbano.art.br\/eo\/wp-content\/uploads\/2023\/01\/Icas_2016_03.jpg.jpg 1024w, https:\/\/eosaciurbano.art.br\/eo\/wp-content\/uploads\/2023\/01\/Icas_2016_03.jpg-300x200.jpg 300w, https:\/\/eosaciurbano.art.br\/eo\/wp-content\/uploads\/2023\/01\/Icas_2016_03.jpg-768x512.jpg 768w\" sizes=\"auto, (max-width: 1024px) 100vw, 1024px\" \/><\/a><figcaption class=\"wp-element-caption\"><strong><a href=\"http:\/\/eosaciurbano.art.br\/eo\/2016-2\/\" target=\"_blank\" rel=\"noreferrer noopener\">APARI\u00c7\u00d5ES 2016<\/a><\/strong><\/figcaption><\/figure>\n\n\n\n<figure class=\"wp-block-image size-large wp-duotone-000000-ffffff-9\"><a href=\"http:\/\/eosaciurbano.art.br\/eo\/2015-2\/\" target=\"_blank\" rel=\"noreferrer noopener\"><img loading=\"lazy\" decoding=\"async\" width=\"960\" height=\"626\" data-id=\"2420\" src=\"http:\/\/eosaciurbano.art.br\/eo\/wp-content\/uploads\/2023\/01\/Icas_2015_8.jpg\" alt=\"\" class=\"wp-image-2420\" srcset=\"https:\/\/eosaciurbano.art.br\/eo\/wp-content\/uploads\/2023\/01\/Icas_2015_8.jpg 960w, https:\/\/eosaciurbano.art.br\/eo\/wp-content\/uploads\/2023\/01\/Icas_2015_8-300x196.jpg 300w, https:\/\/eosaciurbano.art.br\/eo\/wp-content\/uploads\/2023\/01\/Icas_2015_8-768x501.jpg 768w\" sizes=\"auto, (max-width: 960px) 100vw, 960px\" \/><\/a><figcaption class=\"wp-element-caption\"><strong><a href=\"http:\/\/eosaciurbano.art.br\/eo\/2015-2\/\" target=\"_blank\" rel=\"noreferrer noopener\">APARI\u00c7\u00d5ES 2015<\/a><\/strong><\/figcaption><\/figure>\n\n\n\n<figure class=\"wp-block-image size-large wp-duotone-000000-ffffff-10\"><a href=\"http:\/\/eosaciurbano.art.br\/eo\/2014-2\/\" target=\"_blank\" rel=\"noreferrer noopener\"><img loading=\"lazy\" decoding=\"async\" width=\"960\" height=\"640\" data-id=\"2402\" src=\"http:\/\/eosaciurbano.art.br\/eo\/wp-content\/uploads\/2023\/01\/01.jpg\" alt=\"\" class=\"wp-image-2402\" srcset=\"https:\/\/eosaciurbano.art.br\/eo\/wp-content\/uploads\/2023\/01\/01.jpg 960w, https:\/\/eosaciurbano.art.br\/eo\/wp-content\/uploads\/2023\/01\/01-300x200.jpg 300w, https:\/\/eosaciurbano.art.br\/eo\/wp-content\/uploads\/2023\/01\/01-768x512.jpg 768w\" sizes=\"auto, (max-width: 960px) 100vw, 960px\" \/><\/a><figcaption class=\"wp-element-caption\"><strong><a href=\"http:\/\/eosaciurbano.art.br\/eo\/2014-2\/\" target=\"_blank\" rel=\"noreferrer noopener\">APARI\u00c7\u00d5ES 2014<\/a><\/strong><\/figcaption><\/figure>\n\n\n\n<figure class=\"wp-block-image size-large wp-duotone-000000-ffffff-11\"><a href=\"http:\/\/eosaciurbano.art.br\/eo\/2013-2\/\" target=\"_blank\" rel=\"noreferrer noopener\"><img loading=\"lazy\" decoding=\"async\" width=\"960\" height=\"584\" data-id=\"2390\" src=\"http:\/\/eosaciurbano.art.br\/eo\/wp-content\/uploads\/2023\/01\/S.U.2013SP-23M.jpg\" alt=\"\" class=\"wp-image-2390\" srcset=\"https:\/\/eosaciurbano.art.br\/eo\/wp-content\/uploads\/2023\/01\/S.U.2013SP-23M.jpg 960w, https:\/\/eosaciurbano.art.br\/eo\/wp-content\/uploads\/2023\/01\/S.U.2013SP-23M-300x183.jpg 300w, https:\/\/eosaciurbano.art.br\/eo\/wp-content\/uploads\/2023\/01\/S.U.2013SP-23M-768x467.jpg 768w\" sizes=\"auto, (max-width: 960px) 100vw, 960px\" \/><\/a><figcaption class=\"wp-element-caption\"><a href=\"http:\/\/eosaciurbano.art.br\/eo\/2013-2\/\" target=\"_blank\" rel=\"noreferrer noopener\"><strong>APARI\u00c7\u00d5ES 2013<\/strong><\/a><\/figcaption><\/figure>\n\n\n\n<figure class=\"wp-block-image size-large wp-duotone-000000-ffffff-12\"><a href=\"http:\/\/eosaciurbano.art.br\/eo\/2012-2\/\" target=\"_blank\" rel=\"noreferrer noopener\"><img loading=\"lazy\" decoding=\"async\" width=\"1005\" height=\"654\" data-id=\"2376\" src=\"http:\/\/eosaciurbano.art.br\/eo\/wp-content\/uploads\/2023\/01\/aparicao_saci_urbano_2012_l.jpg\" alt=\"\" class=\"wp-image-2376\" srcset=\"https:\/\/eosaciurbano.art.br\/eo\/wp-content\/uploads\/2023\/01\/aparicao_saci_urbano_2012_l.jpg 1005w, https:\/\/eosaciurbano.art.br\/eo\/wp-content\/uploads\/2023\/01\/aparicao_saci_urbano_2012_l-300x195.jpg 300w, https:\/\/eosaciurbano.art.br\/eo\/wp-content\/uploads\/2023\/01\/aparicao_saci_urbano_2012_l-768x500.jpg 768w\" sizes=\"auto, (max-width: 1005px) 100vw, 1005px\" \/><\/a><figcaption class=\"wp-element-caption\"><strong><a href=\"http:\/\/eosaciurbano.art.br\/eo\/2012-2\/\" target=\"_blank\" rel=\"noreferrer noopener\">APARI\u00c7\u00d5ES 2012<\/a><\/strong><\/figcaption><\/figure>\n\n\n\n<figure class=\"wp-block-image size-large wp-duotone-000000-ffffff-13\"><a href=\"http:\/\/eosaciurbano.art.br\/eo\/2011-2\/\" target=\"_blank\" rel=\"noreferrer noopener\"><img loading=\"lazy\" decoding=\"async\" width=\"1024\" height=\"768\" data-id=\"2362\" src=\"http:\/\/eosaciurbano.art.br\/eo\/wp-content\/uploads\/2023\/01\/aparicao_saci_urbano_2011_a.jpg\" alt=\"\" class=\"wp-image-2362\" srcset=\"https:\/\/eosaciurbano.art.br\/eo\/wp-content\/uploads\/2023\/01\/aparicao_saci_urbano_2011_a.jpg 1024w, https:\/\/eosaciurbano.art.br\/eo\/wp-content\/uploads\/2023\/01\/aparicao_saci_urbano_2011_a-300x225.jpg 300w, https:\/\/eosaciurbano.art.br\/eo\/wp-content\/uploads\/2023\/01\/aparicao_saci_urbano_2011_a-768x576.jpg 768w\" sizes=\"auto, (max-width: 1024px) 100vw, 1024px\" \/><\/a><figcaption class=\"wp-element-caption\"><strong><a href=\"http:\/\/eosaciurbano.art.br\/eo\/2011-2\/\" target=\"_blank\" rel=\"noreferrer noopener\">APARI\u00c7\u00d5ES 2011<\/a><\/strong><\/figcaption><\/figure>\n\n\n\n<figure class=\"wp-block-image size-large wp-duotone-000000-ffffff-14\"><a href=\"http:\/\/eosaciurbano.art.br\/eo\/2010-2\/\" target=\"_blank\" rel=\"noreferrer noopener\"><img loading=\"lazy\" decoding=\"async\" width=\"990\" height=\"663\" data-id=\"2323\" src=\"http:\/\/eosaciurbano.art.br\/eo\/wp-content\/uploads\/2023\/01\/aparicao_saci_urbano_2010_y.jpg\" alt=\"\" class=\"wp-image-2323\" srcset=\"https:\/\/eosaciurbano.art.br\/eo\/wp-content\/uploads\/2023\/01\/aparicao_saci_urbano_2010_y.jpg 990w, https:\/\/eosaciurbano.art.br\/eo\/wp-content\/uploads\/2023\/01\/aparicao_saci_urbano_2010_y-300x201.jpg 300w, https:\/\/eosaciurbano.art.br\/eo\/wp-content\/uploads\/2023\/01\/aparicao_saci_urbano_2010_y-768x514.jpg 768w\" sizes=\"auto, (max-width: 990px) 100vw, 990px\" \/><\/a><figcaption class=\"wp-element-caption\"><strong><a href=\"http:\/\/eosaciurbano.art.br\/eo\/2010-2\/\" target=\"_blank\" rel=\"noreferrer noopener\">APARI\u00c7\u00d5ES 2010<\/a><\/strong><\/figcaption><\/figure>\n\n\n\n<figure class=\"wp-block-image size-large wp-duotone-000000-ffffff-15\"><a href=\"http:\/\/eosaciurbano.art.br\/eo\/2009-2\/\" target=\"_blank\" rel=\"noreferrer noopener\"><img loading=\"lazy\" decoding=\"async\" width=\"990\" height=\"785\" data-id=\"2342\" src=\"http:\/\/eosaciurbano.art.br\/eo\/wp-content\/uploads\/2023\/01\/2009.S.U.1.jpg\" alt=\"\" class=\"wp-image-2342\" srcset=\"https:\/\/eosaciurbano.art.br\/eo\/wp-content\/uploads\/2023\/01\/2009.S.U.1.jpg 990w, https:\/\/eosaciurbano.art.br\/eo\/wp-content\/uploads\/2023\/01\/2009.S.U.1-300x238.jpg 300w, https:\/\/eosaciurbano.art.br\/eo\/wp-content\/uploads\/2023\/01\/2009.S.U.1-768x609.jpg 768w\" sizes=\"auto, (max-width: 990px) 100vw, 990px\" \/><\/a><figcaption class=\"wp-element-caption\"><strong><a href=\"http:\/\/eosaciurbano.art.br\/eo\/2009-2\/\" target=\"_blank\" rel=\"noreferrer noopener\">APARI\u00c7\u00d5ES 2009<\/a><\/strong><\/figcaption><\/figure>\n<\/figure>\n<\/div>","protected":false},"excerpt":{"rendered":"<p>Reposit\u00f3rio de imagens com galerias de registros das apari\u00e7\u00f5es\/interven\u00e7\u00f5es do Saci Urbano, desde o ano de 2009 at\u00e9 o ano atual.<\/p>\n","protected":false},"author":1,"featured_media":0,"parent":0,"menu_order":0,"comment_status":"closed","ping_status":"closed","template":"","meta":{"_themeisle_gutenberg_block_has_review":false,"footnotes":""},"class_list":["post-1038","page","type-page","status-publish","hentry"],"_links":{"self":[{"href":"https:\/\/eosaciurbano.art.br\/eo\/wp-json\/wp\/v2\/pages\/1038","targetHints":{"allow":["GET"]}}],"collection":[{"href":"https:\/\/eosaciurbano.art.br\/eo\/wp-json\/wp\/v2\/pages"}],"about":[{"href":"https:\/\/eosaciurbano.art.br\/eo\/wp-json\/wp\/v2\/types\/page"}],"author":[{"embeddable":true,"href":"https:\/\/eosaciurbano.art.br\/eo\/wp-json\/wp\/v2\/users\/1"}],"replies":[{"embeddable":true,"href":"https:\/\/eosaciurbano.art.br\/eo\/wp-json\/wp\/v2\/comments?post=1038"}],"version-history":[{"count":61,"href":"https:\/\/eosaciurbano.art.br\/eo\/wp-json\/wp\/v2\/pages\/1038\/revisions"}],"predecessor-version":[{"id":2778,"href":"https:\/\/eosaciurbano.art.br\/eo\/wp-json\/wp\/v2\/pages\/1038\/revisions\/2778"}],"wp:attachment":[{"href":"https:\/\/eosaciurbano.art.br\/eo\/wp-json\/wp\/v2\/media?parent=1038"}],"curies":[{"name":"wp","href":"https:\/\/api.w.org\/{rel}","templated":true}]}}