{"id":2069,"date":"2023-01-16T19:47:06","date_gmt":"2023-01-16T19:47:06","guid":{"rendered":"http:\/\/eosaciurbano.art.br\/eo\/?page_id=2069"},"modified":"2023-01-23T15:53:17","modified_gmt":"2023-01-23T15:53:17","slug":"seria-ela","status":"publish","type":"page","link":"https:\/\/eosaciurbano.art.br\/eo\/seria-ela\/","title":{"rendered":""},"content":{"rendered":"\n<p>As \u00e1guas dos rios urbanos n\u00e3o servem para Ela.<\/p>\n\n\n\n<p>Porque os ru\u00eddos concomitantes dos ve\u00edculos marginais<\/p>\n\n\n\n<p>N\u00e3o deixaram soar o seu canto sedutor.<\/p>\n\n\n\n<p>A polui\u00e7\u00e3o do progresso tirou a sua beleza natural.<\/p>\n\n\n\n<p>As enchentes qu\u00edmicas do ver\u00e3o das ind\u00fastrias<\/p>\n\n\n\n<p>Depreciaram a sua alegria.<\/p>\n\n\n\n<p>Se n\u00e3o fosse por isso<\/p>\n\n\n\n<p>&#8230; Seria Ela&#8230;<\/p>\n\n\n\n<h2 id=\"wp-block-themeisle-blocks-advanced-heading-45f753d7\" class=\"wp-block-themeisle-blocks-advanced-heading wp-block-themeisle-blocks-advanced-heading-45f753d7 o-typing-fast\"><o-anim-typing>Seria Ela&#8230;<\/o-anim-typing><\/h2>\n\n\n<div  id=\"jtg-2577\" class=\"modula modula-gallery modula-columns\" data-config=\"{&quot;tabletHeight&quot;:0,&quot;mobileHeight&quot;:0,&quot;desktopHeight&quot;:0,&quot;enableTwitter&quot;:false,&quot;enableWhatsapp&quot;:false,&quot;enableFacebook&quot;:false,&quot;enablePinterest&quot;:false,&quot;enableLinkedin&quot;:false,&quot;enableEmail&quot;:false,&quot;randomFactor&quot;:0,&quot;type&quot;:&quot;grid&quot;,&quot;columns&quot;:12,&quot;gutter&quot;:10,&quot;mobileGutter&quot;:10,&quot;tabletGutter&quot;:10,&quot;desktopGutter&quot;:10,&quot;enableResponsive&quot;:&quot;1&quot;,&quot;tabletColumns&quot;:&quot;2&quot;,&quot;mobileColumns&quot;:&quot;1&quot;,&quot;lazyLoad&quot;:0,&quot;lightboxOpts&quot;:{&quot;animated&quot;:true,&quot;Thumbs&quot;:{&quot;type&quot;:&quot;modern&quot;,&quot;showOnStart&quot;:false},&quot;Toolbar&quot;:{&quot;display&quot;:{&quot;right&quot;:[&quot;close&quot;]},&quot;enabled&quot;:true},&quot;Carousel&quot;:{&quot;Panzoom&quot;:{&quot;touch&quot;:true},&quot;infinite&quot;:false},&quot;keyboard&quot;:{&quot;Escape&quot;:&quot;close&quot;,&quot;Delete&quot;:&quot;close&quot;,&quot;Backspace&quot;:&quot;close&quot;,&quot;PageUp&quot;:false,&quot;PageDown&quot;:false,&quot;ArrowUp&quot;:false,&quot;ArrowDown&quot;:false,&quot;ArrowRight&quot;:false,&quot;ArrowLeft&quot;:false},&quot;touch&quot;:false,&quot;backdropClick&quot;:false,&quot;l10n&quot;:{&quot;CLOSE&quot;:&quot;Fechar&quot;,&quot;NEXT&quot;:&quot;Pr\\u00f3ximo&quot;,&quot;PREV&quot;:&quot;Anterior&quot;,&quot;Error&quot;:&quot;N\\u00e3o foi poss\\u00edvel carregar o conte\\u00fado solicitado. Tente novamente mais tarde.&quot;,&quot;PLAY_START&quot;:&quot;Iniciar apresenta\\u00e7\\u00e3o de slides&quot;,&quot;PLAY_STOP&quot;:&quot;Pausar apresenta\\u00e7\\u00e3o de slides&quot;,&quot;FULL_SCREEN&quot;:&quot;Tela cheia&quot;,&quot;THUMBS&quot;:&quot;Miniaturas&quot;,&quot;DOWNLOAD&quot;:&quot;Baixar&quot;,&quot;SHARE&quot;:&quot;Compartilhar&quot;,&quot;ZOOM&quot;:&quot;Ampliar&quot;,&quot;EMAIL&quot;:&quot;Here is the link to the image : %%image_link%% and this is the link to the gallery : %%gallery_link%%&quot;,&quot;MODAL&quot;:&quot;Voc\\u00ea pode dispensar este conte\\u00fado com a tecla ESC&quot;,&quot;ERROR&quot;:&quot;Algo deu errado, tente novamente mais tarde&quot;,&quot;IMAGE_ERROR&quot;:&quot;Imagem n\\u00e3o encontrada&quot;,&quot;ELEMENT_NOT_FOUND&quot;:&quot;Elemento HTML n\\u00e3o encontrado&quot;,&quot;AJAX_NOT_FOUND&quot;:&quot;Erro ao carregar AJAX: N\\u00e3o encontrado&quot;,&quot;AJAX_FORBIDDEN&quot;:&quot;Erro ao carregar AJAX: N\\u00e3o autorizado&quot;,&quot;IFRAME_ERROR&quot;:&quot;Erro ao carregar a p\\u00e1gina&quot;,&quot;TOGGLE_ZOOM&quot;:&quot;Alternar n\\u00edvel de zoom&quot;,&quot;TOGGLE_THUMBS&quot;:&quot;Alternar miniaturas&quot;,&quot;TOGGLE_SLIDESHOW&quot;:&quot;Alternar exibi\\u00e7\\u00e3o de slides&quot;,&quot;TOGGLE_FULLSCREEN&quot;:&quot;Alternar modo de tela cheia&quot;},&quot;Images&quot;:{&quot;Panzoom&quot;:{&quot;maxScale&quot;:2}},&quot;mainClass&quot;:&quot;modula-fancybox-container modula-lightbox-jtg-2577&quot;,&quot;Html&quot;:{&quot;videoAutoplay&quot;:0,&quot;videoTpl&quot;:&quot;&lt;video class=\\&quot;fancybox__html5video\\&quot; controls muted playsinline controlsList controlsList=\\&quot;nodownload\\&quot; poster=\\&quot;{{poster}}\\&quot; src=\\&quot;{{src}}\\&quot; type=\\&quot;{{format}}\\&quot; &gt;  Sorry, your browser doesn&#039;t support embedded videos, &lt;a href=\\&quot;{{src}}\\&quot;&gt; download &lt;\\\/a&gt; and watch with your favorite video player! &lt;\\\/video&gt;&quot;}},&quot;inView&quot;:true,&quot;email_subject&quot;:&quot;Check out this awesome image !!&quot;,&quot;email_message&quot;:&quot;Here is the link to the image : %%image_link%% and this is the link to the gallery : %%gallery_link%%&quot;,&quot;grid_type&quot;:&quot;4&quot;,&quot;rowHeight&quot;:0,&quot;lastRow&quot;:&quot;&quot;,&quot;lightbox&quot;:&quot;fancybox&quot;}\">\n\n\t<div class=\"modula-grid-sizer\"> <\/div>\n\t<div  class=\"modula-items grid-gallery\">\n\t\t<div class=\"modula-item\" >\n\t<div class=\"modula-item-content\">\n\t\t\n\t\t\t\t\t<a data-image-id=\"2579\" role=\"button\" tabindex=\"0\" rel=\"jtg-2577\" data-caption=\"\" aria-label=\"Abrir imagem no lightbox\" class=\"tile-inner modula-item-link\"><\/a>\n\t\t\n\t\t<img loading=\"lazy\" decoding=\"async\" class=\"pic wp-image-2579\"  data-valign=\"middle\" data-halign=\"center\" alt=\"\" data-full=\"https:\/\/eosaciurbano.art.br\/eo\/wp-content\/uploads\/2023\/01\/Seria-ela.STO-E.jpg\" title=\"Seria-ela.STO-E\" width=\"960\" height=\"686\" src=\"https:\/\/eosaciurbano.art.br\/eo\/wp-content\/uploads\/2023\/01\/Seria-ela.STO-E.jpg\" data-src=\"https:\/\/eosaciurbano.art.br\/eo\/wp-content\/uploads\/2023\/01\/Seria-ela.STO-E.jpg\" data-caption=\"\" srcset=\"https:\/\/eosaciurbano.art.br\/eo\/wp-content\/uploads\/2023\/01\/Seria-ela.STO-E.jpg 960w, https:\/\/eosaciurbano.art.br\/eo\/wp-content\/uploads\/2023\/01\/Seria-ela.STO-E-300x214.jpg 300w, https:\/\/eosaciurbano.art.br\/eo\/wp-content\/uploads\/2023\/01\/Seria-ela.STO-E-768x549.jpg 768w\" sizes=\"auto, (max-width: 960px) 100vw, 960px\" \/>\n\t<\/div>\n\n<\/div><div class=\"modula-item\" >\n\t<div class=\"modula-item-content\">\n\t\t\n\t\t\t\t\t<a data-image-id=\"2580\" role=\"button\" tabindex=\"0\" rel=\"jtg-2577\" data-caption=\"Seria Ela...\" aria-label=\"Abrir imagem no lightbox\" class=\"tile-inner modula-item-link\"><\/a>\n\t\t\n\t\t<img loading=\"lazy\" decoding=\"async\" class=\"pic wp-image-2580\"  data-valign=\"middle\" data-halign=\"center\" alt=\"\" data-full=\"https:\/\/eosaciurbano.art.br\/eo\/wp-content\/uploads\/2023\/01\/Seria-ela2.jpg\" title=\"Seria Ela...\" width=\"900\" height=\"625\" src=\"https:\/\/eosaciurbano.art.br\/eo\/wp-content\/uploads\/2023\/01\/Seria-ela2.jpg\" data-src=\"https:\/\/eosaciurbano.art.br\/eo\/wp-content\/uploads\/2023\/01\/Seria-ela2.jpg\" data-caption=\"Seria Ela...\" srcset=\"https:\/\/eosaciurbano.art.br\/eo\/wp-content\/uploads\/2023\/01\/Seria-ela2.jpg 900w, https:\/\/eosaciurbano.art.br\/eo\/wp-content\/uploads\/2023\/01\/Seria-ela2-300x208.jpg 300w, https:\/\/eosaciurbano.art.br\/eo\/wp-content\/uploads\/2023\/01\/Seria-ela2-768x533.jpg 768w\" sizes=\"auto, (max-width: 900px) 100vw, 900px\" \/>\n\t<\/div>\n\n<\/div><div class=\"modula-item\" >\n\t<div class=\"modula-item-content\">\n\t\t\n\t\t\t\t\t<a data-image-id=\"2581\" role=\"button\" tabindex=\"0\" rel=\"jtg-2577\" data-caption=\"Seria Ela...\" aria-label=\"Abrir imagem no lightbox\" class=\"tile-inner modula-item-link\"><\/a>\n\t\t\n\t\t<img loading=\"lazy\" decoding=\"async\" class=\"pic wp-image-2581\"  data-valign=\"middle\" data-halign=\"center\" alt=\"\" data-full=\"https:\/\/eosaciurbano.art.br\/eo\/wp-content\/uploads\/2023\/01\/Seria-ela3.jpg\" title=\"Seria Ela...\" width=\"900\" height=\"555\" src=\"https:\/\/eosaciurbano.art.br\/eo\/wp-content\/uploads\/2023\/01\/Seria-ela3.jpg\" data-src=\"https:\/\/eosaciurbano.art.br\/eo\/wp-content\/uploads\/2023\/01\/Seria-ela3.jpg\" data-caption=\"Seria Ela...\" srcset=\"https:\/\/eosaciurbano.art.br\/eo\/wp-content\/uploads\/2023\/01\/Seria-ela3.jpg 900w, https:\/\/eosaciurbano.art.br\/eo\/wp-content\/uploads\/2023\/01\/Seria-ela3-300x185.jpg 300w, https:\/\/eosaciurbano.art.br\/eo\/wp-content\/uploads\/2023\/01\/Seria-ela3-768x474.jpg 768w\" sizes=\"auto, (max-width: 900px) 100vw, 900px\" \/>\n\t<\/div>\n\n<\/div><div class=\"modula-item\" >\n\t<div class=\"modula-item-content\">\n\t\t\n\t\t\t\t\t<a data-image-id=\"2582\" role=\"button\" tabindex=\"0\" rel=\"jtg-2577\" data-caption=\"Seria Ela...\" aria-label=\"Abrir imagem no lightbox\" class=\"tile-inner modula-item-link\"><\/a>\n\t\t\n\t\t<img loading=\"lazy\" decoding=\"async\" class=\"pic wp-image-2582\"  data-valign=\"middle\" data-halign=\"center\" alt=\"\" data-full=\"https:\/\/eosaciurbano.art.br\/eo\/wp-content\/uploads\/2023\/01\/Seria-ela.STO_.A_12.jpg\" title=\"Seria Ela...\" width=\"683\" height=\"1024\" src=\"https:\/\/eosaciurbano.art.br\/eo\/wp-content\/uploads\/2023\/01\/Seria-ela.STO_.A_12-683x1024.jpg\" data-src=\"https:\/\/eosaciurbano.art.br\/eo\/wp-content\/uploads\/2023\/01\/Seria-ela.STO_.A_12-683x1024.jpg\" data-caption=\"Seria Ela...\" srcset=\"https:\/\/eosaciurbano.art.br\/eo\/wp-content\/uploads\/2023\/01\/Seria-ela.STO_.A_12-scaled.jpg 1707w, https:\/\/eosaciurbano.art.br\/eo\/wp-content\/uploads\/2023\/01\/Seria-ela.STO_.A_12-200x300.jpg 200w, https:\/\/eosaciurbano.art.br\/eo\/wp-content\/uploads\/2023\/01\/Seria-ela.STO_.A_12-scaled-683x1024.jpg 683w, https:\/\/eosaciurbano.art.br\/eo\/wp-content\/uploads\/2023\/01\/Seria-ela.STO_.A_12-768x1152.jpg 768w, https:\/\/eosaciurbano.art.br\/eo\/wp-content\/uploads\/2023\/01\/Seria-ela.STO_.A_12-1024x1536.jpg 1024w, https:\/\/eosaciurbano.art.br\/eo\/wp-content\/uploads\/2023\/01\/Seria-ela.STO_.A_12-1365x2048.jpg 1365w\" sizes=\"auto, (max-width: 683px) 100vw, 683px\" \/>\n\t<\/div>\n\n<\/div><div class=\"modula-item\" >\n\t<div class=\"modula-item-content\">\n\t\t\n\t\t\t\t\t<a data-image-id=\"2583\" role=\"button\" tabindex=\"0\" rel=\"jtg-2577\" data-caption=\"\" aria-label=\"Abrir imagem no lightbox\" class=\"tile-inner modula-item-link\"><\/a>\n\t\t\n\t\t<img loading=\"lazy\" decoding=\"async\" class=\"pic wp-image-2583\"  data-valign=\"middle\" data-halign=\"center\" alt=\"\" data-full=\"https:\/\/eosaciurbano.art.br\/eo\/wp-content\/uploads\/2023\/01\/Seria-ela.jpg\" title=\"Seria ela\" width=\"682\" height=\"1024\" src=\"https:\/\/eosaciurbano.art.br\/eo\/wp-content\/uploads\/2023\/01\/Seria-ela-682x1024.jpg\" data-src=\"https:\/\/eosaciurbano.art.br\/eo\/wp-content\/uploads\/2023\/01\/Seria-ela-682x1024.jpg\" data-caption=\"\" srcset=\"https:\/\/eosaciurbano.art.br\/eo\/wp-content\/uploads\/2023\/01\/Seria-ela.jpg 1000w, https:\/\/eosaciurbano.art.br\/eo\/wp-content\/uploads\/2023\/01\/Seria-ela-200x300.jpg 200w, https:\/\/eosaciurbano.art.br\/eo\/wp-content\/uploads\/2023\/01\/Seria-ela-682x1024.jpg 682w, https:\/\/eosaciurbano.art.br\/eo\/wp-content\/uploads\/2023\/01\/Seria-ela-768x1153.jpg 768w\" sizes=\"auto, (max-width: 682px) 100vw, 682px\" \/>\n\t<\/div>\n\n<\/div><div class=\"modula-item\" >\n\t<div class=\"modula-item-content\">\n\t\t\n\t\t\t\t\t<a data-image-id=\"2584\" role=\"button\" tabindex=\"0\" rel=\"jtg-2577\" data-caption=\"Seria Ela...\" aria-label=\"Abrir imagem no lightbox\" class=\"tile-inner modula-item-link\"><\/a>\n\t\t\n\t\t<img loading=\"lazy\" decoding=\"async\" class=\"pic wp-image-2584\"  data-valign=\"middle\" data-halign=\"center\" alt=\"\" data-full=\"https:\/\/eosaciurbano.art.br\/eo\/wp-content\/uploads\/2023\/01\/S.ela-2.jpg\" title=\"Seria Ela...\" width=\"900\" height=\"675\" src=\"https:\/\/eosaciurbano.art.br\/eo\/wp-content\/uploads\/2023\/01\/S.ela-2.jpg\" data-src=\"https:\/\/eosaciurbano.art.br\/eo\/wp-content\/uploads\/2023\/01\/S.ela-2.jpg\" data-caption=\"Seria Ela...\" srcset=\"https:\/\/eosaciurbano.art.br\/eo\/wp-content\/uploads\/2023\/01\/S.ela-2.jpg 900w, https:\/\/eosaciurbano.art.br\/eo\/wp-content\/uploads\/2023\/01\/S.ela-2-300x225.jpg 300w, https:\/\/eosaciurbano.art.br\/eo\/wp-content\/uploads\/2023\/01\/S.ela-2-768x576.jpg 768w\" sizes=\"auto, (max-width: 900px) 100vw, 900px\" \/>\n\t<\/div>\n\n<\/div><div class=\"modula-item\" >\n\t<div class=\"modula-item-content\">\n\t\t\n\t\t\t\t\t<a data-image-id=\"2585\" role=\"button\" tabindex=\"0\" rel=\"jtg-2577\" data-caption=\"Seria Ela...\" aria-label=\"Abrir imagem no lightbox\" class=\"tile-inner modula-item-link\"><\/a>\n\t\t\n\t\t<img loading=\"lazy\" decoding=\"async\" class=\"pic wp-image-2585\"  data-valign=\"middle\" data-halign=\"center\" alt=\"\" data-full=\"https:\/\/eosaciurbano.art.br\/eo\/wp-content\/uploads\/2023\/01\/S.ela-3.jpg\" title=\"Seria Ela...\" width=\"900\" height=\"700\" src=\"https:\/\/eosaciurbano.art.br\/eo\/wp-content\/uploads\/2023\/01\/S.ela-3.jpg\" data-src=\"https:\/\/eosaciurbano.art.br\/eo\/wp-content\/uploads\/2023\/01\/S.ela-3.jpg\" data-caption=\"Seria Ela...\" srcset=\"https:\/\/eosaciurbano.art.br\/eo\/wp-content\/uploads\/2023\/01\/S.ela-3.jpg 900w, https:\/\/eosaciurbano.art.br\/eo\/wp-content\/uploads\/2023\/01\/S.ela-3-300x233.jpg 300w, https:\/\/eosaciurbano.art.br\/eo\/wp-content\/uploads\/2023\/01\/S.ela-3-768x597.jpg 768w\" sizes=\"auto, (max-width: 900px) 100vw, 900px\" \/>\n\t<\/div>\n\n<\/div><div class=\"modula-item\" >\n\t<div class=\"modula-item-content\">\n\t\t\n\t\t\t\t\t<a data-image-id=\"2586\" role=\"button\" tabindex=\"0\" rel=\"jtg-2577\" data-caption=\"Seria Ela...\" aria-label=\"Abrir imagem no lightbox\" class=\"tile-inner modula-item-link\"><\/a>\n\t\t\n\t\t<img loading=\"lazy\" decoding=\"async\" class=\"pic wp-image-2586\"  data-valign=\"middle\" data-halign=\"center\" alt=\"\" data-full=\"https:\/\/eosaciurbano.art.br\/eo\/wp-content\/uploads\/2023\/01\/Seria-ela-1.jpg\" title=\"Seria Ela...\" width=\"900\" height=\"625\" src=\"https:\/\/eosaciurbano.art.br\/eo\/wp-content\/uploads\/2023\/01\/Seria-ela-1.jpg\" data-src=\"https:\/\/eosaciurbano.art.br\/eo\/wp-content\/uploads\/2023\/01\/Seria-ela-1.jpg\" data-caption=\"Seria Ela...\" srcset=\"https:\/\/eosaciurbano.art.br\/eo\/wp-content\/uploads\/2023\/01\/Seria-ela-1.jpg 900w, https:\/\/eosaciurbano.art.br\/eo\/wp-content\/uploads\/2023\/01\/Seria-ela-1-300x208.jpg 300w, https:\/\/eosaciurbano.art.br\/eo\/wp-content\/uploads\/2023\/01\/Seria-ela-1-768x533.jpg 768w\" sizes=\"auto, (max-width: 900px) 100vw, 900px\" \/>\n\t<\/div>\n\n<\/div><div class=\"modula-item\" >\n\t<div class=\"modula-item-content\">\n\t\t\n\t\t\t\t\t<a data-image-id=\"2587\" role=\"button\" tabindex=\"0\" rel=\"jtg-2577\" data-caption=\"\" aria-label=\"Abrir imagem no lightbox\" class=\"tile-inner modula-item-link\"><\/a>\n\t\t\n\t\t<img loading=\"lazy\" decoding=\"async\" class=\"pic wp-image-2587\"  data-valign=\"middle\" data-halign=\"center\" alt=\"\" data-full=\"https:\/\/eosaciurbano.art.br\/eo\/wp-content\/uploads\/2023\/01\/Seria-ela.SP-O.jpg\" title=\"Seria-ela.SP-O\" width=\"960\" height=\"686\" src=\"https:\/\/eosaciurbano.art.br\/eo\/wp-content\/uploads\/2023\/01\/Seria-ela.SP-O.jpg\" data-src=\"https:\/\/eosaciurbano.art.br\/eo\/wp-content\/uploads\/2023\/01\/Seria-ela.SP-O.jpg\" data-caption=\"\" srcset=\"https:\/\/eosaciurbano.art.br\/eo\/wp-content\/uploads\/2023\/01\/Seria-ela.SP-O.jpg 960w, https:\/\/eosaciurbano.art.br\/eo\/wp-content\/uploads\/2023\/01\/Seria-ela.SP-O-300x214.jpg 300w, https:\/\/eosaciurbano.art.br\/eo\/wp-content\/uploads\/2023\/01\/Seria-ela.SP-O-768x549.jpg 768w\" sizes=\"auto, (max-width: 960px) 100vw, 960px\" \/>\n\t<\/div>\n\n<\/div><div class=\"modula-item\" >\n\t<div class=\"modula-item-content\">\n\t\t\n\t\t\t\t\t<a data-image-id=\"2588\" role=\"button\" tabindex=\"0\" rel=\"jtg-2577\" data-caption=\"\" aria-label=\"Abrir imagem no lightbox\" class=\"tile-inner modula-item-link\"><\/a>\n\t\t\n\t\t<img loading=\"lazy\" decoding=\"async\" class=\"pic wp-image-2588\"  data-valign=\"middle\" data-halign=\"center\" alt=\"\" data-full=\"https:\/\/eosaciurbano.art.br\/eo\/wp-content\/uploads\/2023\/01\/Seria-ela.STO_.jpg\" title=\"Seria-ela.STO\" width=\"960\" height=\"686\" src=\"https:\/\/eosaciurbano.art.br\/eo\/wp-content\/uploads\/2023\/01\/Seria-ela.STO_.jpg\" data-src=\"https:\/\/eosaciurbano.art.br\/eo\/wp-content\/uploads\/2023\/01\/Seria-ela.STO_.jpg\" data-caption=\"\" srcset=\"https:\/\/eosaciurbano.art.br\/eo\/wp-content\/uploads\/2023\/01\/Seria-ela.STO_.jpg 960w, https:\/\/eosaciurbano.art.br\/eo\/wp-content\/uploads\/2023\/01\/Seria-ela.STO_-300x214.jpg 300w, https:\/\/eosaciurbano.art.br\/eo\/wp-content\/uploads\/2023\/01\/Seria-ela.STO_-768x549.jpg 768w\" sizes=\"auto, (max-width: 960px) 100vw, 960px\" \/>\n\t<\/div>\n\n<\/div><div class=\"modula-item\" >\n\t<div class=\"modula-item-content\">\n\t\t\n\t\t\t\t\t<a data-image-id=\"2589\" role=\"button\" tabindex=\"0\" rel=\"jtg-2577\" data-caption=\"\" aria-label=\"Abrir imagem no lightbox\" class=\"tile-inner modula-item-link\"><\/a>\n\t\t\n\t\t<img loading=\"lazy\" decoding=\"async\" class=\"pic wp-image-2589\"  data-valign=\"middle\" data-halign=\"center\" alt=\"\" data-full=\"https:\/\/eosaciurbano.art.br\/eo\/wp-content\/uploads\/2023\/01\/Seria-ela.STO-C.jpg\" title=\"Seria-ela.STO-C\" width=\"960\" height=\"640\" src=\"https:\/\/eosaciurbano.art.br\/eo\/wp-content\/uploads\/2023\/01\/Seria-ela.STO-C.jpg\" data-src=\"https:\/\/eosaciurbano.art.br\/eo\/wp-content\/uploads\/2023\/01\/Seria-ela.STO-C.jpg\" data-caption=\"\" srcset=\"https:\/\/eosaciurbano.art.br\/eo\/wp-content\/uploads\/2023\/01\/Seria-ela.STO-C.jpg 960w, https:\/\/eosaciurbano.art.br\/eo\/wp-content\/uploads\/2023\/01\/Seria-ela.STO-C-300x200.jpg 300w, https:\/\/eosaciurbano.art.br\/eo\/wp-content\/uploads\/2023\/01\/Seria-ela.STO-C-768x512.jpg 768w\" sizes=\"auto, (max-width: 960px) 100vw, 960px\" \/>\n\t<\/div>\n\n<\/div>\t\t\n\t<\/div>\n\n\t\n\t\n\t<script type=\"application\/ld+json\">\n\t{\n\t\t\"@context\": \"http:\/\/schema.org\",\n\t\t\"@type\"   : \"ImageGallery\",\n\t\t\"id\"      : \"https:\/\/eosaciurbano.art.br\/eo\/seria-ela\/\",\n\t\t\"url\"     : \"https:\/\/eosaciurbano.art.br\/eo\/seria-ela\/\"\n\t}\n\n\t<\/script>\n\n\t\n<\/div>\n\n","protected":false},"excerpt":{"rendered":"<p>As \u00e1guas dos rios urbanos n\u00e3o servem para Ela. Porque os ru\u00eddos concomitantes dos ve\u00edculos marginais N\u00e3o deixaram soar o seu canto sedutor. A polui\u00e7\u00e3o do progresso tirou a sua beleza natural. As enchentes qu\u00edmicas do ver\u00e3o das ind\u00fastrias Depreciaram a sua alegria. Se n\u00e3o fosse por isso &#8230; Seria Ela&#8230;<\/p>\n","protected":false},"author":1,"featured_media":0,"parent":0,"menu_order":0,"comment_status":"closed","ping_status":"closed","template":"","meta":{"_themeisle_gutenberg_block_has_review":false,"footnotes":""},"class_list":["post-2069","page","type-page","status-publish","hentry"],"_links":{"self":[{"href":"https:\/\/eosaciurbano.art.br\/eo\/wp-json\/wp\/v2\/pages\/2069","targetHints":{"allow":["GET"]}}],"collection":[{"href":"https:\/\/eosaciurbano.art.br\/eo\/wp-json\/wp\/v2\/pages"}],"about":[{"href":"https:\/\/eosaciurbano.art.br\/eo\/wp-json\/wp\/v2\/types\/page"}],"author":[{"embeddable":true,"href":"https:\/\/eosaciurbano.art.br\/eo\/wp-json\/wp\/v2\/users\/1"}],"replies":[{"embeddable":true,"href":"https:\/\/eosaciurbano.art.br\/eo\/wp-json\/wp\/v2\/comments?post=2069"}],"version-history":[{"count":8,"href":"https:\/\/eosaciurbano.art.br\/eo\/wp-json\/wp\/v2\/pages\/2069\/revisions"}],"predecessor-version":[{"id":2590,"href":"https:\/\/eosaciurbano.art.br\/eo\/wp-json\/wp\/v2\/pages\/2069\/revisions\/2590"}],"wp:attachment":[{"href":"https:\/\/eosaciurbano.art.br\/eo\/wp-json\/wp\/v2\/media?parent=2069"}],"curies":[{"name":"wp","href":"https:\/\/api.w.org\/{rel}","templated":true}]}}