{"id":2147,"date":"2023-01-19T20:34:48","date_gmt":"2023-01-19T20:34:48","guid":{"rendered":"http:\/\/eosaciurbano.art.br\/eo\/?page_id=2147"},"modified":"2023-01-23T16:05:15","modified_gmt":"2023-01-23T16:05:15","slug":"posts","status":"publish","type":"page","link":"https:\/\/eosaciurbano.art.br\/eo\/posts\/","title":{"rendered":"Blogue"},"content":{"rendered":"\n<h2 id=\"wp-block-themeisle-blocks-advanced-heading-21c78d6b\" class=\"wp-block-themeisle-blocks-advanced-heading wp-block-themeisle-blocks-advanced-heading-21c78d6b o-typing-faster\"><o-anim-typing>BLOGUE<\/o-anim-typing><\/h2>\n\n\n<ul class=\"wp-block-latest-posts__list wp-block-latest-posts\"><li><a class=\"wp-block-latest-posts__post-title\" href=\"https:\/\/eosaciurbano.art.br\/eo\/sentir-arvores\/\">Sentir \u00e1rvores<\/a><div class=\"wp-block-latest-posts__post-excerpt\">Os homens-2000 deveriam sentir \u00e1rvores pelo menos uma \u00fanica vez em vida. E compreender que sem \u00e1rvores n\u00e3o seria poss\u00edvel chuva. E sem chuva n\u00e3o seria poss\u00edvel vida. \u00c9 necess\u00e1rio plantar, cuidar, observar e sentir a \u00e1rvore como humilde forma de agradecimento por sua exist\u00eancia. Homem que derruba \u00e1rvores \u00e9 um genocida em potencial.<\/div><\/li>\n<li><a class=\"wp-block-latest-posts__post-title\" href=\"https:\/\/eosaciurbano.art.br\/eo\/fe\/\">f\u00c9!<\/a><div class=\"wp-block-latest-posts__post-excerpt\">F\u00e9 no outro! F\u00e9 em si mesmo! F\u00e9 no mundo! F\u00e9 que tudo vai dar certo! N\u00e3o se escuta: f\u00e9 na natureza! Talvez porque a natureza n\u00e3o precise de f\u00e9. A pr\u00f3pria natureza \u00e9 quem ela \u00e9. Templos de f\u00e9 abandonados Revelam que ainda existe a f\u00e9 espont\u00e2nea do indiv\u00edduo, Livre de impostos, De d\u00edzimos.\u2026 <a class=\"wp-block-latest-posts__read-more\" href=\"https:\/\/eosaciurbano.art.br\/eo\/fe\/\" rel=\"noopener noreferrer\">Leia mais<span class=\"screen-reader-text\">: f\u00c9!<\/span><\/a><\/div><\/li>\n<li><a class=\"wp-block-latest-posts__post-title\" href=\"https:\/\/eosaciurbano.art.br\/eo\/a-queda-das-mascaras\/\">A queda das m\u00e1scaras<\/a><div class=\"wp-block-latest-posts__post-excerpt\">Ca\u00edram as verdadeiras m\u00e1scaras das pessoas e as suas faces foram fatalmente reveladas. Neste longo per\u00edodo de COVID-19, ficou mais f\u00e1cil identificar quem s\u00e3o as pessoas que se importam com as outras em sua volta; e as que se importam apenas consigo mesmas. As pessoas que se importam consigo mesmas s\u00e3o opressoras por natureza, e\/ou\u2026 <a class=\"wp-block-latest-posts__read-more\" href=\"https:\/\/eosaciurbano.art.br\/eo\/a-queda-das-mascaras\/\" rel=\"noopener noreferrer\">Leia mais<span class=\"screen-reader-text\">: A queda das m\u00e1scaras<\/span><\/a><\/div><\/li>\n<li><a class=\"wp-block-latest-posts__post-title\" href=\"https:\/\/eosaciurbano.art.br\/eo\/eurocentrico\/\">EUROC\u00caNTRICO<\/a><div class=\"wp-block-latest-posts__post-excerpt\">Os homens-2000 triunfam quando se percebem\u00a0EUROC\u00caNTRICOS por natureza. Eles triunfam quando percebem que todas as pessoas humanas dessa terra-mar-local s\u00e3o educadas dessa forma EUROC\u00caNTRICA de ser. Entre brindes e tragos Eles sa\u00fadam a coloniza\u00e7\u00e3o por seus antepassados, ao perceberem que o modo de viver segue funcionando plenamente de forma EUROC\u00caNTRICA. Eles triunfam, a cada ora\u00e7\u00e3o\u2026 <a class=\"wp-block-latest-posts__read-more\" href=\"https:\/\/eosaciurbano.art.br\/eo\/eurocentrico\/\" rel=\"noopener noreferrer\">Leia mais<span class=\"screen-reader-text\">: EUROC\u00caNTRICO<\/span><\/a><\/div><\/li>\n<li><a class=\"wp-block-latest-posts__post-title\" href=\"https:\/\/eosaciurbano.art.br\/eo\/e-finalmente-o-futuro\/\">E finalmente&#8230;O futuro!<\/a><div class=\"wp-block-latest-posts__post-excerpt\">&nbsp; Os homens-2000 est\u00e3o de fato, vivendo o futuro na pr\u00e1tica. &nbsp; &nbsp; Neste dado presente! &nbsp; &nbsp; \u00c8 O . . .<\/div><\/li>\n<li><a class=\"wp-block-latest-posts__post-title\" href=\"https:\/\/eosaciurbano.art.br\/eo\/porque-censuram-o-saci-urbano\/\">Porque censuram o Saci Urbano?<\/a><div class=\"wp-block-latest-posts__post-excerpt\">Sintomaticamente apagam-se diversos graffiti com marca\u00e7\u00f5es de apari\u00e7\u00f5es do Saci Urbano pela Grande S\u00e3o Paulo e capital. Seja para a manuten\u00e7\u00e3o da palidez das cidades e\/ou pior: para censurar os coment\u00e1rios visuais que a obra imprime nos muros. A obra j\u00e1 foi apagada diversas vezes por causa de representa\u00e7\u00e3o gr\u00e1fica do cachimbo do saci, por\u2026 <a class=\"wp-block-latest-posts__read-more\" href=\"https:\/\/eosaciurbano.art.br\/eo\/porque-censuram-o-saci-urbano\/\" rel=\"noopener noreferrer\">Leia mais<span class=\"screen-reader-text\">: Porque censuram o Saci Urbano?<\/span><\/a><\/div><\/li>\n<li><a class=\"wp-block-latest-posts__post-title\" href=\"https:\/\/eosaciurbano.art.br\/eo\/avancar-sempre-e-jamais-retroceder\/\">Avan\u00e7ar sempre e jamais retroceder!<\/a><div class=\"wp-block-latest-posts__post-excerpt\">[Golpe]aram o povo. Continuam golpe-ando&#8230; At\u00e9 o povo ficar zonzo. Mas o povo est\u00e1 recobrando a consci\u00eancia E quando o povo se levantar, n\u00e3o haver\u00e1 lugar nem mesmo para a queda daqueles que o golpearam. Porque o povo \u00e9 gigante \u2013 desde que os povos estejam unidos, justapostos em uma s\u00f3 perna. Porque enquanto o\u2026 <a class=\"wp-block-latest-posts__read-more\" href=\"https:\/\/eosaciurbano.art.br\/eo\/avancar-sempre-e-jamais-retroceder\/\" rel=\"noopener noreferrer\">Leia mais<span class=\"screen-reader-text\">: Avan\u00e7ar sempre e jamais retroceder!<\/span><\/a><\/div><\/li>\n<\/ul>","protected":false},"excerpt":{"rendered":"","protected":false},"author":1,"featured_media":0,"parent":0,"menu_order":0,"comment_status":"closed","ping_status":"closed","template":"","meta":{"_themeisle_gutenberg_block_has_review":false,"footnotes":""},"class_list":["post-2147","page","type-page","status-publish","hentry"],"_links":{"self":[{"href":"https:\/\/eosaciurbano.art.br\/eo\/wp-json\/wp\/v2\/pages\/2147","targetHints":{"allow":["GET"]}}],"collection":[{"href":"https:\/\/eosaciurbano.art.br\/eo\/wp-json\/wp\/v2\/pages"}],"about":[{"href":"https:\/\/eosaciurbano.art.br\/eo\/wp-json\/wp\/v2\/types\/page"}],"author":[{"embeddable":true,"href":"https:\/\/eosaciurbano.art.br\/eo\/wp-json\/wp\/v2\/users\/1"}],"replies":[{"embeddable":true,"href":"https:\/\/eosaciurbano.art.br\/eo\/wp-json\/wp\/v2\/comments?post=2147"}],"version-history":[{"count":6,"href":"https:\/\/eosaciurbano.art.br\/eo\/wp-json\/wp\/v2\/pages\/2147\/revisions"}],"predecessor-version":[{"id":2606,"href":"https:\/\/eosaciurbano.art.br\/eo\/wp-json\/wp\/v2\/pages\/2147\/revisions\/2606"}],"wp:attachment":[{"href":"https:\/\/eosaciurbano.art.br\/eo\/wp-json\/wp\/v2\/media?parent=2147"}],"curies":[{"name":"wp","href":"https:\/\/api.w.org\/{rel}","templated":true}]}}