{"id":2523,"date":"2023-01-22T15:17:41","date_gmt":"2023-01-22T15:17:41","guid":{"rendered":"http:\/\/eosaciurbano.art.br\/eo\/?page_id=2523"},"modified":"2023-01-22T15:17:41","modified_gmt":"2023-01-22T15:17:41","slug":"2013-2","status":"publish","type":"page","link":"https:\/\/eosaciurbano.art.br\/eo\/2013-2\/","title":{"rendered":"2013"},"content":{"rendered":"\n<p>Reposit\u00f3rio de imagens com galerias de registros das apari\u00e7\u00f5es\/interven\u00e7\u00f5es do Saci Urbano. Ano 2013.<\/p>\n\n\n\n<h2 id=\"wp-block-themeisle-blocks-advanced-heading-aba99abd\" class=\"wp-block-themeisle-blocks-advanced-heading wp-block-themeisle-blocks-advanced-heading-aba99abd o-typing-faster\"><o-anim-typing>APARI\u00c7\u00d5ES 2013<\/o-anim-typing><\/h2>\n\n\n<div  id=\"jtg-2383\" class=\"modula modula-gallery modula-columns\" data-config=\"{&quot;tabletHeight&quot;:0,&quot;mobileHeight&quot;:0,&quot;desktopHeight&quot;:0,&quot;enableTwitter&quot;:false,&quot;enableWhatsapp&quot;:false,&quot;enableFacebook&quot;:false,&quot;enablePinterest&quot;:false,&quot;enableLinkedin&quot;:false,&quot;enableEmail&quot;:false,&quot;randomFactor&quot;:0,&quot;type&quot;:&quot;grid&quot;,&quot;columns&quot;:12,&quot;gutter&quot;:10,&quot;mobileGutter&quot;:10,&quot;tabletGutter&quot;:10,&quot;desktopGutter&quot;:10,&quot;enableResponsive&quot;:&quot;1&quot;,&quot;tabletColumns&quot;:&quot;2&quot;,&quot;mobileColumns&quot;:&quot;1&quot;,&quot;lazyLoad&quot;:0,&quot;lightboxOpts&quot;:{&quot;animated&quot;:true,&quot;Thumbs&quot;:{&quot;type&quot;:&quot;modern&quot;,&quot;showOnStart&quot;:false},&quot;Toolbar&quot;:{&quot;display&quot;:{&quot;right&quot;:[&quot;close&quot;]},&quot;enabled&quot;:true},&quot;Carousel&quot;:{&quot;Panzoom&quot;:{&quot;touch&quot;:true},&quot;infinite&quot;:false},&quot;keyboard&quot;:{&quot;Escape&quot;:&quot;close&quot;,&quot;Delete&quot;:&quot;close&quot;,&quot;Backspace&quot;:&quot;close&quot;,&quot;PageUp&quot;:false,&quot;PageDown&quot;:false,&quot;ArrowUp&quot;:false,&quot;ArrowDown&quot;:false,&quot;ArrowRight&quot;:false,&quot;ArrowLeft&quot;:false},&quot;touch&quot;:false,&quot;backdropClick&quot;:false,&quot;l10n&quot;:{&quot;CLOSE&quot;:&quot;Fechar&quot;,&quot;NEXT&quot;:&quot;Pr\\u00f3ximo&quot;,&quot;PREV&quot;:&quot;Anterior&quot;,&quot;Error&quot;:&quot;N\\u00e3o foi poss\\u00edvel carregar o conte\\u00fado solicitado. Tente novamente mais tarde.&quot;,&quot;PLAY_START&quot;:&quot;Iniciar apresenta\\u00e7\\u00e3o de slides&quot;,&quot;PLAY_STOP&quot;:&quot;Pausar apresenta\\u00e7\\u00e3o de slides&quot;,&quot;FULL_SCREEN&quot;:&quot;Tela cheia&quot;,&quot;THUMBS&quot;:&quot;Miniaturas&quot;,&quot;DOWNLOAD&quot;:&quot;Baixar&quot;,&quot;SHARE&quot;:&quot;Compartilhar&quot;,&quot;ZOOM&quot;:&quot;Ampliar&quot;,&quot;EMAIL&quot;:&quot;Here is the link to the image : %%image_link%% and this is the link to the gallery : %%gallery_link%%&quot;,&quot;MODAL&quot;:&quot;Voc\\u00ea pode dispensar este conte\\u00fado com a tecla ESC&quot;,&quot;ERROR&quot;:&quot;Algo deu errado, tente novamente mais tarde&quot;,&quot;IMAGE_ERROR&quot;:&quot;Imagem n\\u00e3o encontrada&quot;,&quot;ELEMENT_NOT_FOUND&quot;:&quot;Elemento HTML n\\u00e3o encontrado&quot;,&quot;AJAX_NOT_FOUND&quot;:&quot;Erro ao carregar AJAX: N\\u00e3o encontrado&quot;,&quot;AJAX_FORBIDDEN&quot;:&quot;Erro ao carregar AJAX: N\\u00e3o autorizado&quot;,&quot;IFRAME_ERROR&quot;:&quot;Erro ao carregar a p\\u00e1gina&quot;,&quot;TOGGLE_ZOOM&quot;:&quot;Alternar n\\u00edvel de zoom&quot;,&quot;TOGGLE_THUMBS&quot;:&quot;Alternar miniaturas&quot;,&quot;TOGGLE_SLIDESHOW&quot;:&quot;Alternar exibi\\u00e7\\u00e3o de slides&quot;,&quot;TOGGLE_FULLSCREEN&quot;:&quot;Alternar modo de tela cheia&quot;},&quot;Images&quot;:{&quot;Panzoom&quot;:{&quot;maxScale&quot;:2}},&quot;mainClass&quot;:&quot;modula-fancybox-container modula-lightbox-jtg-2383&quot;,&quot;Html&quot;:{&quot;videoAutoplay&quot;:0,&quot;videoTpl&quot;:&quot;&lt;video class=\\&quot;fancybox__html5video\\&quot; controls muted playsinline controlsList controlsList=\\&quot;nodownload\\&quot; poster=\\&quot;{{poster}}\\&quot; src=\\&quot;{{src}}\\&quot; type=\\&quot;{{format}}\\&quot; &gt;  Sorry, your browser doesn&#039;t support embedded videos, &lt;a href=\\&quot;{{src}}\\&quot;&gt; download &lt;\\\/a&gt; and watch with your favorite video player! &lt;\\\/video&gt;&quot;}},&quot;inView&quot;:true,&quot;email_subject&quot;:&quot;Check out this awesome image !!&quot;,&quot;email_message&quot;:&quot;Here is the link to the image : %%image_link%% and this is the link to the gallery : %%gallery_link%%&quot;,&quot;grid_type&quot;:&quot;4&quot;,&quot;rowHeight&quot;:0,&quot;lastRow&quot;:&quot;&quot;,&quot;lightbox&quot;:&quot;fancybox&quot;}\">\n\n\t<div class=\"modula-grid-sizer\"> <\/div>\n\t<div  class=\"modula-items grid-gallery\">\n\t\t<div class=\"modula-item\" >\n\t<div class=\"modula-item-content\">\n\t\t\n\t\t\t\t\t<a data-image-id=\"2385\" role=\"button\" tabindex=\"0\" rel=\"jtg-2383\" data-caption=\"Apari\u00e7\u00f5es2013\" aria-label=\"Abrir imagem no lightbox\" class=\"tile-inner modula-item-link\"><\/a>\n\t\t\n\t\t<img loading=\"lazy\" decoding=\"async\" class=\"pic wp-image-2385\"  data-valign=\"middle\" data-halign=\"center\" alt=\"\" data-full=\"https:\/\/eosaciurbano.art.br\/eo\/wp-content\/uploads\/2023\/01\/S.U.2013M.SP_a.jpg\" title=\"Apari\u00e7\u00f5es2013\" width=\"509\" height=\"720\" src=\"https:\/\/eosaciurbano.art.br\/eo\/wp-content\/uploads\/2023\/01\/S.U.2013M.SP_a.jpg\" data-src=\"https:\/\/eosaciurbano.art.br\/eo\/wp-content\/uploads\/2023\/01\/S.U.2013M.SP_a.jpg\" data-caption=\"Apari\u00e7\u00f5es2013\" srcset=\"https:\/\/eosaciurbano.art.br\/eo\/wp-content\/uploads\/2023\/01\/S.U.2013M.SP_a.jpg 509w, https:\/\/eosaciurbano.art.br\/eo\/wp-content\/uploads\/2023\/01\/S.U.2013M.SP_a-212x300.jpg 212w\" sizes=\"auto, (max-width: 509px) 100vw, 509px\" \/>\n\t<\/div>\n\n<\/div><div class=\"modula-item\" >\n\t<div class=\"modula-item-content\">\n\t\t\n\t\t\t\t\t<a data-image-id=\"2386\" role=\"button\" tabindex=\"0\" rel=\"jtg-2383\" data-caption=\"Apari\u00e7\u00f5es2013\" aria-label=\"Abrir imagem no lightbox\" class=\"tile-inner modula-item-link\"><\/a>\n\t\t\n\t\t<img loading=\"lazy\" decoding=\"async\" class=\"pic wp-image-2386\"  data-valign=\"middle\" data-halign=\"center\" alt=\"\" data-full=\"https:\/\/eosaciurbano.art.br\/eo\/wp-content\/uploads\/2023\/01\/S.U.2013M.SP_b.jpg\" title=\"Apari\u00e7\u00f5es2013\" width=\"438\" height=\"720\" src=\"https:\/\/eosaciurbano.art.br\/eo\/wp-content\/uploads\/2023\/01\/S.U.2013M.SP_b.jpg\" data-src=\"https:\/\/eosaciurbano.art.br\/eo\/wp-content\/uploads\/2023\/01\/S.U.2013M.SP_b.jpg\" data-caption=\"Apari\u00e7\u00f5es2013\" srcset=\"https:\/\/eosaciurbano.art.br\/eo\/wp-content\/uploads\/2023\/01\/S.U.2013M.SP_b.jpg 438w, https:\/\/eosaciurbano.art.br\/eo\/wp-content\/uploads\/2023\/01\/S.U.2013M.SP_b-183x300.jpg 183w\" sizes=\"auto, (max-width: 438px) 100vw, 438px\" \/>\n\t<\/div>\n\n<\/div><div class=\"modula-item\" >\n\t<div class=\"modula-item-content\">\n\t\t\n\t\t\t\t\t<a data-image-id=\"2387\" role=\"button\" tabindex=\"0\" rel=\"jtg-2383\" data-caption=\"Apari\u00e7\u00f5es2013\" aria-label=\"Abrir imagem no lightbox\" class=\"tile-inner modula-item-link\"><\/a>\n\t\t\n\t\t<img loading=\"lazy\" decoding=\"async\" class=\"pic wp-image-2387\"  data-valign=\"middle\" data-halign=\"center\" alt=\"\" data-full=\"https:\/\/eosaciurbano.art.br\/eo\/wp-content\/uploads\/2023\/01\/S.U.2013SBC-TB_a.jpg\" title=\"Apari\u00e7\u00f5es2013\" width=\"491\" height=\"686\" src=\"https:\/\/eosaciurbano.art.br\/eo\/wp-content\/uploads\/2023\/01\/S.U.2013SBC-TB_a.jpg\" data-src=\"https:\/\/eosaciurbano.art.br\/eo\/wp-content\/uploads\/2023\/01\/S.U.2013SBC-TB_a.jpg\" data-caption=\"Apari\u00e7\u00f5es2013\" srcset=\"https:\/\/eosaciurbano.art.br\/eo\/wp-content\/uploads\/2023\/01\/S.U.2013SBC-TB_a.jpg 491w, https:\/\/eosaciurbano.art.br\/eo\/wp-content\/uploads\/2023\/01\/S.U.2013SBC-TB_a-215x300.jpg 215w\" sizes=\"auto, (max-width: 491px) 100vw, 491px\" \/>\n\t<\/div>\n\n<\/div><div class=\"modula-item\" >\n\t<div class=\"modula-item-content\">\n\t\t\n\t\t\t\t\t<a data-image-id=\"2388\" role=\"button\" tabindex=\"0\" rel=\"jtg-2383\" data-caption=\"\" aria-label=\"Abrir imagem no lightbox\" class=\"tile-inner modula-item-link\"><\/a>\n\t\t\n\t\t<img loading=\"lazy\" decoding=\"async\" class=\"pic wp-image-2388\"  data-valign=\"middle\" data-halign=\"center\" alt=\"\" data-full=\"https:\/\/eosaciurbano.art.br\/eo\/wp-content\/uploads\/2023\/01\/S.U.2013SCS.jpg\" title=\"S.U.2013SCS\" width=\"960\" height=\"613\" src=\"https:\/\/eosaciurbano.art.br\/eo\/wp-content\/uploads\/2023\/01\/S.U.2013SCS.jpg\" data-src=\"https:\/\/eosaciurbano.art.br\/eo\/wp-content\/uploads\/2023\/01\/S.U.2013SCS.jpg\" data-caption=\"\" srcset=\"https:\/\/eosaciurbano.art.br\/eo\/wp-content\/uploads\/2023\/01\/S.U.2013SCS.jpg 960w, https:\/\/eosaciurbano.art.br\/eo\/wp-content\/uploads\/2023\/01\/S.U.2013SCS-300x192.jpg 300w, https:\/\/eosaciurbano.art.br\/eo\/wp-content\/uploads\/2023\/01\/S.U.2013SCS-768x490.jpg 768w\" sizes=\"auto, (max-width: 960px) 100vw, 960px\" \/>\n\t<\/div>\n\n<\/div><div class=\"modula-item\" >\n\t<div class=\"modula-item-content\">\n\t\t\n\t\t\t\t\t<a data-image-id=\"2389\" role=\"button\" tabindex=\"0\" rel=\"jtg-2383\" data-caption=\"\" aria-label=\"Abrir imagem no lightbox\" class=\"tile-inner modula-item-link\"><\/a>\n\t\t\n\t\t<img loading=\"lazy\" decoding=\"async\" class=\"pic wp-image-2389\"  data-valign=\"middle\" data-halign=\"center\" alt=\"\" data-full=\"https:\/\/eosaciurbano.art.br\/eo\/wp-content\/uploads\/2023\/01\/S.U.2013SCS-CNT.jpg\" title=\"S.U.2013SCS-CNT\" width=\"960\" height=\"686\" src=\"https:\/\/eosaciurbano.art.br\/eo\/wp-content\/uploads\/2023\/01\/S.U.2013SCS-CNT.jpg\" data-src=\"https:\/\/eosaciurbano.art.br\/eo\/wp-content\/uploads\/2023\/01\/S.U.2013SCS-CNT.jpg\" data-caption=\"\" srcset=\"https:\/\/eosaciurbano.art.br\/eo\/wp-content\/uploads\/2023\/01\/S.U.2013SCS-CNT.jpg 960w, https:\/\/eosaciurbano.art.br\/eo\/wp-content\/uploads\/2023\/01\/S.U.2013SCS-CNT-300x214.jpg 300w, https:\/\/eosaciurbano.art.br\/eo\/wp-content\/uploads\/2023\/01\/S.U.2013SCS-CNT-768x549.jpg 768w\" sizes=\"auto, (max-width: 960px) 100vw, 960px\" \/>\n\t<\/div>\n\n<\/div><div class=\"modula-item\" >\n\t<div class=\"modula-item-content\">\n\t\t\n\t\t\t\t\t<a data-image-id=\"2390\" role=\"button\" tabindex=\"0\" rel=\"jtg-2383\" data-caption=\"APARI\u00c7\u00d5ES 2013\" aria-label=\"Abrir imagem no lightbox\" class=\"tile-inner modula-item-link\"><\/a>\n\t\t\n\t\t<img loading=\"lazy\" decoding=\"async\" class=\"pic wp-image-2390\"  data-valign=\"middle\" data-halign=\"center\" alt=\"\" data-full=\"https:\/\/eosaciurbano.art.br\/eo\/wp-content\/uploads\/2023\/01\/S.U.2013SP-23M.jpg\" title=\"S.U.2013SP-23M\" width=\"960\" height=\"584\" src=\"https:\/\/eosaciurbano.art.br\/eo\/wp-content\/uploads\/2023\/01\/S.U.2013SP-23M.jpg\" data-src=\"https:\/\/eosaciurbano.art.br\/eo\/wp-content\/uploads\/2023\/01\/S.U.2013SP-23M.jpg\" data-caption=\"APARI\u00c7\u00d5ES 2013\" srcset=\"https:\/\/eosaciurbano.art.br\/eo\/wp-content\/uploads\/2023\/01\/S.U.2013SP-23M.jpg 960w, https:\/\/eosaciurbano.art.br\/eo\/wp-content\/uploads\/2023\/01\/S.U.2013SP-23M-300x183.jpg 300w, https:\/\/eosaciurbano.art.br\/eo\/wp-content\/uploads\/2023\/01\/S.U.2013SP-23M-768x467.jpg 768w\" sizes=\"auto, (max-width: 960px) 100vw, 960px\" \/>\n\t<\/div>\n\n<\/div><div class=\"modula-item\" >\n\t<div class=\"modula-item-content\">\n\t\t\n\t\t\t\t\t<a data-image-id=\"2391\" role=\"button\" tabindex=\"0\" rel=\"jtg-2383\" data-caption=\"\" aria-label=\"Abrir imagem no lightbox\" class=\"tile-inner modula-item-link\"><\/a>\n\t\t\n\t\t<img loading=\"lazy\" decoding=\"async\" class=\"pic wp-image-2391\"  data-valign=\"middle\" data-halign=\"center\" alt=\"\" data-full=\"https:\/\/eosaciurbano.art.br\/eo\/wp-content\/uploads\/2023\/01\/S.U.2013SP-BND.pg_.jpg\" title=\"S.U.2013SP-BND.pg\" width=\"960\" height=\"672\" src=\"https:\/\/eosaciurbano.art.br\/eo\/wp-content\/uploads\/2023\/01\/S.U.2013SP-BND.pg_.jpg\" data-src=\"https:\/\/eosaciurbano.art.br\/eo\/wp-content\/uploads\/2023\/01\/S.U.2013SP-BND.pg_.jpg\" data-caption=\"\" srcset=\"https:\/\/eosaciurbano.art.br\/eo\/wp-content\/uploads\/2023\/01\/S.U.2013SP-BND.pg_.jpg 960w, https:\/\/eosaciurbano.art.br\/eo\/wp-content\/uploads\/2023\/01\/S.U.2013SP-BND.pg_-300x210.jpg 300w, https:\/\/eosaciurbano.art.br\/eo\/wp-content\/uploads\/2023\/01\/S.U.2013SP-BND.pg_-768x538.jpg 768w\" sizes=\"auto, (max-width: 960px) 100vw, 960px\" \/>\n\t<\/div>\n\n<\/div><div class=\"modula-item\" >\n\t<div class=\"modula-item-content\">\n\t\t\n\t\t\t\t\t<a data-image-id=\"2392\" role=\"button\" tabindex=\"0\" rel=\"jtg-2383\" data-caption=\"\" aria-label=\"Abrir imagem no lightbox\" class=\"tile-inner modula-item-link\"><\/a>\n\t\t\n\t\t<img loading=\"lazy\" decoding=\"async\" class=\"pic wp-image-2392\"  data-valign=\"middle\" data-halign=\"center\" alt=\"\" data-full=\"https:\/\/eosaciurbano.art.br\/eo\/wp-content\/uploads\/2023\/01\/S.U.2013SP-CNT.jpg\" title=\"S.U.2013SP-CNT\" width=\"960\" height=\"640\" src=\"https:\/\/eosaciurbano.art.br\/eo\/wp-content\/uploads\/2023\/01\/S.U.2013SP-CNT.jpg\" data-src=\"https:\/\/eosaciurbano.art.br\/eo\/wp-content\/uploads\/2023\/01\/S.U.2013SP-CNT.jpg\" data-caption=\"\" srcset=\"https:\/\/eosaciurbano.art.br\/eo\/wp-content\/uploads\/2023\/01\/S.U.2013SP-CNT.jpg 960w, https:\/\/eosaciurbano.art.br\/eo\/wp-content\/uploads\/2023\/01\/S.U.2013SP-CNT-300x200.jpg 300w, https:\/\/eosaciurbano.art.br\/eo\/wp-content\/uploads\/2023\/01\/S.U.2013SP-CNT-768x512.jpg 768w\" sizes=\"auto, (max-width: 960px) 100vw, 960px\" \/>\n\t<\/div>\n\n<\/div><div class=\"modula-item\" >\n\t<div class=\"modula-item-content\">\n\t\t\n\t\t\t\t\t<a data-image-id=\"2393\" role=\"button\" tabindex=\"0\" rel=\"jtg-2383\" data-caption=\"\" aria-label=\"Abrir imagem no lightbox\" class=\"tile-inner modula-item-link\"><\/a>\n\t\t\n\t\t<img loading=\"lazy\" decoding=\"async\" class=\"pic wp-image-2393\"  data-valign=\"middle\" data-halign=\"center\" alt=\"\" data-full=\"https:\/\/eosaciurbano.art.br\/eo\/wp-content\/uploads\/2023\/01\/S.U.2013SP-MCC.jpg\" title=\"S.U.2013SP-MCC\" width=\"960\" height=\"686\" src=\"https:\/\/eosaciurbano.art.br\/eo\/wp-content\/uploads\/2023\/01\/S.U.2013SP-MCC.jpg\" data-src=\"https:\/\/eosaciurbano.art.br\/eo\/wp-content\/uploads\/2023\/01\/S.U.2013SP-MCC.jpg\" data-caption=\"\" srcset=\"https:\/\/eosaciurbano.art.br\/eo\/wp-content\/uploads\/2023\/01\/S.U.2013SP-MCC.jpg 960w, https:\/\/eosaciurbano.art.br\/eo\/wp-content\/uploads\/2023\/01\/S.U.2013SP-MCC-300x214.jpg 300w, https:\/\/eosaciurbano.art.br\/eo\/wp-content\/uploads\/2023\/01\/S.U.2013SP-MCC-768x549.jpg 768w\" sizes=\"auto, (max-width: 960px) 100vw, 960px\" \/>\n\t<\/div>\n\n<\/div><div class=\"modula-item\" >\n\t<div class=\"modula-item-content\">\n\t\t\n\t\t\t\t\t<a data-image-id=\"2394\" role=\"button\" tabindex=\"0\" rel=\"jtg-2383\" data-caption=\"\" aria-label=\"Abrir imagem no lightbox\" class=\"tile-inner modula-item-link\"><\/a>\n\t\t\n\t\t<img loading=\"lazy\" decoding=\"async\" class=\"pic wp-image-2394\"  data-valign=\"middle\" data-halign=\"center\" alt=\"\" data-full=\"https:\/\/eosaciurbano.art.br\/eo\/wp-content\/uploads\/2023\/01\/S.U.2013STOAND.jpg\" title=\"S.U.2013STOAND\" width=\"960\" height=\"686\" src=\"https:\/\/eosaciurbano.art.br\/eo\/wp-content\/uploads\/2023\/01\/S.U.2013STOAND.jpg\" data-src=\"https:\/\/eosaciurbano.art.br\/eo\/wp-content\/uploads\/2023\/01\/S.U.2013STOAND.jpg\" data-caption=\"\" srcset=\"https:\/\/eosaciurbano.art.br\/eo\/wp-content\/uploads\/2023\/01\/S.U.2013STOAND.jpg 960w, https:\/\/eosaciurbano.art.br\/eo\/wp-content\/uploads\/2023\/01\/S.U.2013STOAND-300x214.jpg 300w, https:\/\/eosaciurbano.art.br\/eo\/wp-content\/uploads\/2023\/01\/S.U.2013STOAND-768x549.jpg 768w\" sizes=\"auto, (max-width: 960px) 100vw, 960px\" \/>\n\t<\/div>\n\n<\/div><div class=\"modula-item\" >\n\t<div class=\"modula-item-content\">\n\t\t\n\t\t\t\t\t<a data-image-id=\"2395\" role=\"button\" tabindex=\"0\" rel=\"jtg-2383\" data-caption=\"\" aria-label=\"Abrir imagem no lightbox\" class=\"tile-inner modula-item-link\"><\/a>\n\t\t\n\t\t<img loading=\"lazy\" decoding=\"async\" class=\"pic wp-image-2395\"  data-valign=\"middle\" data-halign=\"center\" alt=\"\" data-full=\"https:\/\/eosaciurbano.art.br\/eo\/wp-content\/uploads\/2023\/01\/S.U.2013STOAND-LST.jpg\" title=\"S.U.2013STOAND-LST\" width=\"960\" height=\"686\" src=\"https:\/\/eosaciurbano.art.br\/eo\/wp-content\/uploads\/2023\/01\/S.U.2013STOAND-LST.jpg\" data-src=\"https:\/\/eosaciurbano.art.br\/eo\/wp-content\/uploads\/2023\/01\/S.U.2013STOAND-LST.jpg\" data-caption=\"\" srcset=\"https:\/\/eosaciurbano.art.br\/eo\/wp-content\/uploads\/2023\/01\/S.U.2013STOAND-LST.jpg 960w, https:\/\/eosaciurbano.art.br\/eo\/wp-content\/uploads\/2023\/01\/S.U.2013STOAND-LST-300x214.jpg 300w, https:\/\/eosaciurbano.art.br\/eo\/wp-content\/uploads\/2023\/01\/S.U.2013STOAND-LST-768x549.jpg 768w\" sizes=\"auto, (max-width: 960px) 100vw, 960px\" \/>\n\t<\/div>\n\n<\/div><div class=\"modula-item\" >\n\t<div class=\"modula-item-content\">\n\t\t\n\t\t\t\t\t<a data-image-id=\"2396\" role=\"button\" tabindex=\"0\" rel=\"jtg-2383\" data-caption=\"\" aria-label=\"Abrir imagem no lightbox\" class=\"tile-inner modula-item-link\"><\/a>\n\t\t\n\t\t<img loading=\"lazy\" decoding=\"async\" class=\"pic wp-image-2396\"  data-valign=\"middle\" data-halign=\"center\" alt=\"\" data-full=\"https:\/\/eosaciurbano.art.br\/eo\/wp-content\/uploads\/2023\/01\/S.U.2013STOAND-PRL.jpg\" title=\"S.U.2013STOAND-PRL\" width=\"960\" height=\"709\" src=\"https:\/\/eosaciurbano.art.br\/eo\/wp-content\/uploads\/2023\/01\/S.U.2013STOAND-PRL.jpg\" data-src=\"https:\/\/eosaciurbano.art.br\/eo\/wp-content\/uploads\/2023\/01\/S.U.2013STOAND-PRL.jpg\" data-caption=\"\" srcset=\"https:\/\/eosaciurbano.art.br\/eo\/wp-content\/uploads\/2023\/01\/S.U.2013STOAND-PRL.jpg 960w, https:\/\/eosaciurbano.art.br\/eo\/wp-content\/uploads\/2023\/01\/S.U.2013STOAND-PRL-300x222.jpg 300w, https:\/\/eosaciurbano.art.br\/eo\/wp-content\/uploads\/2023\/01\/S.U.2013STOAND-PRL-768x567.jpg 768w\" sizes=\"auto, (max-width: 960px) 100vw, 960px\" \/>\n\t<\/div>\n\n<\/div>\t\t\n\t<\/div>\n\n\t\n\t\n\t<script type=\"application\/ld+json\">\n\t{\n\t\t\"@context\": \"http:\/\/schema.org\",\n\t\t\"@type\"   : \"ImageGallery\",\n\t\t\"id\"      : \"https:\/\/eosaciurbano.art.br\/eo\/2013-2\/\",\n\t\t\"url\"     : \"https:\/\/eosaciurbano.art.br\/eo\/2013-2\/\"\n\t}\n\n\t<\/script>\n\n\t\n<\/div>\n\n","protected":false},"excerpt":{"rendered":"<p>Reposit\u00f3rio de imagens com galerias de registros das apari\u00e7\u00f5es\/interven\u00e7\u00f5es do Saci Urbano. Ano 2013.<\/p>\n","protected":false},"author":1,"featured_media":0,"parent":0,"menu_order":0,"comment_status":"closed","ping_status":"closed","template":"","meta":{"_themeisle_gutenberg_block_has_review":false,"footnotes":""},"class_list":["post-2523","page","type-page","status-publish","hentry"],"_links":{"self":[{"href":"https:\/\/eosaciurbano.art.br\/eo\/wp-json\/wp\/v2\/pages\/2523","targetHints":{"allow":["GET"]}}],"collection":[{"href":"https:\/\/eosaciurbano.art.br\/eo\/wp-json\/wp\/v2\/pages"}],"about":[{"href":"https:\/\/eosaciurbano.art.br\/eo\/wp-json\/wp\/v2\/types\/page"}],"author":[{"embeddable":true,"href":"https:\/\/eosaciurbano.art.br\/eo\/wp-json\/wp\/v2\/users\/1"}],"replies":[{"embeddable":true,"href":"https:\/\/eosaciurbano.art.br\/eo\/wp-json\/wp\/v2\/comments?post=2523"}],"version-history":[{"count":1,"href":"https:\/\/eosaciurbano.art.br\/eo\/wp-json\/wp\/v2\/pages\/2523\/revisions"}],"predecessor-version":[{"id":2524,"href":"https:\/\/eosaciurbano.art.br\/eo\/wp-json\/wp\/v2\/pages\/2523\/revisions\/2524"}],"wp:attachment":[{"href":"https:\/\/eosaciurbano.art.br\/eo\/wp-json\/wp\/v2\/media?parent=2523"}],"curies":[{"name":"wp","href":"https:\/\/api.w.org\/{rel}","templated":true}]}}