{"id":2533,"date":"2023-01-22T15:25:57","date_gmt":"2023-01-22T15:25:57","guid":{"rendered":"http:\/\/eosaciurbano.art.br\/eo\/?page_id=2533"},"modified":"2023-01-22T15:27:10","modified_gmt":"2023-01-22T15:27:10","slug":"2017-2","status":"publish","type":"page","link":"https:\/\/eosaciurbano.art.br\/eo\/2017-2\/","title":{"rendered":"2017"},"content":{"rendered":"\n<p>Reposit\u00f3rio de imagens com galerias de registros das apari\u00e7\u00f5es\/interven\u00e7\u00f5es do Saci Urbano. Ano 2017.<\/p>\n\n\n\n<h2 id=\"wp-block-themeisle-blocks-advanced-heading-4a367d64\" class=\"wp-block-themeisle-blocks-advanced-heading wp-block-themeisle-blocks-advanced-heading-4a367d64 o-typing-faster\"><o-anim-typing>APARI\u00c7\u00d5ES 2017<\/o-anim-typing><\/h2>\n\n\n<div  id=\"jtg-2444\" class=\"modula modula-gallery modula-columns\" data-config=\"{&quot;tabletHeight&quot;:0,&quot;mobileHeight&quot;:0,&quot;desktopHeight&quot;:0,&quot;enableTwitter&quot;:false,&quot;enableWhatsapp&quot;:false,&quot;enableFacebook&quot;:false,&quot;enablePinterest&quot;:false,&quot;enableLinkedin&quot;:false,&quot;enableEmail&quot;:false,&quot;randomFactor&quot;:0,&quot;type&quot;:&quot;grid&quot;,&quot;columns&quot;:12,&quot;gutter&quot;:10,&quot;mobileGutter&quot;:10,&quot;tabletGutter&quot;:10,&quot;desktopGutter&quot;:10,&quot;enableResponsive&quot;:&quot;1&quot;,&quot;tabletColumns&quot;:&quot;2&quot;,&quot;mobileColumns&quot;:&quot;1&quot;,&quot;lazyLoad&quot;:0,&quot;lightboxOpts&quot;:{&quot;animated&quot;:true,&quot;Thumbs&quot;:{&quot;type&quot;:&quot;modern&quot;,&quot;showOnStart&quot;:false},&quot;Toolbar&quot;:{&quot;display&quot;:{&quot;right&quot;:[&quot;close&quot;]},&quot;enabled&quot;:true},&quot;Carousel&quot;:{&quot;Panzoom&quot;:{&quot;touch&quot;:true},&quot;infinite&quot;:false},&quot;keyboard&quot;:{&quot;Escape&quot;:&quot;close&quot;,&quot;Delete&quot;:&quot;close&quot;,&quot;Backspace&quot;:&quot;close&quot;,&quot;PageUp&quot;:false,&quot;PageDown&quot;:false,&quot;ArrowUp&quot;:false,&quot;ArrowDown&quot;:false,&quot;ArrowRight&quot;:false,&quot;ArrowLeft&quot;:false},&quot;touch&quot;:false,&quot;backdropClick&quot;:false,&quot;l10n&quot;:{&quot;CLOSE&quot;:&quot;Fechar&quot;,&quot;NEXT&quot;:&quot;Pr\\u00f3ximo&quot;,&quot;PREV&quot;:&quot;Anterior&quot;,&quot;Error&quot;:&quot;N\\u00e3o foi poss\\u00edvel carregar o conte\\u00fado solicitado. Tente novamente mais tarde.&quot;,&quot;PLAY_START&quot;:&quot;Iniciar apresenta\\u00e7\\u00e3o de slides&quot;,&quot;PLAY_STOP&quot;:&quot;Pausar apresenta\\u00e7\\u00e3o de slides&quot;,&quot;FULL_SCREEN&quot;:&quot;Tela cheia&quot;,&quot;THUMBS&quot;:&quot;Miniaturas&quot;,&quot;DOWNLOAD&quot;:&quot;Baixar&quot;,&quot;SHARE&quot;:&quot;Compartilhar&quot;,&quot;ZOOM&quot;:&quot;Ampliar&quot;,&quot;EMAIL&quot;:&quot;Here is the link to the image : %%image_link%% and this is the link to the gallery : %%gallery_link%%&quot;,&quot;MODAL&quot;:&quot;Voc\\u00ea pode dispensar este conte\\u00fado com a tecla ESC&quot;,&quot;ERROR&quot;:&quot;Algo deu errado, tente novamente mais tarde&quot;,&quot;IMAGE_ERROR&quot;:&quot;Imagem n\\u00e3o encontrada&quot;,&quot;ELEMENT_NOT_FOUND&quot;:&quot;Elemento HTML n\\u00e3o encontrado&quot;,&quot;AJAX_NOT_FOUND&quot;:&quot;Erro ao carregar AJAX: N\\u00e3o encontrado&quot;,&quot;AJAX_FORBIDDEN&quot;:&quot;Erro ao carregar AJAX: N\\u00e3o autorizado&quot;,&quot;IFRAME_ERROR&quot;:&quot;Erro ao carregar a p\\u00e1gina&quot;,&quot;TOGGLE_ZOOM&quot;:&quot;Alternar n\\u00edvel de zoom&quot;,&quot;TOGGLE_THUMBS&quot;:&quot;Alternar miniaturas&quot;,&quot;TOGGLE_SLIDESHOW&quot;:&quot;Alternar exibi\\u00e7\\u00e3o de slides&quot;,&quot;TOGGLE_FULLSCREEN&quot;:&quot;Alternar modo de tela cheia&quot;},&quot;Images&quot;:{&quot;Panzoom&quot;:{&quot;maxScale&quot;:2}},&quot;mainClass&quot;:&quot;modula-fancybox-container modula-lightbox-jtg-2444&quot;,&quot;Html&quot;:{&quot;videoAutoplay&quot;:0,&quot;videoTpl&quot;:&quot;&lt;video class=\\&quot;fancybox__html5video\\&quot; controls muted playsinline controlsList controlsList=\\&quot;nodownload\\&quot; poster=\\&quot;{{poster}}\\&quot; src=\\&quot;{{src}}\\&quot; type=\\&quot;{{format}}\\&quot; &gt;  Sorry, your browser doesn&#039;t support embedded videos, &lt;a href=\\&quot;{{src}}\\&quot;&gt; download &lt;\\\/a&gt; and watch with your favorite video player! &lt;\\\/video&gt;&quot;}},&quot;inView&quot;:true,&quot;email_subject&quot;:&quot;Check out this awesome image !!&quot;,&quot;email_message&quot;:&quot;Here is the link to the image : %%image_link%% and this is the link to the gallery : %%gallery_link%%&quot;,&quot;grid_type&quot;:&quot;4&quot;,&quot;rowHeight&quot;:0,&quot;lastRow&quot;:&quot;&quot;,&quot;lightbox&quot;:&quot;fancybox&quot;}\">\n\n\t<div class=\"modula-grid-sizer\"> <\/div>\n\t<div  class=\"modula-items grid-gallery\">\n\t\t<div class=\"modula-item\" >\n\t<div class=\"modula-item-content\">\n\t\t\n\t\t\t\t\t<a data-image-id=\"2446\" role=\"button\" tabindex=\"0\" rel=\"jtg-2444\" data-caption=\"\" aria-label=\"Abrir imagem no lightbox\" class=\"tile-inner modula-item-link\"><\/a>\n\t\t\n\t\t<img loading=\"lazy\" decoding=\"async\" class=\"pic wp-image-2446\"  data-valign=\"middle\" data-halign=\"center\" alt=\"\" data-full=\"https:\/\/eosaciurbano.art.br\/eo\/wp-content\/uploads\/2023\/01\/Icas_10.jpg\" title=\"Icas_10\" width=\"575\" height=\"1024\" src=\"https:\/\/eosaciurbano.art.br\/eo\/wp-content\/uploads\/2023\/01\/Icas_10-575x1024.jpg\" data-src=\"https:\/\/eosaciurbano.art.br\/eo\/wp-content\/uploads\/2023\/01\/Icas_10-575x1024.jpg\" data-caption=\"\" srcset=\"https:\/\/eosaciurbano.art.br\/eo\/wp-content\/uploads\/2023\/01\/Icas_10.jpg 719w, https:\/\/eosaciurbano.art.br\/eo\/wp-content\/uploads\/2023\/01\/Icas_10-169x300.jpg 169w, https:\/\/eosaciurbano.art.br\/eo\/wp-content\/uploads\/2023\/01\/Icas_10-575x1024.jpg 575w\" sizes=\"auto, (max-width: 575px) 100vw, 575px\" \/>\n\t<\/div>\n\n<\/div><div class=\"modula-item\" >\n\t<div class=\"modula-item-content\">\n\t\t\n\t\t\t\t\t<a data-image-id=\"2447\" role=\"button\" tabindex=\"0\" rel=\"jtg-2444\" data-caption=\"\" aria-label=\"Abrir imagem no lightbox\" class=\"tile-inner modula-item-link\"><\/a>\n\t\t\n\t\t<img loading=\"lazy\" decoding=\"async\" class=\"pic wp-image-2447\"  data-valign=\"middle\" data-halign=\"center\" alt=\"\" data-full=\"https:\/\/eosaciurbano.art.br\/eo\/wp-content\/uploads\/2023\/01\/Icas_11.jpg\" title=\"Icas_11\" width=\"575\" height=\"1024\" src=\"https:\/\/eosaciurbano.art.br\/eo\/wp-content\/uploads\/2023\/01\/Icas_11-575x1024.jpg\" data-src=\"https:\/\/eosaciurbano.art.br\/eo\/wp-content\/uploads\/2023\/01\/Icas_11-575x1024.jpg\" data-caption=\"\" srcset=\"https:\/\/eosaciurbano.art.br\/eo\/wp-content\/uploads\/2023\/01\/Icas_11.jpg 719w, https:\/\/eosaciurbano.art.br\/eo\/wp-content\/uploads\/2023\/01\/Icas_11-169x300.jpg 169w, https:\/\/eosaciurbano.art.br\/eo\/wp-content\/uploads\/2023\/01\/Icas_11-575x1024.jpg 575w\" sizes=\"auto, (max-width: 575px) 100vw, 575px\" \/>\n\t<\/div>\n\n<\/div><div class=\"modula-item\" >\n\t<div class=\"modula-item-content\">\n\t\t\n\t\t\t\t\t<a data-image-id=\"2448\" role=\"button\" tabindex=\"0\" rel=\"jtg-2444\" data-caption=\"\" aria-label=\"Abrir imagem no lightbox\" class=\"tile-inner modula-item-link\"><\/a>\n\t\t\n\t\t<img loading=\"lazy\" decoding=\"async\" class=\"pic wp-image-2448\"  data-valign=\"middle\" data-halign=\"center\" alt=\"\" data-full=\"https:\/\/eosaciurbano.art.br\/eo\/wp-content\/uploads\/2023\/01\/Icas_12.jpg\" title=\"Icas_12\" width=\"1024\" height=\"682\" src=\"https:\/\/eosaciurbano.art.br\/eo\/wp-content\/uploads\/2023\/01\/Icas_12-1024x682.jpg\" data-src=\"https:\/\/eosaciurbano.art.br\/eo\/wp-content\/uploads\/2023\/01\/Icas_12-1024x682.jpg\" data-caption=\"\" srcset=\"https:\/\/eosaciurbano.art.br\/eo\/wp-content\/uploads\/2023\/01\/Icas_12.jpg 1280w, https:\/\/eosaciurbano.art.br\/eo\/wp-content\/uploads\/2023\/01\/Icas_12-300x200.jpg 300w, https:\/\/eosaciurbano.art.br\/eo\/wp-content\/uploads\/2023\/01\/Icas_12-1024x682.jpg 1024w, https:\/\/eosaciurbano.art.br\/eo\/wp-content\/uploads\/2023\/01\/Icas_12-768x512.jpg 768w\" sizes=\"auto, (max-width: 1024px) 100vw, 1024px\" \/>\n\t<\/div>\n\n<\/div><div class=\"modula-item\" >\n\t<div class=\"modula-item-content\">\n\t\t\n\t\t\t\t\t<a data-image-id=\"2449\" role=\"button\" tabindex=\"0\" rel=\"jtg-2444\" data-caption=\"\" aria-label=\"Abrir imagem no lightbox\" class=\"tile-inner modula-item-link\"><\/a>\n\t\t\n\t\t<img loading=\"lazy\" decoding=\"async\" class=\"pic wp-image-2449\"  data-valign=\"middle\" data-halign=\"center\" alt=\"\" data-full=\"https:\/\/eosaciurbano.art.br\/eo\/wp-content\/uploads\/2023\/01\/Icas_13.jpg\" title=\"Icas_13\" width=\"1024\" height=\"682\" src=\"https:\/\/eosaciurbano.art.br\/eo\/wp-content\/uploads\/2023\/01\/Icas_13-1024x682.jpg\" data-src=\"https:\/\/eosaciurbano.art.br\/eo\/wp-content\/uploads\/2023\/01\/Icas_13-1024x682.jpg\" data-caption=\"\" srcset=\"https:\/\/eosaciurbano.art.br\/eo\/wp-content\/uploads\/2023\/01\/Icas_13.jpg 1280w, https:\/\/eosaciurbano.art.br\/eo\/wp-content\/uploads\/2023\/01\/Icas_13-300x200.jpg 300w, https:\/\/eosaciurbano.art.br\/eo\/wp-content\/uploads\/2023\/01\/Icas_13-1024x682.jpg 1024w, https:\/\/eosaciurbano.art.br\/eo\/wp-content\/uploads\/2023\/01\/Icas_13-768x512.jpg 768w\" sizes=\"auto, (max-width: 1024px) 100vw, 1024px\" \/>\n\t<\/div>\n\n<\/div><div class=\"modula-item\" >\n\t<div class=\"modula-item-content\">\n\t\t\n\t\t\t\t\t<a data-image-id=\"2450\" role=\"button\" tabindex=\"0\" rel=\"jtg-2444\" data-caption=\"\" aria-label=\"Abrir imagem no lightbox\" class=\"tile-inner modula-item-link\"><\/a>\n\t\t\n\t\t<img loading=\"lazy\" decoding=\"async\" class=\"pic wp-image-2450\"  data-valign=\"middle\" data-halign=\"center\" alt=\"\" data-full=\"https:\/\/eosaciurbano.art.br\/eo\/wp-content\/uploads\/2023\/01\/Icas_14.jpg\" title=\"Icas_14\" width=\"1024\" height=\"682\" src=\"https:\/\/eosaciurbano.art.br\/eo\/wp-content\/uploads\/2023\/01\/Icas_14-1024x682.jpg\" data-src=\"https:\/\/eosaciurbano.art.br\/eo\/wp-content\/uploads\/2023\/01\/Icas_14-1024x682.jpg\" data-caption=\"\" srcset=\"https:\/\/eosaciurbano.art.br\/eo\/wp-content\/uploads\/2023\/01\/Icas_14.jpg 1280w, https:\/\/eosaciurbano.art.br\/eo\/wp-content\/uploads\/2023\/01\/Icas_14-300x200.jpg 300w, https:\/\/eosaciurbano.art.br\/eo\/wp-content\/uploads\/2023\/01\/Icas_14-1024x682.jpg 1024w, https:\/\/eosaciurbano.art.br\/eo\/wp-content\/uploads\/2023\/01\/Icas_14-768x512.jpg 768w\" sizes=\"auto, (max-width: 1024px) 100vw, 1024px\" \/>\n\t<\/div>\n\n<\/div><div class=\"modula-item\" >\n\t<div class=\"modula-item-content\">\n\t\t\n\t\t\t\t\t<a data-image-id=\"2451\" role=\"button\" tabindex=\"0\" rel=\"jtg-2444\" data-caption=\"\" aria-label=\"Abrir imagem no lightbox\" class=\"tile-inner modula-item-link\"><\/a>\n\t\t\n\t\t<img loading=\"lazy\" decoding=\"async\" class=\"pic wp-image-2451\"  data-valign=\"middle\" data-halign=\"center\" alt=\"\" data-full=\"https:\/\/eosaciurbano.art.br\/eo\/wp-content\/uploads\/2023\/01\/Icas_15.jpg\" title=\"Icas_15\" width=\"1024\" height=\"683\" src=\"https:\/\/eosaciurbano.art.br\/eo\/wp-content\/uploads\/2023\/01\/Icas_15-1024x683.jpg\" data-src=\"https:\/\/eosaciurbano.art.br\/eo\/wp-content\/uploads\/2023\/01\/Icas_15-1024x683.jpg\" data-caption=\"\" srcset=\"https:\/\/eosaciurbano.art.br\/eo\/wp-content\/uploads\/2023\/01\/Icas_15.jpg 1280w, https:\/\/eosaciurbano.art.br\/eo\/wp-content\/uploads\/2023\/01\/Icas_15-300x200.jpg 300w, https:\/\/eosaciurbano.art.br\/eo\/wp-content\/uploads\/2023\/01\/Icas_15-1024x683.jpg 1024w, https:\/\/eosaciurbano.art.br\/eo\/wp-content\/uploads\/2023\/01\/Icas_15-768x512.jpg 768w\" sizes=\"auto, (max-width: 1024px) 100vw, 1024px\" \/>\n\t<\/div>\n\n<\/div><div class=\"modula-item\" >\n\t<div class=\"modula-item-content\">\n\t\t\n\t\t\t\t\t<a data-image-id=\"2452\" role=\"button\" tabindex=\"0\" rel=\"jtg-2444\" data-caption=\"\" aria-label=\"Abrir imagem no lightbox\" class=\"tile-inner modula-item-link\"><\/a>\n\t\t\n\t\t<img loading=\"lazy\" decoding=\"async\" class=\"pic wp-image-2452\"  data-valign=\"middle\" data-halign=\"center\" alt=\"\" data-full=\"https:\/\/eosaciurbano.art.br\/eo\/wp-content\/uploads\/2023\/01\/Icas_01.jpg\" title=\"Icas_01\" width=\"1024\" height=\"683\" src=\"https:\/\/eosaciurbano.art.br\/eo\/wp-content\/uploads\/2023\/01\/Icas_01-1024x683.jpg\" data-src=\"https:\/\/eosaciurbano.art.br\/eo\/wp-content\/uploads\/2023\/01\/Icas_01-1024x683.jpg\" data-caption=\"\" srcset=\"https:\/\/eosaciurbano.art.br\/eo\/wp-content\/uploads\/2023\/01\/Icas_01.jpg 1280w, https:\/\/eosaciurbano.art.br\/eo\/wp-content\/uploads\/2023\/01\/Icas_01-300x200.jpg 300w, https:\/\/eosaciurbano.art.br\/eo\/wp-content\/uploads\/2023\/01\/Icas_01-1024x683.jpg 1024w, https:\/\/eosaciurbano.art.br\/eo\/wp-content\/uploads\/2023\/01\/Icas_01-768x512.jpg 768w\" sizes=\"auto, (max-width: 1024px) 100vw, 1024px\" \/>\n\t<\/div>\n\n<\/div><div class=\"modula-item\" >\n\t<div class=\"modula-item-content\">\n\t\t\n\t\t\t\t\t<a data-image-id=\"2453\" role=\"button\" tabindex=\"0\" rel=\"jtg-2444\" data-caption=\"\" aria-label=\"Abrir imagem no lightbox\" class=\"tile-inner modula-item-link\"><\/a>\n\t\t\n\t\t<img loading=\"lazy\" decoding=\"async\" class=\"pic wp-image-2453\"  data-valign=\"middle\" data-halign=\"center\" alt=\"\" data-full=\"https:\/\/eosaciurbano.art.br\/eo\/wp-content\/uploads\/2023\/01\/Icas_02.jpg\" title=\"Icas_02\" width=\"1024\" height=\"682\" src=\"https:\/\/eosaciurbano.art.br\/eo\/wp-content\/uploads\/2023\/01\/Icas_02-1024x682.jpg\" data-src=\"https:\/\/eosaciurbano.art.br\/eo\/wp-content\/uploads\/2023\/01\/Icas_02-1024x682.jpg\" data-caption=\"\" srcset=\"https:\/\/eosaciurbano.art.br\/eo\/wp-content\/uploads\/2023\/01\/Icas_02.jpg 1280w, https:\/\/eosaciurbano.art.br\/eo\/wp-content\/uploads\/2023\/01\/Icas_02-300x200.jpg 300w, https:\/\/eosaciurbano.art.br\/eo\/wp-content\/uploads\/2023\/01\/Icas_02-1024x682.jpg 1024w, https:\/\/eosaciurbano.art.br\/eo\/wp-content\/uploads\/2023\/01\/Icas_02-768x512.jpg 768w\" sizes=\"auto, (max-width: 1024px) 100vw, 1024px\" \/>\n\t<\/div>\n\n<\/div><div class=\"modula-item\" >\n\t<div class=\"modula-item-content\">\n\t\t\n\t\t\t\t\t<a data-image-id=\"2454\" role=\"button\" tabindex=\"0\" rel=\"jtg-2444\" data-caption=\"\" aria-label=\"Abrir imagem no lightbox\" class=\"tile-inner modula-item-link\"><\/a>\n\t\t\n\t\t<img loading=\"lazy\" decoding=\"async\" class=\"pic wp-image-2454\"  data-valign=\"middle\" data-halign=\"center\" alt=\"\" data-full=\"https:\/\/eosaciurbano.art.br\/eo\/wp-content\/uploads\/2023\/01\/Icas_03.jpg\" title=\"Icas_03\" width=\"683\" height=\"1024\" src=\"https:\/\/eosaciurbano.art.br\/eo\/wp-content\/uploads\/2023\/01\/Icas_03-683x1024.jpg\" data-src=\"https:\/\/eosaciurbano.art.br\/eo\/wp-content\/uploads\/2023\/01\/Icas_03-683x1024.jpg\" data-caption=\"\" srcset=\"https:\/\/eosaciurbano.art.br\/eo\/wp-content\/uploads\/2023\/01\/Icas_03.jpg 854w, https:\/\/eosaciurbano.art.br\/eo\/wp-content\/uploads\/2023\/01\/Icas_03-200x300.jpg 200w, https:\/\/eosaciurbano.art.br\/eo\/wp-content\/uploads\/2023\/01\/Icas_03-683x1024.jpg 683w, https:\/\/eosaciurbano.art.br\/eo\/wp-content\/uploads\/2023\/01\/Icas_03-768x1151.jpg 768w\" sizes=\"auto, (max-width: 683px) 100vw, 683px\" \/>\n\t<\/div>\n\n<\/div><div class=\"modula-item\" >\n\t<div class=\"modula-item-content\">\n\t\t\n\t\t\t\t\t<a data-image-id=\"2455\" role=\"button\" tabindex=\"0\" rel=\"jtg-2444\" data-caption=\"\" aria-label=\"Abrir imagem no lightbox\" class=\"tile-inner modula-item-link\"><\/a>\n\t\t\n\t\t<img loading=\"lazy\" decoding=\"async\" class=\"pic wp-image-2455\"  data-valign=\"middle\" data-halign=\"center\" alt=\"\" data-full=\"https:\/\/eosaciurbano.art.br\/eo\/wp-content\/uploads\/2023\/01\/Icas_04.jpg\" title=\"Icas_04\" width=\"1024\" height=\"682\" src=\"https:\/\/eosaciurbano.art.br\/eo\/wp-content\/uploads\/2023\/01\/Icas_04-1024x682.jpg\" data-src=\"https:\/\/eosaciurbano.art.br\/eo\/wp-content\/uploads\/2023\/01\/Icas_04-1024x682.jpg\" data-caption=\"\" srcset=\"https:\/\/eosaciurbano.art.br\/eo\/wp-content\/uploads\/2023\/01\/Icas_04.jpg 1280w, https:\/\/eosaciurbano.art.br\/eo\/wp-content\/uploads\/2023\/01\/Icas_04-300x200.jpg 300w, https:\/\/eosaciurbano.art.br\/eo\/wp-content\/uploads\/2023\/01\/Icas_04-1024x682.jpg 1024w, https:\/\/eosaciurbano.art.br\/eo\/wp-content\/uploads\/2023\/01\/Icas_04-768x512.jpg 768w\" sizes=\"auto, (max-width: 1024px) 100vw, 1024px\" \/>\n\t<\/div>\n\n<\/div><div class=\"modula-item\" >\n\t<div class=\"modula-item-content\">\n\t\t\n\t\t\t\t\t<a data-image-id=\"2456\" role=\"button\" tabindex=\"0\" rel=\"jtg-2444\" data-caption=\"\" aria-label=\"Abrir imagem no lightbox\" class=\"tile-inner modula-item-link\"><\/a>\n\t\t\n\t\t<img loading=\"lazy\" decoding=\"async\" class=\"pic wp-image-2456\"  data-valign=\"middle\" data-halign=\"center\" alt=\"\" data-full=\"https:\/\/eosaciurbano.art.br\/eo\/wp-content\/uploads\/2023\/01\/Icas_05.jpg\" title=\"Icas_05\" width=\"1024\" height=\"682\" src=\"https:\/\/eosaciurbano.art.br\/eo\/wp-content\/uploads\/2023\/01\/Icas_05-1024x682.jpg\" data-src=\"https:\/\/eosaciurbano.art.br\/eo\/wp-content\/uploads\/2023\/01\/Icas_05-1024x682.jpg\" data-caption=\"\" srcset=\"https:\/\/eosaciurbano.art.br\/eo\/wp-content\/uploads\/2023\/01\/Icas_05.jpg 1280w, https:\/\/eosaciurbano.art.br\/eo\/wp-content\/uploads\/2023\/01\/Icas_05-300x200.jpg 300w, https:\/\/eosaciurbano.art.br\/eo\/wp-content\/uploads\/2023\/01\/Icas_05-1024x682.jpg 1024w, https:\/\/eosaciurbano.art.br\/eo\/wp-content\/uploads\/2023\/01\/Icas_05-768x512.jpg 768w\" sizes=\"auto, (max-width: 1024px) 100vw, 1024px\" \/>\n\t<\/div>\n\n<\/div><div class=\"modula-item\" >\n\t<div class=\"modula-item-content\">\n\t\t\n\t\t\t\t\t<a data-image-id=\"2457\" role=\"button\" tabindex=\"0\" rel=\"jtg-2444\" data-caption=\"\" aria-label=\"Abrir imagem no lightbox\" class=\"tile-inner modula-item-link\"><\/a>\n\t\t\n\t\t<img loading=\"lazy\" decoding=\"async\" class=\"pic wp-image-2457\"  data-valign=\"middle\" data-halign=\"center\" alt=\"\" data-full=\"https:\/\/eosaciurbano.art.br\/eo\/wp-content\/uploads\/2023\/01\/Icas_06.jpg\" title=\"Icas_06\" width=\"1024\" height=\"683\" src=\"https:\/\/eosaciurbano.art.br\/eo\/wp-content\/uploads\/2023\/01\/Icas_06-1024x683.jpg\" data-src=\"https:\/\/eosaciurbano.art.br\/eo\/wp-content\/uploads\/2023\/01\/Icas_06-1024x683.jpg\" data-caption=\"\" srcset=\"https:\/\/eosaciurbano.art.br\/eo\/wp-content\/uploads\/2023\/01\/Icas_06.jpg 1290w, https:\/\/eosaciurbano.art.br\/eo\/wp-content\/uploads\/2023\/01\/Icas_06-300x200.jpg 300w, https:\/\/eosaciurbano.art.br\/eo\/wp-content\/uploads\/2023\/01\/Icas_06-1024x683.jpg 1024w, https:\/\/eosaciurbano.art.br\/eo\/wp-content\/uploads\/2023\/01\/Icas_06-768x512.jpg 768w\" sizes=\"auto, (max-width: 1024px) 100vw, 1024px\" \/>\n\t<\/div>\n\n<\/div><div class=\"modula-item\" >\n\t<div class=\"modula-item-content\">\n\t\t\n\t\t\t\t\t<a data-image-id=\"2458\" role=\"button\" tabindex=\"0\" rel=\"jtg-2444\" data-caption=\"\" aria-label=\"Abrir imagem no lightbox\" class=\"tile-inner modula-item-link\"><\/a>\n\t\t\n\t\t<img loading=\"lazy\" decoding=\"async\" class=\"pic wp-image-2458\"  data-valign=\"middle\" data-halign=\"center\" alt=\"\" data-full=\"https:\/\/eosaciurbano.art.br\/eo\/wp-content\/uploads\/2023\/01\/Icas_07.jpg\" title=\"Icas_07\" width=\"1024\" height=\"682\" src=\"https:\/\/eosaciurbano.art.br\/eo\/wp-content\/uploads\/2023\/01\/Icas_07-1024x682.jpg\" data-src=\"https:\/\/eosaciurbano.art.br\/eo\/wp-content\/uploads\/2023\/01\/Icas_07-1024x682.jpg\" data-caption=\"\" srcset=\"https:\/\/eosaciurbano.art.br\/eo\/wp-content\/uploads\/2023\/01\/Icas_07.jpg 1280w, https:\/\/eosaciurbano.art.br\/eo\/wp-content\/uploads\/2023\/01\/Icas_07-300x200.jpg 300w, https:\/\/eosaciurbano.art.br\/eo\/wp-content\/uploads\/2023\/01\/Icas_07-1024x682.jpg 1024w, https:\/\/eosaciurbano.art.br\/eo\/wp-content\/uploads\/2023\/01\/Icas_07-768x512.jpg 768w\" sizes=\"auto, (max-width: 1024px) 100vw, 1024px\" \/>\n\t<\/div>\n\n<\/div><div class=\"modula-item\" >\n\t<div class=\"modula-item-content\">\n\t\t\n\t\t\t\t\t<a data-image-id=\"2459\" role=\"button\" tabindex=\"0\" rel=\"jtg-2444\" data-caption=\"\" aria-label=\"Abrir imagem no lightbox\" class=\"tile-inner modula-item-link\"><\/a>\n\t\t\n\t\t<img loading=\"lazy\" decoding=\"async\" class=\"pic wp-image-2459\"  data-valign=\"middle\" data-halign=\"center\" alt=\"\" data-full=\"https:\/\/eosaciurbano.art.br\/eo\/wp-content\/uploads\/2023\/01\/Icas_08.jpg\" title=\"Icas_08\" width=\"682\" height=\"1024\" src=\"https:\/\/eosaciurbano.art.br\/eo\/wp-content\/uploads\/2023\/01\/Icas_08-682x1024.jpg\" data-src=\"https:\/\/eosaciurbano.art.br\/eo\/wp-content\/uploads\/2023\/01\/Icas_08-682x1024.jpg\" data-caption=\"\" srcset=\"https:\/\/eosaciurbano.art.br\/eo\/wp-content\/uploads\/2023\/01\/Icas_08.jpg 853w, https:\/\/eosaciurbano.art.br\/eo\/wp-content\/uploads\/2023\/01\/Icas_08-200x300.jpg 200w, https:\/\/eosaciurbano.art.br\/eo\/wp-content\/uploads\/2023\/01\/Icas_08-682x1024.jpg 682w, https:\/\/eosaciurbano.art.br\/eo\/wp-content\/uploads\/2023\/01\/Icas_08-768x1152.jpg 768w\" sizes=\"auto, (max-width: 682px) 100vw, 682px\" \/>\n\t<\/div>\n\n<\/div><div class=\"modula-item\" >\n\t<div class=\"modula-item-content\">\n\t\t\n\t\t\t\t\t<a data-image-id=\"2460\" role=\"button\" tabindex=\"0\" rel=\"jtg-2444\" data-caption=\"\" aria-label=\"Abrir imagem no lightbox\" class=\"tile-inner modula-item-link\"><\/a>\n\t\t\n\t\t<img loading=\"lazy\" decoding=\"async\" class=\"pic wp-image-2460\"  data-valign=\"middle\" data-halign=\"center\" alt=\"\" data-full=\"https:\/\/eosaciurbano.art.br\/eo\/wp-content\/uploads\/2023\/01\/Icas_09.jpg\" title=\"Icas_09\" width=\"1024\" height=\"682\" src=\"https:\/\/eosaciurbano.art.br\/eo\/wp-content\/uploads\/2023\/01\/Icas_09-1024x682.jpg\" data-src=\"https:\/\/eosaciurbano.art.br\/eo\/wp-content\/uploads\/2023\/01\/Icas_09-1024x682.jpg\" data-caption=\"\" srcset=\"https:\/\/eosaciurbano.art.br\/eo\/wp-content\/uploads\/2023\/01\/Icas_09.jpg 1280w, https:\/\/eosaciurbano.art.br\/eo\/wp-content\/uploads\/2023\/01\/Icas_09-300x200.jpg 300w, https:\/\/eosaciurbano.art.br\/eo\/wp-content\/uploads\/2023\/01\/Icas_09-1024x682.jpg 1024w, https:\/\/eosaciurbano.art.br\/eo\/wp-content\/uploads\/2023\/01\/Icas_09-768x512.jpg 768w\" sizes=\"auto, (max-width: 1024px) 100vw, 1024px\" \/>\n\t<\/div>\n\n<\/div>\t\t\n\t<\/div>\n\n\t\n\t\n\t<script type=\"application\/ld+json\">\n\t{\n\t\t\"@context\": \"http:\/\/schema.org\",\n\t\t\"@type\"   : \"ImageGallery\",\n\t\t\"id\"      : \"https:\/\/eosaciurbano.art.br\/eo\/2017-2\/\",\n\t\t\"url\"     : \"https:\/\/eosaciurbano.art.br\/eo\/2017-2\/\"\n\t}\n\n\t<\/script>\n\n\t\n<\/div>\n\n","protected":false},"excerpt":{"rendered":"<p>Reposit\u00f3rio de imagens com galerias de registros das apari\u00e7\u00f5es\/interven\u00e7\u00f5es do Saci Urbano. Ano 2017.<\/p>\n","protected":false},"author":1,"featured_media":0,"parent":0,"menu_order":0,"comment_status":"closed","ping_status":"closed","template":"","meta":{"_themeisle_gutenberg_block_has_review":false,"footnotes":""},"class_list":["post-2533","page","type-page","status-publish","hentry"],"_links":{"self":[{"href":"https:\/\/eosaciurbano.art.br\/eo\/wp-json\/wp\/v2\/pages\/2533","targetHints":{"allow":["GET"]}}],"collection":[{"href":"https:\/\/eosaciurbano.art.br\/eo\/wp-json\/wp\/v2\/pages"}],"about":[{"href":"https:\/\/eosaciurbano.art.br\/eo\/wp-json\/wp\/v2\/types\/page"}],"author":[{"embeddable":true,"href":"https:\/\/eosaciurbano.art.br\/eo\/wp-json\/wp\/v2\/users\/1"}],"replies":[{"embeddable":true,"href":"https:\/\/eosaciurbano.art.br\/eo\/wp-json\/wp\/v2\/comments?post=2533"}],"version-history":[{"count":2,"href":"https:\/\/eosaciurbano.art.br\/eo\/wp-json\/wp\/v2\/pages\/2533\/revisions"}],"predecessor-version":[{"id":2535,"href":"https:\/\/eosaciurbano.art.br\/eo\/wp-json\/wp\/v2\/pages\/2533\/revisions\/2535"}],"wp:attachment":[{"href":"https:\/\/eosaciurbano.art.br\/eo\/wp-json\/wp\/v2\/media?parent=2533"}],"curies":[{"name":"wp","href":"https:\/\/api.w.org\/{rel}","templated":true}]}}