{"id":2538,"date":"2023-01-22T15:32:55","date_gmt":"2023-01-22T15:32:55","guid":{"rendered":"http:\/\/eosaciurbano.art.br\/eo\/?page_id=2538"},"modified":"2023-01-22T15:32:55","modified_gmt":"2023-01-22T15:32:55","slug":"2019-20","status":"publish","type":"page","link":"https:\/\/eosaciurbano.art.br\/eo\/2019-20\/","title":{"rendered":"2019-20"},"content":{"rendered":"\n<p>Reposit\u00f3rio de imagens com galerias de registros das apari\u00e7\u00f5es\/interven\u00e7\u00f5es do Saci Urbano. Anos 2019 E 2020 \u2014 foram registradas poucas apari\u00e7\u00f5es em 2020, devido \u00e0 ocorr\u00eancia da Pandemia Covid-19.<\/p>\n\n\n\n<h2 id=\"wp-block-themeisle-blocks-advanced-heading-04dc5ece\" class=\"wp-block-themeisle-blocks-advanced-heading wp-block-themeisle-blocks-advanced-heading-04dc5ece o-typing-faster\"><o-anim-typing>APARI\u00c7\u00d5ES 2019-20<\/o-anim-typing><\/h2>\n\n\n<div  id=\"jtg-2478\" class=\"modula modula-gallery modula-columns\" data-config=\"{&quot;tabletHeight&quot;:0,&quot;mobileHeight&quot;:0,&quot;desktopHeight&quot;:0,&quot;enableTwitter&quot;:false,&quot;enableWhatsapp&quot;:false,&quot;enableFacebook&quot;:false,&quot;enablePinterest&quot;:false,&quot;enableLinkedin&quot;:false,&quot;enableEmail&quot;:false,&quot;randomFactor&quot;:0,&quot;type&quot;:&quot;grid&quot;,&quot;columns&quot;:12,&quot;gutter&quot;:10,&quot;mobileGutter&quot;:10,&quot;tabletGutter&quot;:10,&quot;desktopGutter&quot;:10,&quot;enableResponsive&quot;:&quot;1&quot;,&quot;tabletColumns&quot;:&quot;2&quot;,&quot;mobileColumns&quot;:&quot;1&quot;,&quot;lazyLoad&quot;:0,&quot;lightboxOpts&quot;:{&quot;animated&quot;:true,&quot;Thumbs&quot;:{&quot;type&quot;:&quot;modern&quot;,&quot;showOnStart&quot;:false},&quot;Toolbar&quot;:{&quot;display&quot;:{&quot;right&quot;:[&quot;close&quot;]},&quot;enabled&quot;:true},&quot;Carousel&quot;:{&quot;Panzoom&quot;:{&quot;touch&quot;:true},&quot;infinite&quot;:false},&quot;keyboard&quot;:{&quot;Escape&quot;:&quot;close&quot;,&quot;Delete&quot;:&quot;close&quot;,&quot;Backspace&quot;:&quot;close&quot;,&quot;PageUp&quot;:false,&quot;PageDown&quot;:false,&quot;ArrowUp&quot;:false,&quot;ArrowDown&quot;:false,&quot;ArrowRight&quot;:false,&quot;ArrowLeft&quot;:false},&quot;touch&quot;:false,&quot;backdropClick&quot;:false,&quot;l10n&quot;:{&quot;CLOSE&quot;:&quot;Fechar&quot;,&quot;NEXT&quot;:&quot;Pr\\u00f3ximo&quot;,&quot;PREV&quot;:&quot;Anterior&quot;,&quot;Error&quot;:&quot;N\\u00e3o foi poss\\u00edvel carregar o conte\\u00fado solicitado. Tente novamente mais tarde.&quot;,&quot;PLAY_START&quot;:&quot;Iniciar apresenta\\u00e7\\u00e3o de slides&quot;,&quot;PLAY_STOP&quot;:&quot;Pausar apresenta\\u00e7\\u00e3o de slides&quot;,&quot;FULL_SCREEN&quot;:&quot;Tela cheia&quot;,&quot;THUMBS&quot;:&quot;Miniaturas&quot;,&quot;DOWNLOAD&quot;:&quot;Baixar&quot;,&quot;SHARE&quot;:&quot;Compartilhar&quot;,&quot;ZOOM&quot;:&quot;Ampliar&quot;,&quot;EMAIL&quot;:&quot;Here is the link to the image : %%image_link%% and this is the link to the gallery : %%gallery_link%%&quot;,&quot;MODAL&quot;:&quot;Voc\\u00ea pode dispensar este conte\\u00fado com a tecla ESC&quot;,&quot;ERROR&quot;:&quot;Algo deu errado, tente novamente mais tarde&quot;,&quot;IMAGE_ERROR&quot;:&quot;Imagem n\\u00e3o encontrada&quot;,&quot;ELEMENT_NOT_FOUND&quot;:&quot;Elemento HTML n\\u00e3o encontrado&quot;,&quot;AJAX_NOT_FOUND&quot;:&quot;Erro ao carregar AJAX: N\\u00e3o encontrado&quot;,&quot;AJAX_FORBIDDEN&quot;:&quot;Erro ao carregar AJAX: N\\u00e3o autorizado&quot;,&quot;IFRAME_ERROR&quot;:&quot;Erro ao carregar a p\\u00e1gina&quot;,&quot;TOGGLE_ZOOM&quot;:&quot;Alternar n\\u00edvel de zoom&quot;,&quot;TOGGLE_THUMBS&quot;:&quot;Alternar miniaturas&quot;,&quot;TOGGLE_SLIDESHOW&quot;:&quot;Alternar exibi\\u00e7\\u00e3o de slides&quot;,&quot;TOGGLE_FULLSCREEN&quot;:&quot;Alternar modo de tela cheia&quot;},&quot;Images&quot;:{&quot;Panzoom&quot;:{&quot;maxScale&quot;:2}},&quot;mainClass&quot;:&quot;modula-fancybox-container modula-lightbox-jtg-2478&quot;,&quot;Html&quot;:{&quot;videoAutoplay&quot;:0,&quot;videoTpl&quot;:&quot;&lt;video class=\\&quot;fancybox__html5video\\&quot; controls muted playsinline controlsList controlsList=\\&quot;nodownload\\&quot; poster=\\&quot;{{poster}}\\&quot; src=\\&quot;{{src}}\\&quot; type=\\&quot;{{format}}\\&quot; &gt;  Sorry, your browser doesn&#039;t support embedded videos, &lt;a href=\\&quot;{{src}}\\&quot;&gt; download &lt;\\\/a&gt; and watch with your favorite video player! &lt;\\\/video&gt;&quot;}},&quot;inView&quot;:true,&quot;email_subject&quot;:&quot;Check out this awesome image !!&quot;,&quot;email_message&quot;:&quot;Here is the link to the image : %%image_link%% and this is the link to the gallery : %%gallery_link%%&quot;,&quot;grid_type&quot;:&quot;4&quot;,&quot;rowHeight&quot;:0,&quot;lastRow&quot;:&quot;&quot;,&quot;lightbox&quot;:&quot;fancybox&quot;}\">\n\n\t<div class=\"modula-grid-sizer\"> <\/div>\n\t<div  class=\"modula-items grid-gallery\">\n\t\t<div class=\"modula-item\" >\n\t<div class=\"modula-item-content\">\n\t\t\n\t\t\t\t\t<a data-image-id=\"2479\" role=\"button\" tabindex=\"0\" rel=\"jtg-2478\" data-caption=\"Saci urbano apari\u00e7\u00e3o 2019\" aria-label=\"Abrir imagem no lightbox\" class=\"tile-inner modula-item-link\"><\/a>\n\t\t\n\t\t<img loading=\"lazy\" decoding=\"async\" class=\"pic wp-image-2479\"  data-valign=\"middle\" data-halign=\"center\" alt=\"\" data-full=\"https:\/\/eosaciurbano.art.br\/eo\/wp-content\/uploads\/2023\/01\/2019-2020-A-1.jpg\" title=\"Saci urbano apari\u00e7\u00e3o 2019\" width=\"1024\" height=\"683\" src=\"https:\/\/eosaciurbano.art.br\/eo\/wp-content\/uploads\/2023\/01\/2019-2020-A-1-1024x683.jpg\" data-src=\"https:\/\/eosaciurbano.art.br\/eo\/wp-content\/uploads\/2023\/01\/2019-2020-A-1-1024x683.jpg\" data-caption=\"Saci urbano apari\u00e7\u00e3o 2019\" srcset=\"https:\/\/eosaciurbano.art.br\/eo\/wp-content\/uploads\/2023\/01\/2019-2020-A-1.jpg 1366w, https:\/\/eosaciurbano.art.br\/eo\/wp-content\/uploads\/2023\/01\/2019-2020-A-1-300x200.jpg 300w, https:\/\/eosaciurbano.art.br\/eo\/wp-content\/uploads\/2023\/01\/2019-2020-A-1-1024x683.jpg 1024w, https:\/\/eosaciurbano.art.br\/eo\/wp-content\/uploads\/2023\/01\/2019-2020-A-1-768x512.jpg 768w\" sizes=\"auto, (max-width: 1024px) 100vw, 1024px\" \/>\n\t<\/div>\n\n<\/div><div class=\"modula-item\" >\n\t<div class=\"modula-item-content\">\n\t\t\n\t\t\t\t\t<a data-image-id=\"2480\" role=\"button\" tabindex=\"0\" rel=\"jtg-2478\" data-caption=\"Saci Urbano apari\u00e7\u00e3o 2020\" aria-label=\"Abrir imagem no lightbox\" class=\"tile-inner modula-item-link\"><\/a>\n\t\t\n\t\t<img loading=\"lazy\" decoding=\"async\" class=\"pic wp-image-2480\"  data-valign=\"middle\" data-halign=\"center\" alt=\"\" data-full=\"https:\/\/eosaciurbano.art.br\/eo\/wp-content\/uploads\/2023\/01\/2019-2020-E.jpg\" title=\"Saci Urbano apari\u00e7\u00e3o 2020\" width=\"1024\" height=\"683\" src=\"https:\/\/eosaciurbano.art.br\/eo\/wp-content\/uploads\/2023\/01\/2019-2020-E-1024x683.jpg\" data-src=\"https:\/\/eosaciurbano.art.br\/eo\/wp-content\/uploads\/2023\/01\/2019-2020-E-1024x683.jpg\" data-caption=\"Saci Urbano apari\u00e7\u00e3o 2020\" srcset=\"https:\/\/eosaciurbano.art.br\/eo\/wp-content\/uploads\/2023\/01\/2019-2020-E.jpg 1375w, https:\/\/eosaciurbano.art.br\/eo\/wp-content\/uploads\/2023\/01\/2019-2020-E-300x200.jpg 300w, https:\/\/eosaciurbano.art.br\/eo\/wp-content\/uploads\/2023\/01\/2019-2020-E-1024x683.jpg 1024w, https:\/\/eosaciurbano.art.br\/eo\/wp-content\/uploads\/2023\/01\/2019-2020-E-768x512.jpg 768w\" sizes=\"auto, (max-width: 1024px) 100vw, 1024px\" \/>\n\t<\/div>\n\n<\/div><div class=\"modula-item\" >\n\t<div class=\"modula-item-content\">\n\t\t\n\t\t\t\t\t<a data-image-id=\"2481\" role=\"button\" tabindex=\"0\" rel=\"jtg-2478\" data-caption=\"Interven\u00e7\u00e3o Saci Urbano\" aria-label=\"Abrir imagem no lightbox\" class=\"tile-inner modula-item-link\"><\/a>\n\t\t\n\t\t<img loading=\"lazy\" decoding=\"async\" class=\"pic wp-image-2481\"  data-valign=\"middle\" data-halign=\"center\" alt=\"\" data-full=\"https:\/\/eosaciurbano.art.br\/eo\/wp-content\/uploads\/2023\/01\/2019-2020-G-1.jpg\" title=\"Interven\u00e7\u00e3o Saci Urbano\" width=\"1024\" height=\"670\" src=\"https:\/\/eosaciurbano.art.br\/eo\/wp-content\/uploads\/2023\/01\/2019-2020-G-1-1024x670.jpg\" data-src=\"https:\/\/eosaciurbano.art.br\/eo\/wp-content\/uploads\/2023\/01\/2019-2020-G-1-1024x670.jpg\" data-caption=\"Interven\u00e7\u00e3o Saci Urbano\" srcset=\"https:\/\/eosaciurbano.art.br\/eo\/wp-content\/uploads\/2023\/01\/2019-2020-G-1.jpg 1366w, https:\/\/eosaciurbano.art.br\/eo\/wp-content\/uploads\/2023\/01\/2019-2020-G-1-300x196.jpg 300w, https:\/\/eosaciurbano.art.br\/eo\/wp-content\/uploads\/2023\/01\/2019-2020-G-1-1024x670.jpg 1024w, https:\/\/eosaciurbano.art.br\/eo\/wp-content\/uploads\/2023\/01\/2019-2020-G-1-768x503.jpg 768w\" sizes=\"auto, (max-width: 1024px) 100vw, 1024px\" \/>\n\t<\/div>\n\n<\/div><div class=\"modula-item\" >\n\t<div class=\"modula-item-content\">\n\t\t\n\t\t\t\t\t<a data-image-id=\"2482\" role=\"button\" tabindex=\"0\" rel=\"jtg-2478\" data-caption=\"APARI\u00c7\u00d5ES 2019-20\" aria-label=\"Abrir imagem no lightbox\" class=\"tile-inner modula-item-link\"><\/a>\n\t\t\n\t\t<img loading=\"lazy\" decoding=\"async\" class=\"pic wp-image-2482\"  data-valign=\"middle\" data-halign=\"center\" alt=\"\" data-full=\"https:\/\/eosaciurbano.art.br\/eo\/wp-content\/uploads\/2023\/01\/2019-2020-H.jpg\" title=\"Saci Urbano 2020\" width=\"1024\" height=\"577\" src=\"https:\/\/eosaciurbano.art.br\/eo\/wp-content\/uploads\/2023\/01\/2019-2020-H-1024x577.jpg\" data-src=\"https:\/\/eosaciurbano.art.br\/eo\/wp-content\/uploads\/2023\/01\/2019-2020-H-1024x577.jpg\" data-caption=\"APARI\u00c7\u00d5ES 2019-20\" srcset=\"https:\/\/eosaciurbano.art.br\/eo\/wp-content\/uploads\/2023\/01\/2019-2020-H.jpg 1375w, https:\/\/eosaciurbano.art.br\/eo\/wp-content\/uploads\/2023\/01\/2019-2020-H-300x169.jpg 300w, https:\/\/eosaciurbano.art.br\/eo\/wp-content\/uploads\/2023\/01\/2019-2020-H-1024x577.jpg 1024w, https:\/\/eosaciurbano.art.br\/eo\/wp-content\/uploads\/2023\/01\/2019-2020-H-768x433.jpg 768w\" sizes=\"auto, (max-width: 1024px) 100vw, 1024px\" \/>\n\t<\/div>\n\n<\/div><div class=\"modula-item\" >\n\t<div class=\"modula-item-content\">\n\t\t\n\t\t\t\t\t<a data-image-id=\"2483\" role=\"button\" tabindex=\"0\" rel=\"jtg-2478\" data-caption=\"Saci urbano Eurocentrico\" aria-label=\"Abrir imagem no lightbox\" class=\"tile-inner modula-item-link\"><\/a>\n\t\t\n\t\t<img loading=\"lazy\" decoding=\"async\" class=\"pic wp-image-2483\"  data-valign=\"middle\" data-halign=\"center\" alt=\"\" data-full=\"https:\/\/eosaciurbano.art.br\/eo\/wp-content\/uploads\/2023\/01\/2019-2020-F-1.jpg\" title=\"Saci urbano Eurocentrico\" width=\"1024\" height=\"622\" src=\"https:\/\/eosaciurbano.art.br\/eo\/wp-content\/uploads\/2023\/01\/2019-2020-F-1-1024x622.jpg\" data-src=\"https:\/\/eosaciurbano.art.br\/eo\/wp-content\/uploads\/2023\/01\/2019-2020-F-1-1024x622.jpg\" data-caption=\"Saci urbano Eurocentrico\" srcset=\"https:\/\/eosaciurbano.art.br\/eo\/wp-content\/uploads\/2023\/01\/2019-2020-F-1.jpg 1366w, https:\/\/eosaciurbano.art.br\/eo\/wp-content\/uploads\/2023\/01\/2019-2020-F-1-300x182.jpg 300w, https:\/\/eosaciurbano.art.br\/eo\/wp-content\/uploads\/2023\/01\/2019-2020-F-1-1024x622.jpg 1024w, https:\/\/eosaciurbano.art.br\/eo\/wp-content\/uploads\/2023\/01\/2019-2020-F-1-768x467.jpg 768w\" sizes=\"auto, (max-width: 1024px) 100vw, 1024px\" \/>\n\t<\/div>\n\n<\/div><div class=\"modula-item\" >\n\t<div class=\"modula-item-content\">\n\t\t\n\t\t\t\t\t<a data-image-id=\"2484\" role=\"button\" tabindex=\"0\" rel=\"jtg-2478\" data-caption=\"Saci urbano apari\u00e7\u00e3o 2019\" aria-label=\"Abrir imagem no lightbox\" class=\"tile-inner modula-item-link\"><\/a>\n\t\t\n\t\t<img loading=\"lazy\" decoding=\"async\" class=\"pic wp-image-2484\"  data-valign=\"middle\" data-halign=\"center\" alt=\"\" data-full=\"https:\/\/eosaciurbano.art.br\/eo\/wp-content\/uploads\/2023\/01\/2019-2020-D-1.jpg\" title=\"Saci urbano apari\u00e7\u00e3o 2019\" width=\"1024\" height=\"731\" src=\"https:\/\/eosaciurbano.art.br\/eo\/wp-content\/uploads\/2023\/01\/2019-2020-D-1-1024x731.jpg\" data-src=\"https:\/\/eosaciurbano.art.br\/eo\/wp-content\/uploads\/2023\/01\/2019-2020-D-1-1024x731.jpg\" data-caption=\"Saci urbano apari\u00e7\u00e3o 2019\" srcset=\"https:\/\/eosaciurbano.art.br\/eo\/wp-content\/uploads\/2023\/01\/2019-2020-D-1.jpg 1366w, https:\/\/eosaciurbano.art.br\/eo\/wp-content\/uploads\/2023\/01\/2019-2020-D-1-300x214.jpg 300w, https:\/\/eosaciurbano.art.br\/eo\/wp-content\/uploads\/2023\/01\/2019-2020-D-1-1024x731.jpg 1024w, https:\/\/eosaciurbano.art.br\/eo\/wp-content\/uploads\/2023\/01\/2019-2020-D-1-768x548.jpg 768w\" sizes=\"auto, (max-width: 1024px) 100vw, 1024px\" \/>\n\t<\/div>\n\n<\/div><div class=\"modula-item\" >\n\t<div class=\"modula-item-content\">\n\t\t\n\t\t\t\t\t<a data-image-id=\"2485\" role=\"button\" tabindex=\"0\" rel=\"jtg-2478\" data-caption=\"Saci Urbano apari\u00e7\u00e3o de 2019\" aria-label=\"Abrir imagem no lightbox\" class=\"tile-inner modula-item-link\"><\/a>\n\t\t\n\t\t<img loading=\"lazy\" decoding=\"async\" class=\"pic wp-image-2485\"  data-valign=\"middle\" data-halign=\"center\" alt=\"\" data-full=\"https:\/\/eosaciurbano.art.br\/eo\/wp-content\/uploads\/2023\/01\/2019-2020-C-1.jpg\" title=\"Saci Urbano apari\u00e7\u00e3o de 2019\" width=\"1024\" height=\"732\" src=\"https:\/\/eosaciurbano.art.br\/eo\/wp-content\/uploads\/2023\/01\/2019-2020-C-1-1024x732.jpg\" data-src=\"https:\/\/eosaciurbano.art.br\/eo\/wp-content\/uploads\/2023\/01\/2019-2020-C-1-1024x732.jpg\" data-caption=\"Saci Urbano apari\u00e7\u00e3o de 2019\" srcset=\"https:\/\/eosaciurbano.art.br\/eo\/wp-content\/uploads\/2023\/01\/2019-2020-C-1.jpg 1366w, https:\/\/eosaciurbano.art.br\/eo\/wp-content\/uploads\/2023\/01\/2019-2020-C-1-300x214.jpg 300w, https:\/\/eosaciurbano.art.br\/eo\/wp-content\/uploads\/2023\/01\/2019-2020-C-1-1024x732.jpg 1024w, https:\/\/eosaciurbano.art.br\/eo\/wp-content\/uploads\/2023\/01\/2019-2020-C-1-768x549.jpg 768w\" sizes=\"auto, (max-width: 1024px) 100vw, 1024px\" \/>\n\t<\/div>\n\n<\/div><div class=\"modula-item\" >\n\t<div class=\"modula-item-content\">\n\t\t\n\t\t\t\t\t<a data-image-id=\"2486\" role=\"button\" tabindex=\"0\" rel=\"jtg-2478\" data-caption=\"Saci Urbano apari\u00e7\u00e3o de 2019\" aria-label=\"Abrir imagem no lightbox\" class=\"tile-inner modula-item-link\"><\/a>\n\t\t\n\t\t<img loading=\"lazy\" decoding=\"async\" class=\"pic wp-image-2486\"  data-valign=\"middle\" data-halign=\"center\" alt=\"\" data-full=\"https:\/\/eosaciurbano.art.br\/eo\/wp-content\/uploads\/2023\/01\/2019-2020-B-1.jpg\" title=\"Saci Urbano apari\u00e7\u00e3o de 2019\" width=\"1024\" height=\"683\" src=\"https:\/\/eosaciurbano.art.br\/eo\/wp-content\/uploads\/2023\/01\/2019-2020-B-1-1024x683.jpg\" data-src=\"https:\/\/eosaciurbano.art.br\/eo\/wp-content\/uploads\/2023\/01\/2019-2020-B-1-1024x683.jpg\" data-caption=\"Saci Urbano apari\u00e7\u00e3o de 2019\" srcset=\"https:\/\/eosaciurbano.art.br\/eo\/wp-content\/uploads\/2023\/01\/2019-2020-B-1.jpg 1366w, https:\/\/eosaciurbano.art.br\/eo\/wp-content\/uploads\/2023\/01\/2019-2020-B-1-300x200.jpg 300w, https:\/\/eosaciurbano.art.br\/eo\/wp-content\/uploads\/2023\/01\/2019-2020-B-1-1024x683.jpg 1024w, https:\/\/eosaciurbano.art.br\/eo\/wp-content\/uploads\/2023\/01\/2019-2020-B-1-768x512.jpg 768w\" sizes=\"auto, (max-width: 1024px) 100vw, 1024px\" \/>\n\t<\/div>\n\n<\/div>\t\t\n\t<\/div>\n\n\t\n\t\n\t<script type=\"application\/ld+json\">\n\t{\n\t\t\"@context\": \"http:\/\/schema.org\",\n\t\t\"@type\"   : \"ImageGallery\",\n\t\t\"id\"      : \"https:\/\/eosaciurbano.art.br\/eo\/2019-20\/\",\n\t\t\"url\"     : \"https:\/\/eosaciurbano.art.br\/eo\/2019-20\/\"\n\t}\n\n\t<\/script>\n\n\t\n<\/div>\n\n","protected":false},"excerpt":{"rendered":"<p>Reposit\u00f3rio de imagens com galerias de registros das apari\u00e7\u00f5es\/interven\u00e7\u00f5es do Saci Urbano. Anos 2019 E 2020 \u2014 foram registradas poucas apari\u00e7\u00f5es em 2020, devido \u00e0 ocorr\u00eancia da Pandemia Covid-19.<\/p>\n","protected":false},"author":1,"featured_media":0,"parent":0,"menu_order":0,"comment_status":"closed","ping_status":"closed","template":"","meta":{"_themeisle_gutenberg_block_has_review":false,"footnotes":""},"class_list":["post-2538","page","type-page","status-publish","hentry"],"_links":{"self":[{"href":"https:\/\/eosaciurbano.art.br\/eo\/wp-json\/wp\/v2\/pages\/2538","targetHints":{"allow":["GET"]}}],"collection":[{"href":"https:\/\/eosaciurbano.art.br\/eo\/wp-json\/wp\/v2\/pages"}],"about":[{"href":"https:\/\/eosaciurbano.art.br\/eo\/wp-json\/wp\/v2\/types\/page"}],"author":[{"embeddable":true,"href":"https:\/\/eosaciurbano.art.br\/eo\/wp-json\/wp\/v2\/users\/1"}],"replies":[{"embeddable":true,"href":"https:\/\/eosaciurbano.art.br\/eo\/wp-json\/wp\/v2\/comments?post=2538"}],"version-history":[{"count":1,"href":"https:\/\/eosaciurbano.art.br\/eo\/wp-json\/wp\/v2\/pages\/2538\/revisions"}],"predecessor-version":[{"id":2539,"href":"https:\/\/eosaciurbano.art.br\/eo\/wp-json\/wp\/v2\/pages\/2538\/revisions\/2539"}],"wp:attachment":[{"href":"https:\/\/eosaciurbano.art.br\/eo\/wp-json\/wp\/v2\/media?parent=2538"}],"curies":[{"name":"wp","href":"https:\/\/api.w.org\/{rel}","templated":true}]}}