{"id":2540,"date":"2023-01-22T15:34:41","date_gmt":"2023-01-22T15:34:41","guid":{"rendered":"http:\/\/eosaciurbano.art.br\/eo\/?page_id=2540"},"modified":"2023-01-22T15:34:41","modified_gmt":"2023-01-22T15:34:41","slug":"2021-2","status":"publish","type":"page","link":"https:\/\/eosaciurbano.art.br\/eo\/2021-2\/","title":{"rendered":"2021"},"content":{"rendered":"\n<p>Reposit\u00f3rio de imagens com galerias de registros das apari\u00e7\u00f5es\/interven\u00e7\u00f5es do Saci Urbano. Ano 2021.<\/p>\n\n\n\n<h2 id=\"wp-block-themeisle-blocks-advanced-heading-4d33688a\" class=\"wp-block-themeisle-blocks-advanced-heading wp-block-themeisle-blocks-advanced-heading-4d33688a o-typing-faster\"><o-anim-typing>APARI\u00c7\u00d5ES 2021<\/o-anim-typing><\/h2>\n\n\n<div  id=\"jtg-2487\" class=\"modula modula-gallery modula-columns\" data-config=\"{&quot;tabletHeight&quot;:0,&quot;mobileHeight&quot;:0,&quot;desktopHeight&quot;:0,&quot;enableTwitter&quot;:false,&quot;enableWhatsapp&quot;:false,&quot;enableFacebook&quot;:false,&quot;enablePinterest&quot;:false,&quot;enableLinkedin&quot;:false,&quot;enableEmail&quot;:false,&quot;randomFactor&quot;:0,&quot;type&quot;:&quot;grid&quot;,&quot;columns&quot;:12,&quot;gutter&quot;:10,&quot;mobileGutter&quot;:10,&quot;tabletGutter&quot;:10,&quot;desktopGutter&quot;:10,&quot;enableResponsive&quot;:&quot;1&quot;,&quot;tabletColumns&quot;:&quot;2&quot;,&quot;mobileColumns&quot;:&quot;1&quot;,&quot;lazyLoad&quot;:0,&quot;lightboxOpts&quot;:{&quot;animated&quot;:true,&quot;Thumbs&quot;:{&quot;type&quot;:&quot;modern&quot;,&quot;showOnStart&quot;:false},&quot;Toolbar&quot;:{&quot;display&quot;:{&quot;right&quot;:[&quot;close&quot;]},&quot;enabled&quot;:true},&quot;Carousel&quot;:{&quot;Panzoom&quot;:{&quot;touch&quot;:true},&quot;infinite&quot;:false},&quot;keyboard&quot;:{&quot;Escape&quot;:&quot;close&quot;,&quot;Delete&quot;:&quot;close&quot;,&quot;Backspace&quot;:&quot;close&quot;,&quot;PageUp&quot;:false,&quot;PageDown&quot;:false,&quot;ArrowUp&quot;:false,&quot;ArrowDown&quot;:false,&quot;ArrowRight&quot;:false,&quot;ArrowLeft&quot;:false},&quot;touch&quot;:false,&quot;backdropClick&quot;:false,&quot;l10n&quot;:{&quot;CLOSE&quot;:&quot;Fechar&quot;,&quot;NEXT&quot;:&quot;Pr\\u00f3ximo&quot;,&quot;PREV&quot;:&quot;Anterior&quot;,&quot;Error&quot;:&quot;N\\u00e3o foi poss\\u00edvel carregar o conte\\u00fado solicitado. Tente novamente mais tarde.&quot;,&quot;PLAY_START&quot;:&quot;Iniciar apresenta\\u00e7\\u00e3o de slides&quot;,&quot;PLAY_STOP&quot;:&quot;Pausar apresenta\\u00e7\\u00e3o de slides&quot;,&quot;FULL_SCREEN&quot;:&quot;Tela cheia&quot;,&quot;THUMBS&quot;:&quot;Miniaturas&quot;,&quot;DOWNLOAD&quot;:&quot;Baixar&quot;,&quot;SHARE&quot;:&quot;Compartilhar&quot;,&quot;ZOOM&quot;:&quot;Ampliar&quot;,&quot;EMAIL&quot;:&quot;Here is the link to the image : %%image_link%% and this is the link to the gallery : %%gallery_link%%&quot;,&quot;MODAL&quot;:&quot;Voc\\u00ea pode dispensar este conte\\u00fado com a tecla ESC&quot;,&quot;ERROR&quot;:&quot;Algo deu errado, tente novamente mais tarde&quot;,&quot;IMAGE_ERROR&quot;:&quot;Imagem n\\u00e3o encontrada&quot;,&quot;ELEMENT_NOT_FOUND&quot;:&quot;Elemento HTML n\\u00e3o encontrado&quot;,&quot;AJAX_NOT_FOUND&quot;:&quot;Erro ao carregar AJAX: N\\u00e3o encontrado&quot;,&quot;AJAX_FORBIDDEN&quot;:&quot;Erro ao carregar AJAX: N\\u00e3o autorizado&quot;,&quot;IFRAME_ERROR&quot;:&quot;Erro ao carregar a p\\u00e1gina&quot;,&quot;TOGGLE_ZOOM&quot;:&quot;Alternar n\\u00edvel de zoom&quot;,&quot;TOGGLE_THUMBS&quot;:&quot;Alternar miniaturas&quot;,&quot;TOGGLE_SLIDESHOW&quot;:&quot;Alternar exibi\\u00e7\\u00e3o de slides&quot;,&quot;TOGGLE_FULLSCREEN&quot;:&quot;Alternar modo de tela cheia&quot;},&quot;Images&quot;:{&quot;Panzoom&quot;:{&quot;maxScale&quot;:2}},&quot;mainClass&quot;:&quot;modula-fancybox-container modula-lightbox-jtg-2487&quot;,&quot;Html&quot;:{&quot;videoAutoplay&quot;:0,&quot;videoTpl&quot;:&quot;&lt;video class=\\&quot;fancybox__html5video\\&quot; controls muted playsinline controlsList controlsList=\\&quot;nodownload\\&quot; poster=\\&quot;{{poster}}\\&quot; src=\\&quot;{{src}}\\&quot; type=\\&quot;{{format}}\\&quot; &gt;  Sorry, your browser doesn&#039;t support embedded videos, &lt;a href=\\&quot;{{src}}\\&quot;&gt; download &lt;\\\/a&gt; and watch with your favorite video player! &lt;\\\/video&gt;&quot;}},&quot;inView&quot;:true,&quot;email_subject&quot;:&quot;Check out this awesome image !!&quot;,&quot;email_message&quot;:&quot;Here is the link to the image : %%image_link%% and this is the link to the gallery : %%gallery_link%%&quot;,&quot;grid_type&quot;:&quot;4&quot;,&quot;rowHeight&quot;:0,&quot;lastRow&quot;:&quot;&quot;,&quot;lightbox&quot;:&quot;fancybox&quot;}\">\n\n\t<div class=\"modula-grid-sizer\"> <\/div>\n\t<div  class=\"modula-items grid-gallery\">\n\t\t<div class=\"modula-item\" >\n\t<div class=\"modula-item-content\">\n\t\t\n\t\t\t\t\t<a data-image-id=\"2488\" role=\"button\" tabindex=\"0\" rel=\"jtg-2487\" data-caption=\"Apari\u00e7\u00f5es Saci Urbano 2021\" aria-label=\"Abrir imagem no lightbox\" class=\"tile-inner modula-item-link\"><\/a>\n\t\t\n\t\t<img loading=\"lazy\" decoding=\"async\" class=\"pic wp-image-2488\"  data-valign=\"middle\" data-halign=\"center\" alt=\"\" data-full=\"https:\/\/eosaciurbano.art.br\/eo\/wp-content\/uploads\/2023\/01\/2021-12.jpg\" title=\"Apari\u00e7\u00f5es Saci Urbano 2021\" width=\"1024\" height=\"609\" src=\"https:\/\/eosaciurbano.art.br\/eo\/wp-content\/uploads\/2023\/01\/2021-12-1024x609.jpg\" data-src=\"https:\/\/eosaciurbano.art.br\/eo\/wp-content\/uploads\/2023\/01\/2021-12-1024x609.jpg\" data-caption=\"Apari\u00e7\u00f5es Saci Urbano 2021\" srcset=\"https:\/\/eosaciurbano.art.br\/eo\/wp-content\/uploads\/2023\/01\/2021-12.jpg 1681w, https:\/\/eosaciurbano.art.br\/eo\/wp-content\/uploads\/2023\/01\/2021-12-300x178.jpg 300w, https:\/\/eosaciurbano.art.br\/eo\/wp-content\/uploads\/2023\/01\/2021-12-1024x609.jpg 1024w, https:\/\/eosaciurbano.art.br\/eo\/wp-content\/uploads\/2023\/01\/2021-12-768x457.jpg 768w, https:\/\/eosaciurbano.art.br\/eo\/wp-content\/uploads\/2023\/01\/2021-12-1536x914.jpg 1536w\" sizes=\"auto, (max-width: 1024px) 100vw, 1024px\" \/>\n\t<\/div>\n\n<\/div><div class=\"modula-item\" >\n\t<div class=\"modula-item-content\">\n\t\t\n\t\t\t\t\t<a data-image-id=\"2490\" role=\"button\" tabindex=\"0\" rel=\"jtg-2487\" data-caption=\"Apari\u00e7\u00f5es Saci Urbano 2021\" aria-label=\"Abrir imagem no lightbox\" class=\"tile-inner modula-item-link\"><\/a>\n\t\t\n\t\t<img loading=\"lazy\" decoding=\"async\" class=\"pic wp-image-2490\"  data-valign=\"middle\" data-halign=\"center\" alt=\"\" data-full=\"https:\/\/eosaciurbano.art.br\/eo\/wp-content\/uploads\/2023\/01\/2021-3.jpg\" title=\"Apari\u00e7\u00f5es Saci Urbano 2021\" width=\"1024\" height=\"892\" src=\"https:\/\/eosaciurbano.art.br\/eo\/wp-content\/uploads\/2023\/01\/2021-3-1024x892.jpg\" data-src=\"https:\/\/eosaciurbano.art.br\/eo\/wp-content\/uploads\/2023\/01\/2021-3-1024x892.jpg\" data-caption=\"Apari\u00e7\u00f5es Saci Urbano 2021\" srcset=\"https:\/\/eosaciurbano.art.br\/eo\/wp-content\/uploads\/2023\/01\/2021-3.jpg 1148w, https:\/\/eosaciurbano.art.br\/eo\/wp-content\/uploads\/2023\/01\/2021-3-300x261.jpg 300w, https:\/\/eosaciurbano.art.br\/eo\/wp-content\/uploads\/2023\/01\/2021-3-1024x892.jpg 1024w, https:\/\/eosaciurbano.art.br\/eo\/wp-content\/uploads\/2023\/01\/2021-3-768x669.jpg 768w\" sizes=\"auto, (max-width: 1024px) 100vw, 1024px\" \/>\n\t<\/div>\n\n<\/div><div class=\"modula-item\" >\n\t<div class=\"modula-item-content\">\n\t\t\n\t\t\t\t\t<a data-image-id=\"2491\" role=\"button\" tabindex=\"0\" rel=\"jtg-2487\" data-caption=\"Apari\u00e7\u00f5es Saci Urbano 2021\" aria-label=\"Abrir imagem no lightbox\" class=\"tile-inner modula-item-link\"><\/a>\n\t\t\n\t\t<img loading=\"lazy\" decoding=\"async\" class=\"pic wp-image-2491\"  data-valign=\"middle\" data-halign=\"center\" alt=\"\" data-full=\"https:\/\/eosaciurbano.art.br\/eo\/wp-content\/uploads\/2023\/01\/2021-9.jpg\" title=\"Apari\u00e7\u00f5es Saci Urbano 2021\" width=\"655\" height=\"1000\" src=\"https:\/\/eosaciurbano.art.br\/eo\/wp-content\/uploads\/2023\/01\/2021-9.jpg\" data-src=\"https:\/\/eosaciurbano.art.br\/eo\/wp-content\/uploads\/2023\/01\/2021-9.jpg\" data-caption=\"Apari\u00e7\u00f5es Saci Urbano 2021\" srcset=\"https:\/\/eosaciurbano.art.br\/eo\/wp-content\/uploads\/2023\/01\/2021-9.jpg 655w, https:\/\/eosaciurbano.art.br\/eo\/wp-content\/uploads\/2023\/01\/2021-9-197x300.jpg 197w\" sizes=\"auto, (max-width: 655px) 100vw, 655px\" \/>\n\t<\/div>\n\n<\/div><div class=\"modula-item\" >\n\t<div class=\"modula-item-content\">\n\t\t\n\t\t\t\t\t<a data-image-id=\"2492\" role=\"button\" tabindex=\"0\" rel=\"jtg-2487\" data-caption=\"Apari\u00e7\u00f5es Saci Urbano 2021\" aria-label=\"Abrir imagem no lightbox\" class=\"tile-inner modula-item-link\"><\/a>\n\t\t\n\t\t<img loading=\"lazy\" decoding=\"async\" class=\"pic wp-image-2492\"  data-valign=\"middle\" data-halign=\"center\" alt=\"\" data-full=\"https:\/\/eosaciurbano.art.br\/eo\/wp-content\/uploads\/2023\/01\/2021-5.jpg\" title=\"Apari\u00e7\u00f5es Saci Urbano 2021\" width=\"1024\" height=\"648\" src=\"https:\/\/eosaciurbano.art.br\/eo\/wp-content\/uploads\/2023\/01\/2021-5-1024x648.jpg\" data-src=\"https:\/\/eosaciurbano.art.br\/eo\/wp-content\/uploads\/2023\/01\/2021-5-1024x648.jpg\" data-caption=\"Apari\u00e7\u00f5es Saci Urbano 2021\" srcset=\"https:\/\/eosaciurbano.art.br\/eo\/wp-content\/uploads\/2023\/01\/2021-5.jpg 1581w, https:\/\/eosaciurbano.art.br\/eo\/wp-content\/uploads\/2023\/01\/2021-5-300x190.jpg 300w, https:\/\/eosaciurbano.art.br\/eo\/wp-content\/uploads\/2023\/01\/2021-5-1024x648.jpg 1024w, https:\/\/eosaciurbano.art.br\/eo\/wp-content\/uploads\/2023\/01\/2021-5-768x486.jpg 768w, https:\/\/eosaciurbano.art.br\/eo\/wp-content\/uploads\/2023\/01\/2021-5-1536x972.jpg 1536w\" sizes=\"auto, (max-width: 1024px) 100vw, 1024px\" \/>\n\t<\/div>\n\n<\/div><div class=\"modula-item\" >\n\t<div class=\"modula-item-content\">\n\t\t\n\t\t\t\t\t<a data-image-id=\"2493\" role=\"button\" tabindex=\"0\" rel=\"jtg-2487\" data-caption=\"Apari\u00e7\u00f5es Saci Urbano 2021\" aria-label=\"Abrir imagem no lightbox\" class=\"tile-inner modula-item-link\"><\/a>\n\t\t\n\t\t<img loading=\"lazy\" decoding=\"async\" class=\"pic wp-image-2493\"  data-valign=\"middle\" data-halign=\"center\" alt=\"\" data-full=\"https:\/\/eosaciurbano.art.br\/eo\/wp-content\/uploads\/2023\/01\/2021-7.jpg\" title=\"Apari\u00e7\u00f5es Saci Urbano 2021\" width=\"1024\" height=\"654\" src=\"https:\/\/eosaciurbano.art.br\/eo\/wp-content\/uploads\/2023\/01\/2021-7-1024x654.jpg\" data-src=\"https:\/\/eosaciurbano.art.br\/eo\/wp-content\/uploads\/2023\/01\/2021-7-1024x654.jpg\" data-caption=\"Apari\u00e7\u00f5es Saci Urbano 2021\" srcset=\"https:\/\/eosaciurbano.art.br\/eo\/wp-content\/uploads\/2023\/01\/2021-7.jpg 1565w, https:\/\/eosaciurbano.art.br\/eo\/wp-content\/uploads\/2023\/01\/2021-7-300x192.jpg 300w, https:\/\/eosaciurbano.art.br\/eo\/wp-content\/uploads\/2023\/01\/2021-7-1024x654.jpg 1024w, https:\/\/eosaciurbano.art.br\/eo\/wp-content\/uploads\/2023\/01\/2021-7-768x491.jpg 768w, https:\/\/eosaciurbano.art.br\/eo\/wp-content\/uploads\/2023\/01\/2021-7-1536x981.jpg 1536w\" sizes=\"auto, (max-width: 1024px) 100vw, 1024px\" \/>\n\t<\/div>\n\n<\/div><div class=\"modula-item\" >\n\t<div class=\"modula-item-content\">\n\t\t\n\t\t\t\t\t<a data-image-id=\"2494\" role=\"button\" tabindex=\"0\" rel=\"jtg-2487\" data-caption=\"Apari\u00e7\u00f5es Saci Urbano 2021\" aria-label=\"Abrir imagem no lightbox\" class=\"tile-inner modula-item-link\"><\/a>\n\t\t\n\t\t<img loading=\"lazy\" decoding=\"async\" class=\"pic wp-image-2494\"  data-valign=\"middle\" data-halign=\"center\" alt=\"\" data-full=\"https:\/\/eosaciurbano.art.br\/eo\/wp-content\/uploads\/2023\/01\/2021-4.jpg\" title=\"Apari\u00e7\u00f5es Saci Urbano 2021\" width=\"1024\" height=\"604\" src=\"https:\/\/eosaciurbano.art.br\/eo\/wp-content\/uploads\/2023\/01\/2021-4-1024x604.jpg\" data-src=\"https:\/\/eosaciurbano.art.br\/eo\/wp-content\/uploads\/2023\/01\/2021-4-1024x604.jpg\" data-caption=\"Apari\u00e7\u00f5es Saci Urbano 2021\" srcset=\"https:\/\/eosaciurbano.art.br\/eo\/wp-content\/uploads\/2023\/01\/2021-4.jpg 1696w, https:\/\/eosaciurbano.art.br\/eo\/wp-content\/uploads\/2023\/01\/2021-4-300x177.jpg 300w, https:\/\/eosaciurbano.art.br\/eo\/wp-content\/uploads\/2023\/01\/2021-4-1024x604.jpg 1024w, https:\/\/eosaciurbano.art.br\/eo\/wp-content\/uploads\/2023\/01\/2021-4-768x453.jpg 768w, https:\/\/eosaciurbano.art.br\/eo\/wp-content\/uploads\/2023\/01\/2021-4-1536x906.jpg 1536w\" sizes=\"auto, (max-width: 1024px) 100vw, 1024px\" \/>\n\t<\/div>\n\n<\/div><div class=\"modula-item\" >\n\t<div class=\"modula-item-content\">\n\t\t\n\t\t\t\t\t<a data-image-id=\"2495\" role=\"button\" tabindex=\"0\" rel=\"jtg-2487\" data-caption=\"Apari\u00e7\u00f5es Saci Urbano 2021\" aria-label=\"Abrir imagem no lightbox\" class=\"tile-inner modula-item-link\"><\/a>\n\t\t\n\t\t<img loading=\"lazy\" decoding=\"async\" class=\"pic wp-image-2495\"  data-valign=\"middle\" data-halign=\"center\" alt=\"\" data-full=\"https:\/\/eosaciurbano.art.br\/eo\/wp-content\/uploads\/2023\/01\/2021-6.jpg\" title=\"Apari\u00e7\u00f5es Saci Urbano 2021\" width=\"1024\" height=\"678\" src=\"https:\/\/eosaciurbano.art.br\/eo\/wp-content\/uploads\/2023\/01\/2021-6-1024x678.jpg\" data-src=\"https:\/\/eosaciurbano.art.br\/eo\/wp-content\/uploads\/2023\/01\/2021-6-1024x678.jpg\" data-caption=\"Apari\u00e7\u00f5es Saci Urbano 2021\" srcset=\"https:\/\/eosaciurbano.art.br\/eo\/wp-content\/uploads\/2023\/01\/2021-6.jpg 1511w, https:\/\/eosaciurbano.art.br\/eo\/wp-content\/uploads\/2023\/01\/2021-6-300x199.jpg 300w, https:\/\/eosaciurbano.art.br\/eo\/wp-content\/uploads\/2023\/01\/2021-6-1024x678.jpg 1024w, https:\/\/eosaciurbano.art.br\/eo\/wp-content\/uploads\/2023\/01\/2021-6-768x508.jpg 768w\" sizes=\"auto, (max-width: 1024px) 100vw, 1024px\" \/>\n\t<\/div>\n\n<\/div><div class=\"modula-item\" >\n\t<div class=\"modula-item-content\">\n\t\t\n\t\t\t\t\t<a data-image-id=\"2496\" role=\"button\" tabindex=\"0\" rel=\"jtg-2487\" data-caption=\"Apari\u00e7\u00f5es Saci Urbano 2021\" aria-label=\"Abrir imagem no lightbox\" class=\"tile-inner modula-item-link\"><\/a>\n\t\t\n\t\t<img loading=\"lazy\" decoding=\"async\" class=\"pic wp-image-2496\"  data-valign=\"middle\" data-halign=\"center\" alt=\"\" data-full=\"https:\/\/eosaciurbano.art.br\/eo\/wp-content\/uploads\/2023\/01\/2021-2.jpg\" title=\"Apari\u00e7\u00f5es Saci Urbano 2021\" width=\"1024\" height=\"683\" src=\"https:\/\/eosaciurbano.art.br\/eo\/wp-content\/uploads\/2023\/01\/2021-2-1024x683.jpg\" data-src=\"https:\/\/eosaciurbano.art.br\/eo\/wp-content\/uploads\/2023\/01\/2021-2-1024x683.jpg\" data-caption=\"Apari\u00e7\u00f5es Saci Urbano 2021\" srcset=\"https:\/\/eosaciurbano.art.br\/eo\/wp-content\/uploads\/2023\/01\/2021-2.jpg 1500w, https:\/\/eosaciurbano.art.br\/eo\/wp-content\/uploads\/2023\/01\/2021-2-300x200.jpg 300w, https:\/\/eosaciurbano.art.br\/eo\/wp-content\/uploads\/2023\/01\/2021-2-1024x683.jpg 1024w, https:\/\/eosaciurbano.art.br\/eo\/wp-content\/uploads\/2023\/01\/2021-2-768x512.jpg 768w\" sizes=\"auto, (max-width: 1024px) 100vw, 1024px\" \/>\n\t<\/div>\n\n<\/div><div class=\"modula-item\" >\n\t<div class=\"modula-item-content\">\n\t\t\n\t\t\t\t\t<a data-image-id=\"2497\" role=\"button\" tabindex=\"0\" rel=\"jtg-2487\" data-caption=\"Apari\u00e7\u00f5es Saci Urbano 2021\" aria-label=\"Abrir imagem no lightbox\" class=\"tile-inner modula-item-link\"><\/a>\n\t\t\n\t\t<img loading=\"lazy\" decoding=\"async\" class=\"pic wp-image-2497\"  data-valign=\"middle\" data-halign=\"center\" alt=\"\" data-full=\"https:\/\/eosaciurbano.art.br\/eo\/wp-content\/uploads\/2023\/01\/2021-8.jpg\" title=\"Apari\u00e7\u00f5es Saci Urbano 2021\" width=\"755\" height=\"1000\" src=\"https:\/\/eosaciurbano.art.br\/eo\/wp-content\/uploads\/2023\/01\/2021-8.jpg\" data-src=\"https:\/\/eosaciurbano.art.br\/eo\/wp-content\/uploads\/2023\/01\/2021-8.jpg\" data-caption=\"Apari\u00e7\u00f5es Saci Urbano 2021\" srcset=\"https:\/\/eosaciurbano.art.br\/eo\/wp-content\/uploads\/2023\/01\/2021-8.jpg 755w, https:\/\/eosaciurbano.art.br\/eo\/wp-content\/uploads\/2023\/01\/2021-8-227x300.jpg 227w\" sizes=\"auto, (max-width: 755px) 100vw, 755px\" \/>\n\t<\/div>\n\n<\/div><div class=\"modula-item\" >\n\t<div class=\"modula-item-content\">\n\t\t\n\t\t\t\t\t<a data-image-id=\"2498\" role=\"button\" tabindex=\"0\" rel=\"jtg-2487\" data-caption=\"APARI\u00c7\u00d5ES 2021\" aria-label=\"Abrir imagem no lightbox\" class=\"tile-inner modula-item-link\"><\/a>\n\t\t\n\t\t<img loading=\"lazy\" decoding=\"async\" class=\"pic wp-image-2498\"  data-valign=\"middle\" data-halign=\"center\" alt=\"\" data-full=\"https:\/\/eosaciurbano.art.br\/eo\/wp-content\/uploads\/2023\/01\/2021-11.jpg\" title=\"Apari\u00e7\u00f5es Saci Urbano 2021\" width=\"1024\" height=\"726\" src=\"https:\/\/eosaciurbano.art.br\/eo\/wp-content\/uploads\/2023\/01\/2021-11-1024x726.jpg\" data-src=\"https:\/\/eosaciurbano.art.br\/eo\/wp-content\/uploads\/2023\/01\/2021-11-1024x726.jpg\" data-caption=\"APARI\u00c7\u00d5ES 2021\" srcset=\"https:\/\/eosaciurbano.art.br\/eo\/wp-content\/uploads\/2023\/01\/2021-11.jpg 1411w, https:\/\/eosaciurbano.art.br\/eo\/wp-content\/uploads\/2023\/01\/2021-11-300x213.jpg 300w, https:\/\/eosaciurbano.art.br\/eo\/wp-content\/uploads\/2023\/01\/2021-11-1024x726.jpg 1024w, https:\/\/eosaciurbano.art.br\/eo\/wp-content\/uploads\/2023\/01\/2021-11-768x544.jpg 768w\" sizes=\"auto, (max-width: 1024px) 100vw, 1024px\" \/>\n\t<\/div>\n\n<\/div>\t\t\n\t<\/div>\n\n\t\n\t\n\t<script type=\"application\/ld+json\">\n\t{\n\t\t\"@context\": \"http:\/\/schema.org\",\n\t\t\"@type\"   : \"ImageGallery\",\n\t\t\"id\"      : \"https:\/\/eosaciurbano.art.br\/eo\/2021-2\/\",\n\t\t\"url\"     : \"https:\/\/eosaciurbano.art.br\/eo\/2021-2\/\"\n\t}\n\n\t<\/script>\n\n\t\n<\/div>\n\n","protected":false},"excerpt":{"rendered":"<p>Reposit\u00f3rio de imagens com galerias de registros das apari\u00e7\u00f5es\/interven\u00e7\u00f5es do Saci Urbano. Ano 2021.<\/p>\n","protected":false},"author":1,"featured_media":0,"parent":0,"menu_order":0,"comment_status":"closed","ping_status":"closed","template":"","meta":{"_themeisle_gutenberg_block_has_review":false,"footnotes":""},"class_list":["post-2540","page","type-page","status-publish","hentry"],"_links":{"self":[{"href":"https:\/\/eosaciurbano.art.br\/eo\/wp-json\/wp\/v2\/pages\/2540","targetHints":{"allow":["GET"]}}],"collection":[{"href":"https:\/\/eosaciurbano.art.br\/eo\/wp-json\/wp\/v2\/pages"}],"about":[{"href":"https:\/\/eosaciurbano.art.br\/eo\/wp-json\/wp\/v2\/types\/page"}],"author":[{"embeddable":true,"href":"https:\/\/eosaciurbano.art.br\/eo\/wp-json\/wp\/v2\/users\/1"}],"replies":[{"embeddable":true,"href":"https:\/\/eosaciurbano.art.br\/eo\/wp-json\/wp\/v2\/comments?post=2540"}],"version-history":[{"count":1,"href":"https:\/\/eosaciurbano.art.br\/eo\/wp-json\/wp\/v2\/pages\/2540\/revisions"}],"predecessor-version":[{"id":2541,"href":"https:\/\/eosaciurbano.art.br\/eo\/wp-json\/wp\/v2\/pages\/2540\/revisions\/2541"}],"wp:attachment":[{"href":"https:\/\/eosaciurbano.art.br\/eo\/wp-json\/wp\/v2\/media?parent=2540"}],"curies":[{"name":"wp","href":"https:\/\/api.w.org\/{rel}","templated":true}]}}