{"id":2702,"date":"2024-02-29T17:43:37","date_gmt":"2024-02-29T17:43:37","guid":{"rendered":"https:\/\/eosaciurbano.art.br\/eo\/?page_id=2702"},"modified":"2024-02-29T17:43:39","modified_gmt":"2024-02-29T17:43:39","slug":"2023-2","status":"publish","type":"page","link":"https:\/\/eosaciurbano.art.br\/eo\/2023-2\/","title":{"rendered":"2023"},"content":{"rendered":"\n<p>Reposit\u00f3rio de imagens com galerias de registros das apari\u00e7\u00f5es\/interven\u00e7\u00f5es do Saci Urbano. Ano 2023.<\/p>\n\n\n\n<h2 id=\"wp-block-themeisle-blocks-advanced-heading-3bed2479\" class=\"wp-block-themeisle-blocks-advanced-heading wp-block-themeisle-blocks-advanced-heading-3bed2479\">APARI\u00c7\u00d5ES 2023<\/h2>\n\n\n<div  id=\"jtg-2704\" class=\"modula modula-gallery modula-columns\" data-config=\"{&quot;tabletHeight&quot;:800,&quot;mobileHeight&quot;:800,&quot;desktopHeight&quot;:800,&quot;enableTwitter&quot;:false,&quot;enableWhatsapp&quot;:false,&quot;enableFacebook&quot;:false,&quot;enablePinterest&quot;:false,&quot;enableLinkedin&quot;:false,&quot;enableEmail&quot;:false,&quot;randomFactor&quot;:0,&quot;type&quot;:&quot;grid&quot;,&quot;columns&quot;:12,&quot;gutter&quot;:10,&quot;mobileGutter&quot;:10,&quot;tabletGutter&quot;:10,&quot;desktopGutter&quot;:10,&quot;enableResponsive&quot;:true,&quot;tabletColumns&quot;:2,&quot;mobileColumns&quot;:1,&quot;lazyLoad&quot;:0,&quot;lightboxOpts&quot;:{&quot;animated&quot;:true,&quot;Thumbs&quot;:{&quot;type&quot;:&quot;modern&quot;,&quot;showOnStart&quot;:false},&quot;Toolbar&quot;:{&quot;display&quot;:{&quot;right&quot;:[&quot;close&quot;]},&quot;enabled&quot;:true},&quot;Carousel&quot;:{&quot;Panzoom&quot;:{&quot;touch&quot;:true},&quot;infinite&quot;:false},&quot;keyboard&quot;:{&quot;Escape&quot;:&quot;close&quot;,&quot;Delete&quot;:&quot;close&quot;,&quot;Backspace&quot;:&quot;close&quot;,&quot;PageUp&quot;:false,&quot;PageDown&quot;:false,&quot;ArrowUp&quot;:false,&quot;ArrowDown&quot;:false,&quot;ArrowRight&quot;:false,&quot;ArrowLeft&quot;:false},&quot;touch&quot;:false,&quot;backdropClick&quot;:false,&quot;l10n&quot;:{&quot;CLOSE&quot;:&quot;Fechar&quot;,&quot;NEXT&quot;:&quot;Pr\\u00f3ximo&quot;,&quot;PREV&quot;:&quot;Anterior&quot;,&quot;Error&quot;:&quot;N\\u00e3o foi poss\\u00edvel carregar o conte\\u00fado solicitado. Tente novamente mais tarde.&quot;,&quot;PLAY_START&quot;:&quot;Iniciar apresenta\\u00e7\\u00e3o de slides&quot;,&quot;PLAY_STOP&quot;:&quot;Pausar apresenta\\u00e7\\u00e3o de slides&quot;,&quot;FULL_SCREEN&quot;:&quot;Tela cheia&quot;,&quot;THUMBS&quot;:&quot;Miniaturas&quot;,&quot;DOWNLOAD&quot;:&quot;Baixar&quot;,&quot;SHARE&quot;:&quot;Compartilhar&quot;,&quot;ZOOM&quot;:&quot;Ampliar&quot;,&quot;EMAIL&quot;:&quot;Here is the link to the image : %%image_link%% and this is the link to the gallery : %%gallery_link%%&quot;,&quot;MODAL&quot;:&quot;Voc\\u00ea pode dispensar este conte\\u00fado com a tecla ESC&quot;,&quot;ERROR&quot;:&quot;Algo deu errado, tente novamente mais tarde&quot;,&quot;IMAGE_ERROR&quot;:&quot;Imagem n\\u00e3o encontrada&quot;,&quot;ELEMENT_NOT_FOUND&quot;:&quot;Elemento HTML n\\u00e3o encontrado&quot;,&quot;AJAX_NOT_FOUND&quot;:&quot;Erro ao carregar AJAX: N\\u00e3o encontrado&quot;,&quot;AJAX_FORBIDDEN&quot;:&quot;Erro ao carregar AJAX: N\\u00e3o autorizado&quot;,&quot;IFRAME_ERROR&quot;:&quot;Erro ao carregar a p\\u00e1gina&quot;,&quot;TOGGLE_ZOOM&quot;:&quot;Alternar n\\u00edvel de zoom&quot;,&quot;TOGGLE_THUMBS&quot;:&quot;Alternar miniaturas&quot;,&quot;TOGGLE_SLIDESHOW&quot;:&quot;Alternar exibi\\u00e7\\u00e3o de slides&quot;,&quot;TOGGLE_FULLSCREEN&quot;:&quot;Alternar modo de tela cheia&quot;},&quot;Images&quot;:{&quot;Panzoom&quot;:{&quot;maxScale&quot;:2}},&quot;mainClass&quot;:&quot;modula-fancybox-container modula-lightbox-jtg-2704&quot;,&quot;Html&quot;:{&quot;videoAutoplay&quot;:0,&quot;videoTpl&quot;:&quot;&lt;video class=\\&quot;fancybox__html5video\\&quot; controls muted playsinline controlsList controlsList=\\&quot;nodownload\\&quot; poster=\\&quot;{{poster}}\\&quot; src=\\&quot;{{src}}\\&quot; type=\\&quot;{{format}}\\&quot; &gt;  Sorry, your browser doesn&#039;t support embedded videos, &lt;a href=\\&quot;{{src}}\\&quot;&gt; download &lt;\\\/a&gt; and watch with your favorite video player! &lt;\\\/video&gt;&quot;}},&quot;inView&quot;:true,&quot;email_subject&quot;:&quot;Check out this awesome image !!&quot;,&quot;email_message&quot;:&quot;Here is the link to the image : %%image_link%% and this is the link to the gallery : %%gallery_link%%&quot;,&quot;grid_type&quot;:&quot;4&quot;,&quot;rowHeight&quot;:250,&quot;lastRow&quot;:&quot;justify&quot;,&quot;lightbox&quot;:&quot;fancybox&quot;}\">\n\n\t<div class=\"modula-grid-sizer\"> <\/div>\n\t<div  class=\"modula-items grid-gallery\">\n\t\t<div class=\"modula-item\" >\n\t<div class=\"modula-item-content\">\n\t\t\n\t\t\t\t\t<a data-image-id=\"2706\" role=\"button\" tabindex=\"0\" rel=\"jtg-2704\" data-caption=\"\u00c9 saci urbano - apari\u00e7\u00f5es 2023\" aria-label=\"Abrir imagem no lightbox\" class=\"tile-inner modula-item-link\"><\/a>\n\t\t\n\t\t<img loading=\"lazy\" decoding=\"async\" class=\"pic wp-image-2706\"  data-valign=\"middle\" data-halign=\"center\" alt=\"\" data-full=\"https:\/\/eosaciurbano.art.br\/eo\/wp-content\/uploads\/2024\/02\/Icas-01.jpeg\" title=\"\u00c9 saci urbano - apari\u00e7\u00f5es 2023\" width=\"768\" height=\"1024\" src=\"https:\/\/eosaciurbano.art.br\/eo\/wp-content\/uploads\/2024\/02\/Icas-01-768x1024.jpeg\" data-src=\"https:\/\/eosaciurbano.art.br\/eo\/wp-content\/uploads\/2024\/02\/Icas-01-768x1024.jpeg\" data-caption=\"\u00c9 saci urbano - apari\u00e7\u00f5es 2023\" srcset=\"https:\/\/eosaciurbano.art.br\/eo\/wp-content\/uploads\/2024\/02\/Icas-01.jpeg 1125w, https:\/\/eosaciurbano.art.br\/eo\/wp-content\/uploads\/2024\/02\/Icas-01-225x300.jpeg 225w, https:\/\/eosaciurbano.art.br\/eo\/wp-content\/uploads\/2024\/02\/Icas-01-768x1024.jpeg 768w\" sizes=\"auto, (max-width: 768px) 100vw, 768px\" \/>\n\t<\/div>\n\n<\/div><div class=\"modula-item\" >\n\t<div class=\"modula-item-content\">\n\t\t\n\t\t\t\t\t<a data-image-id=\"2707\" role=\"button\" tabindex=\"0\" rel=\"jtg-2704\" data-caption=\"\u00c9 saci urbano - apari\u00e7\u00f5es 2023\" aria-label=\"Abrir imagem no lightbox\" class=\"tile-inner modula-item-link\"><\/a>\n\t\t\n\t\t<img loading=\"lazy\" decoding=\"async\" class=\"pic wp-image-2707\"  data-valign=\"middle\" data-halign=\"center\" alt=\"\" data-full=\"https:\/\/eosaciurbano.art.br\/eo\/wp-content\/uploads\/2024\/02\/Icas-02.jpeg\" title=\"\u00c9 saci urbano - apari\u00e7\u00f5es 2023\" width=\"1024\" height=\"732\" src=\"https:\/\/eosaciurbano.art.br\/eo\/wp-content\/uploads\/2024\/02\/Icas-02-1024x732.jpeg\" data-src=\"https:\/\/eosaciurbano.art.br\/eo\/wp-content\/uploads\/2024\/02\/Icas-02-1024x732.jpeg\" data-caption=\"\u00c9 saci urbano - apari\u00e7\u00f5es 2023\" srcset=\"https:\/\/eosaciurbano.art.br\/eo\/wp-content\/uploads\/2024\/02\/Icas-02.jpeg 1700w, https:\/\/eosaciurbano.art.br\/eo\/wp-content\/uploads\/2024\/02\/Icas-02-300x215.jpeg 300w, https:\/\/eosaciurbano.art.br\/eo\/wp-content\/uploads\/2024\/02\/Icas-02-1024x732.jpeg 1024w, https:\/\/eosaciurbano.art.br\/eo\/wp-content\/uploads\/2024\/02\/Icas-02-768x549.jpeg 768w, https:\/\/eosaciurbano.art.br\/eo\/wp-content\/uploads\/2024\/02\/Icas-02-1536x1099.jpeg 1536w\" sizes=\"auto, (max-width: 1024px) 100vw, 1024px\" \/>\n\t<\/div>\n\n<\/div><div class=\"modula-item\" >\n\t<div class=\"modula-item-content\">\n\t\t\n\t\t\t\t\t<a data-image-id=\"2708\" role=\"button\" tabindex=\"0\" rel=\"jtg-2704\" data-caption=\"\u00c9 saci urbano - apari\u00e7\u00f5es 2023\" aria-label=\"Abrir imagem no lightbox\" class=\"tile-inner modula-item-link\"><\/a>\n\t\t\n\t\t<img loading=\"lazy\" decoding=\"async\" class=\"pic wp-image-2708\"  data-valign=\"middle\" data-halign=\"center\" alt=\"\" data-full=\"https:\/\/eosaciurbano.art.br\/eo\/wp-content\/uploads\/2024\/02\/Icas-03.jpeg\" title=\"\u00c9 saci urbano - apari\u00e7\u00f5es 2023\" width=\"816\" height=\"1024\" src=\"https:\/\/eosaciurbano.art.br\/eo\/wp-content\/uploads\/2024\/02\/Icas-03-816x1024.jpeg\" data-src=\"https:\/\/eosaciurbano.art.br\/eo\/wp-content\/uploads\/2024\/02\/Icas-03-816x1024.jpeg\" data-caption=\"\u00c9 saci urbano - apari\u00e7\u00f5es 2023\" srcset=\"https:\/\/eosaciurbano.art.br\/eo\/wp-content\/uploads\/2024\/02\/Icas-03.jpeg 1275w, https:\/\/eosaciurbano.art.br\/eo\/wp-content\/uploads\/2024\/02\/Icas-03-239x300.jpeg 239w, https:\/\/eosaciurbano.art.br\/eo\/wp-content\/uploads\/2024\/02\/Icas-03-816x1024.jpeg 816w, https:\/\/eosaciurbano.art.br\/eo\/wp-content\/uploads\/2024\/02\/Icas-03-768x964.jpeg 768w, https:\/\/eosaciurbano.art.br\/eo\/wp-content\/uploads\/2024\/02\/Icas-03-1224x1536.jpeg 1224w\" sizes=\"auto, (max-width: 816px) 100vw, 816px\" \/>\n\t<\/div>\n\n<\/div><div class=\"modula-item\" >\n\t<div class=\"modula-item-content\">\n\t\t\n\t\t\t\t\t<a data-image-id=\"2709\" role=\"button\" tabindex=\"0\" rel=\"jtg-2704\" data-caption=\"\u00c9 saci urbano - apari\u00e7\u00f5es 2023\" aria-label=\"Abrir imagem no lightbox\" class=\"tile-inner modula-item-link\"><\/a>\n\t\t\n\t\t<img loading=\"lazy\" decoding=\"async\" class=\"pic wp-image-2709\"  data-valign=\"middle\" data-halign=\"center\" alt=\"\" data-full=\"https:\/\/eosaciurbano.art.br\/eo\/wp-content\/uploads\/2024\/02\/Icas-04.1.jpeg\" title=\"\u00c9 saci urbano - apari\u00e7\u00f5es 2023\" width=\"1024\" height=\"809\" src=\"https:\/\/eosaciurbano.art.br\/eo\/wp-content\/uploads\/2024\/02\/Icas-04.1-1024x809.jpeg\" data-src=\"https:\/\/eosaciurbano.art.br\/eo\/wp-content\/uploads\/2024\/02\/Icas-04.1-1024x809.jpeg\" data-caption=\"\u00c9 saci urbano - apari\u00e7\u00f5es 2023\" srcset=\"https:\/\/eosaciurbano.art.br\/eo\/wp-content\/uploads\/2024\/02\/Icas-04.1.jpeg 1560w, https:\/\/eosaciurbano.art.br\/eo\/wp-content\/uploads\/2024\/02\/Icas-04.1-300x237.jpeg 300w, https:\/\/eosaciurbano.art.br\/eo\/wp-content\/uploads\/2024\/02\/Icas-04.1-1024x809.jpeg 1024w, https:\/\/eosaciurbano.art.br\/eo\/wp-content\/uploads\/2024\/02\/Icas-04.1-768x607.jpeg 768w, https:\/\/eosaciurbano.art.br\/eo\/wp-content\/uploads\/2024\/02\/Icas-04.1-1536x1213.jpeg 1536w\" sizes=\"auto, (max-width: 1024px) 100vw, 1024px\" \/>\n\t<\/div>\n\n<\/div><div class=\"modula-item\" >\n\t<div class=\"modula-item-content\">\n\t\t\n\t\t\t\t\t<a data-image-id=\"2710\" role=\"button\" tabindex=\"0\" rel=\"jtg-2704\" data-caption=\"\u00c9 saci urbano - apari\u00e7\u00f5es 2023\" aria-label=\"Abrir imagem no lightbox\" class=\"tile-inner modula-item-link\"><\/a>\n\t\t\n\t\t<img loading=\"lazy\" decoding=\"async\" class=\"pic wp-image-2710\"  data-valign=\"middle\" data-halign=\"center\" alt=\"\" data-full=\"https:\/\/eosaciurbano.art.br\/eo\/wp-content\/uploads\/2024\/02\/Icas-05.jpeg\" title=\"\u00c9 saci urbano - apari\u00e7\u00f5es 2023\" width=\"637\" height=\"1024\" src=\"https:\/\/eosaciurbano.art.br\/eo\/wp-content\/uploads\/2024\/02\/Icas-05-637x1024.jpeg\" data-src=\"https:\/\/eosaciurbano.art.br\/eo\/wp-content\/uploads\/2024\/02\/Icas-05-637x1024.jpeg\" data-caption=\"\u00c9 saci urbano - apari\u00e7\u00f5es 2023\" srcset=\"https:\/\/eosaciurbano.art.br\/eo\/wp-content\/uploads\/2024\/02\/Icas-05.jpeg 1058w, https:\/\/eosaciurbano.art.br\/eo\/wp-content\/uploads\/2024\/02\/Icas-05-187x300.jpeg 187w, https:\/\/eosaciurbano.art.br\/eo\/wp-content\/uploads\/2024\/02\/Icas-05-637x1024.jpeg 637w, https:\/\/eosaciurbano.art.br\/eo\/wp-content\/uploads\/2024\/02\/Icas-05-768x1234.jpeg 768w, https:\/\/eosaciurbano.art.br\/eo\/wp-content\/uploads\/2024\/02\/Icas-05-956x1536.jpeg 956w\" sizes=\"auto, (max-width: 637px) 100vw, 637px\" \/>\n\t<\/div>\n\n<\/div><div class=\"modula-item\" >\n\t<div class=\"modula-item-content\">\n\t\t\n\t\t\t\t\t<a data-image-id=\"2711\" role=\"button\" tabindex=\"0\" rel=\"jtg-2704\" data-caption=\"\u00c9 saci urbano - apari\u00e7\u00f5es 2023\" aria-label=\"Abrir imagem no lightbox\" class=\"tile-inner modula-item-link\"><\/a>\n\t\t\n\t\t<img loading=\"lazy\" decoding=\"async\" class=\"pic wp-image-2711\"  data-valign=\"middle\" data-halign=\"center\" alt=\"\" data-full=\"https:\/\/eosaciurbano.art.br\/eo\/wp-content\/uploads\/2024\/02\/Icas-06.jpeg\" title=\"\u00c9 saci urbano - apari\u00e7\u00f5es 2023\" width=\"658\" height=\"1024\" src=\"https:\/\/eosaciurbano.art.br\/eo\/wp-content\/uploads\/2024\/02\/Icas-06-658x1024.jpeg\" data-src=\"https:\/\/eosaciurbano.art.br\/eo\/wp-content\/uploads\/2024\/02\/Icas-06-658x1024.jpeg\" data-caption=\"\u00c9 saci urbano - apari\u00e7\u00f5es 2023\" srcset=\"https:\/\/eosaciurbano.art.br\/eo\/wp-content\/uploads\/2024\/02\/Icas-06.jpeg 1157w, https:\/\/eosaciurbano.art.br\/eo\/wp-content\/uploads\/2024\/02\/Icas-06-193x300.jpeg 193w, https:\/\/eosaciurbano.art.br\/eo\/wp-content\/uploads\/2024\/02\/Icas-06-658x1024.jpeg 658w, https:\/\/eosaciurbano.art.br\/eo\/wp-content\/uploads\/2024\/02\/Icas-06-768x1195.jpeg 768w, https:\/\/eosaciurbano.art.br\/eo\/wp-content\/uploads\/2024\/02\/Icas-06-987x1536.jpeg 987w\" sizes=\"auto, (max-width: 658px) 100vw, 658px\" \/>\n\t<\/div>\n\n<\/div><div class=\"modula-item\" >\n\t<div class=\"modula-item-content\">\n\t\t\n\t\t\t\t\t<a data-image-id=\"2712\" role=\"button\" tabindex=\"0\" rel=\"jtg-2704\" data-caption=\"\u00c9 saci urbano - apari\u00e7\u00f5es 2023\" aria-label=\"Abrir imagem no lightbox\" class=\"tile-inner modula-item-link\"><\/a>\n\t\t\n\t\t<img loading=\"lazy\" decoding=\"async\" class=\"pic wp-image-2712\"  data-valign=\"middle\" data-halign=\"center\" alt=\"\" data-full=\"https:\/\/eosaciurbano.art.br\/eo\/wp-content\/uploads\/2024\/02\/Icas-07.jpeg\" title=\"\u00c9 saci urbano - apari\u00e7\u00f5es 2023\" width=\"1024\" height=\"714\" src=\"https:\/\/eosaciurbano.art.br\/eo\/wp-content\/uploads\/2024\/02\/Icas-07-1024x714.jpeg\" data-src=\"https:\/\/eosaciurbano.art.br\/eo\/wp-content\/uploads\/2024\/02\/Icas-07-1024x714.jpeg\" data-caption=\"\u00c9 saci urbano - apari\u00e7\u00f5es 2023\" srcset=\"https:\/\/eosaciurbano.art.br\/eo\/wp-content\/uploads\/2024\/02\/Icas-07.jpeg 1900w, https:\/\/eosaciurbano.art.br\/eo\/wp-content\/uploads\/2024\/02\/Icas-07-300x209.jpeg 300w, https:\/\/eosaciurbano.art.br\/eo\/wp-content\/uploads\/2024\/02\/Icas-07-1024x714.jpeg 1024w, https:\/\/eosaciurbano.art.br\/eo\/wp-content\/uploads\/2024\/02\/Icas-07-768x536.jpeg 768w, https:\/\/eosaciurbano.art.br\/eo\/wp-content\/uploads\/2024\/02\/Icas-07-1536x1071.jpeg 1536w\" sizes=\"auto, (max-width: 1024px) 100vw, 1024px\" \/>\n\t<\/div>\n\n<\/div><div class=\"modula-item\" >\n\t<div class=\"modula-item-content\">\n\t\t\n\t\t\t\t\t<a data-image-id=\"2713\" role=\"button\" tabindex=\"0\" rel=\"jtg-2704\" data-caption=\"\u00c9 saci urbano - apari\u00e7\u00f5es 2023\" aria-label=\"Abrir imagem no lightbox\" class=\"tile-inner modula-item-link\"><\/a>\n\t\t\n\t\t<img loading=\"lazy\" decoding=\"async\" class=\"pic wp-image-2713\"  data-valign=\"middle\" data-halign=\"center\" alt=\"\" data-full=\"https:\/\/eosaciurbano.art.br\/eo\/wp-content\/uploads\/2024\/02\/Icas-08.jpeg\" title=\"\u00c9 saci urbano - apari\u00e7\u00f5es 2023\" width=\"680\" height=\"1024\" src=\"https:\/\/eosaciurbano.art.br\/eo\/wp-content\/uploads\/2024\/02\/Icas-08-680x1024.jpeg\" data-src=\"https:\/\/eosaciurbano.art.br\/eo\/wp-content\/uploads\/2024\/02\/Icas-08-680x1024.jpeg\" data-caption=\"\u00c9 saci urbano - apari\u00e7\u00f5es 2023\" srcset=\"https:\/\/eosaciurbano.art.br\/eo\/wp-content\/uploads\/2024\/02\/Icas-08.jpeg 1302w, https:\/\/eosaciurbano.art.br\/eo\/wp-content\/uploads\/2024\/02\/Icas-08-199x300.jpeg 199w, https:\/\/eosaciurbano.art.br\/eo\/wp-content\/uploads\/2024\/02\/Icas-08-680x1024.jpeg 680w, https:\/\/eosaciurbano.art.br\/eo\/wp-content\/uploads\/2024\/02\/Icas-08-768x1156.jpeg 768w, https:\/\/eosaciurbano.art.br\/eo\/wp-content\/uploads\/2024\/02\/Icas-08-1020x1536.jpeg 1020w\" sizes=\"auto, (max-width: 680px) 100vw, 680px\" \/>\n\t<\/div>\n\n<\/div><div class=\"modula-item\" >\n\t<div class=\"modula-item-content\">\n\t\t\n\t\t\t\t\t<a data-image-id=\"2714\" role=\"button\" tabindex=\"0\" rel=\"jtg-2704\" data-caption=\"\u00c9 saci urbano - apari\u00e7\u00f5es 2023\" aria-label=\"Abrir imagem no lightbox\" class=\"tile-inner modula-item-link\"><\/a>\n\t\t\n\t\t<img loading=\"lazy\" decoding=\"async\" class=\"pic wp-image-2714\"  data-valign=\"middle\" data-halign=\"center\" alt=\"\" data-full=\"https:\/\/eosaciurbano.art.br\/eo\/wp-content\/uploads\/2024\/02\/Icas-09.jpeg\" title=\"\u00c9 saci urbano - apari\u00e7\u00f5es 2023\" width=\"1024\" height=\"768\" src=\"https:\/\/eosaciurbano.art.br\/eo\/wp-content\/uploads\/2024\/02\/Icas-09-1024x768.jpeg\" data-src=\"https:\/\/eosaciurbano.art.br\/eo\/wp-content\/uploads\/2024\/02\/Icas-09-1024x768.jpeg\" data-caption=\"\u00c9 saci urbano - apari\u00e7\u00f5es 2023\" srcset=\"https:\/\/eosaciurbano.art.br\/eo\/wp-content\/uploads\/2024\/02\/Icas-09.jpeg 1960w, https:\/\/eosaciurbano.art.br\/eo\/wp-content\/uploads\/2024\/02\/Icas-09-300x225.jpeg 300w, https:\/\/eosaciurbano.art.br\/eo\/wp-content\/uploads\/2024\/02\/Icas-09-1024x768.jpeg 1024w, https:\/\/eosaciurbano.art.br\/eo\/wp-content\/uploads\/2024\/02\/Icas-09-768x576.jpeg 768w, https:\/\/eosaciurbano.art.br\/eo\/wp-content\/uploads\/2024\/02\/Icas-09-1536x1152.jpeg 1536w\" sizes=\"auto, (max-width: 1024px) 100vw, 1024px\" \/>\n\t<\/div>\n\n<\/div><div class=\"modula-item\" >\n\t<div class=\"modula-item-content\">\n\t\t\n\t\t\t\t\t<a data-image-id=\"2715\" role=\"button\" tabindex=\"0\" rel=\"jtg-2704\" data-caption=\"\u00c9 saci urbano - apari\u00e7\u00f5es 2023\" aria-label=\"Abrir imagem no lightbox\" class=\"tile-inner modula-item-link\"><\/a>\n\t\t\n\t\t<img loading=\"lazy\" decoding=\"async\" class=\"pic wp-image-2715\"  data-valign=\"middle\" data-halign=\"center\" alt=\"\" data-full=\"https:\/\/eosaciurbano.art.br\/eo\/wp-content\/uploads\/2024\/02\/Icas-10.jpeg\" title=\"\u00c9 saci urbano - apari\u00e7\u00f5es 2023\" width=\"1024\" height=\"768\" src=\"https:\/\/eosaciurbano.art.br\/eo\/wp-content\/uploads\/2024\/02\/Icas-10-1024x768.jpeg\" data-src=\"https:\/\/eosaciurbano.art.br\/eo\/wp-content\/uploads\/2024\/02\/Icas-10-1024x768.jpeg\" data-caption=\"\u00c9 saci urbano - apari\u00e7\u00f5es 2023\" srcset=\"https:\/\/eosaciurbano.art.br\/eo\/wp-content\/uploads\/2024\/02\/Icas-10.jpeg 1960w, https:\/\/eosaciurbano.art.br\/eo\/wp-content\/uploads\/2024\/02\/Icas-10-300x225.jpeg 300w, https:\/\/eosaciurbano.art.br\/eo\/wp-content\/uploads\/2024\/02\/Icas-10-1024x768.jpeg 1024w, https:\/\/eosaciurbano.art.br\/eo\/wp-content\/uploads\/2024\/02\/Icas-10-768x576.jpeg 768w, https:\/\/eosaciurbano.art.br\/eo\/wp-content\/uploads\/2024\/02\/Icas-10-1536x1152.jpeg 1536w\" sizes=\"auto, (max-width: 1024px) 100vw, 1024px\" \/>\n\t<\/div>\n\n<\/div><div class=\"modula-item\" >\n\t<div class=\"modula-item-content\">\n\t\t\n\t\t\t\t\t<a data-image-id=\"2716\" role=\"button\" tabindex=\"0\" rel=\"jtg-2704\" data-caption=\"\u00c9 saci urbano - apari\u00e7\u00f5es 2023\" aria-label=\"Abrir imagem no lightbox\" class=\"tile-inner modula-item-link\"><\/a>\n\t\t\n\t\t<img loading=\"lazy\" decoding=\"async\" class=\"pic wp-image-2716\"  data-valign=\"middle\" data-halign=\"center\" alt=\"\" data-full=\"https:\/\/eosaciurbano.art.br\/eo\/wp-content\/uploads\/2024\/02\/Icas-11.jpeg\" title=\"\u00c9 saci urbano - apari\u00e7\u00f5es 2023\" width=\"1024\" height=\"749\" src=\"https:\/\/eosaciurbano.art.br\/eo\/wp-content\/uploads\/2024\/02\/Icas-11-1024x749.jpeg\" data-src=\"https:\/\/eosaciurbano.art.br\/eo\/wp-content\/uploads\/2024\/02\/Icas-11-1024x749.jpeg\" data-caption=\"\u00c9 saci urbano - apari\u00e7\u00f5es 2023\" srcset=\"https:\/\/eosaciurbano.art.br\/eo\/wp-content\/uploads\/2024\/02\/Icas-11.jpeg 1960w, https:\/\/eosaciurbano.art.br\/eo\/wp-content\/uploads\/2024\/02\/Icas-11-300x219.jpeg 300w, https:\/\/eosaciurbano.art.br\/eo\/wp-content\/uploads\/2024\/02\/Icas-11-1024x749.jpeg 1024w, https:\/\/eosaciurbano.art.br\/eo\/wp-content\/uploads\/2024\/02\/Icas-11-768x562.jpeg 768w, https:\/\/eosaciurbano.art.br\/eo\/wp-content\/uploads\/2024\/02\/Icas-11-1536x1123.jpeg 1536w\" sizes=\"auto, (max-width: 1024px) 100vw, 1024px\" \/>\n\t<\/div>\n\n<\/div><div class=\"modula-item\" >\n\t<div class=\"modula-item-content\">\n\t\t\n\t\t\t\t\t<a data-image-id=\"2717\" role=\"button\" tabindex=\"0\" rel=\"jtg-2704\" data-caption=\"\u00c9 saci urbano - apari\u00e7\u00f5es 2023\" aria-label=\"Abrir imagem no lightbox\" class=\"tile-inner modula-item-link\"><\/a>\n\t\t\n\t\t<img loading=\"lazy\" decoding=\"async\" class=\"pic wp-image-2717\"  data-valign=\"middle\" data-halign=\"center\" alt=\"\" data-full=\"https:\/\/eosaciurbano.art.br\/eo\/wp-content\/uploads\/2024\/02\/Icas-12.jpeg\" title=\"\u00c9 saci urbano - apari\u00e7\u00f5es 2023\" width=\"860\" height=\"1024\" src=\"https:\/\/eosaciurbano.art.br\/eo\/wp-content\/uploads\/2024\/02\/Icas-12-860x1024.jpeg\" data-src=\"https:\/\/eosaciurbano.art.br\/eo\/wp-content\/uploads\/2024\/02\/Icas-12-860x1024.jpeg\" data-caption=\"\u00c9 saci urbano - apari\u00e7\u00f5es 2023\" srcset=\"https:\/\/eosaciurbano.art.br\/eo\/wp-content\/uploads\/2024\/02\/Icas-12.jpeg 1646w, https:\/\/eosaciurbano.art.br\/eo\/wp-content\/uploads\/2024\/02\/Icas-12-252x300.jpeg 252w, https:\/\/eosaciurbano.art.br\/eo\/wp-content\/uploads\/2024\/02\/Icas-12-860x1024.jpeg 860w, https:\/\/eosaciurbano.art.br\/eo\/wp-content\/uploads\/2024\/02\/Icas-12-768x915.jpeg 768w, https:\/\/eosaciurbano.art.br\/eo\/wp-content\/uploads\/2024\/02\/Icas-12-1290x1536.jpeg 1290w\" sizes=\"auto, (max-width: 860px) 100vw, 860px\" \/>\n\t<\/div>\n\n<\/div>\t\t\n\t<\/div>\n\n\t\n\t\n\t<script type=\"application\/ld+json\">\n\t{\n\t\t\"@context\": \"http:\/\/schema.org\",\n\t\t\"@type\"   : \"ImageGallery\",\n\t\t\"id\"      : \"https:\/\/eosaciurbano.art.br\/eo\/2023-2\/\",\n\t\t\"url\"     : \"https:\/\/eosaciurbano.art.br\/eo\/2023-2\/\"\n\t}\n\n\t<\/script>\n\n\t\n<\/div>\n\n","protected":false},"excerpt":{"rendered":"<p>Reposit\u00f3rio de imagens com galerias de registros das apari\u00e7\u00f5es\/interven\u00e7\u00f5es do Saci Urbano. Ano 2023.<\/p>\n","protected":false},"author":1,"featured_media":0,"parent":0,"menu_order":0,"comment_status":"closed","ping_status":"closed","template":"","meta":{"_themeisle_gutenberg_block_has_review":false,"footnotes":""},"class_list":["post-2702","page","type-page","status-publish","hentry"],"_links":{"self":[{"href":"https:\/\/eosaciurbano.art.br\/eo\/wp-json\/wp\/v2\/pages\/2702","targetHints":{"allow":["GET"]}}],"collection":[{"href":"https:\/\/eosaciurbano.art.br\/eo\/wp-json\/wp\/v2\/pages"}],"about":[{"href":"https:\/\/eosaciurbano.art.br\/eo\/wp-json\/wp\/v2\/types\/page"}],"author":[{"embeddable":true,"href":"https:\/\/eosaciurbano.art.br\/eo\/wp-json\/wp\/v2\/users\/1"}],"replies":[{"embeddable":true,"href":"https:\/\/eosaciurbano.art.br\/eo\/wp-json\/wp\/v2\/comments?post=2702"}],"version-history":[{"count":1,"href":"https:\/\/eosaciurbano.art.br\/eo\/wp-json\/wp\/v2\/pages\/2702\/revisions"}],"predecessor-version":[{"id":2718,"href":"https:\/\/eosaciurbano.art.br\/eo\/wp-json\/wp\/v2\/pages\/2702\/revisions\/2718"}],"wp:attachment":[{"href":"https:\/\/eosaciurbano.art.br\/eo\/wp-json\/wp\/v2\/media?parent=2702"}],"curies":[{"name":"wp","href":"https:\/\/api.w.org\/{rel}","templated":true}]}}