{"id":2747,"date":"2026-03-13T17:44:37","date_gmt":"2026-03-13T17:44:37","guid":{"rendered":"https:\/\/eosaciurbano.art.br\/eo\/?page_id=2747"},"modified":"2026-03-13T17:44:37","modified_gmt":"2026-03-13T17:44:37","slug":"2025-2","status":"publish","type":"page","link":"https:\/\/eosaciurbano.art.br\/eo\/2025-2\/","title":{"rendered":"2025"},"content":{"rendered":"\n<p>Reposit\u00f3rio de imagens com galerias de registros das apari\u00e7\u00f5es\/interven\u00e7\u00f5es do Saci Urbano. Ano 2025.<\/p>\n\n\n\n<h2 id=\"wp-block-themeisle-blocks-advanced-heading-4a4ab757\" class=\"wp-block-themeisle-blocks-advanced-heading wp-block-themeisle-blocks-advanced-heading-4a4ab757\">APARI\u00c7\u00d5ES 2025<\/h2>\n\n\n<div  id=\"jtg-2750\" class=\"modula modula-gallery modula-columns\" data-config=\"{&quot;tabletHeight&quot;:800,&quot;mobileHeight&quot;:800,&quot;desktopHeight&quot;:800,&quot;enableTwitter&quot;:false,&quot;enableWhatsapp&quot;:false,&quot;enableFacebook&quot;:false,&quot;enablePinterest&quot;:false,&quot;enableLinkedin&quot;:false,&quot;enableEmail&quot;:false,&quot;randomFactor&quot;:0,&quot;type&quot;:&quot;grid&quot;,&quot;columns&quot;:12,&quot;gutter&quot;:10,&quot;mobileGutter&quot;:10,&quot;tabletGutter&quot;:10,&quot;desktopGutter&quot;:10,&quot;enableResponsive&quot;:true,&quot;tabletColumns&quot;:2,&quot;mobileColumns&quot;:1,&quot;lazyLoad&quot;:0,&quot;lightboxOpts&quot;:{&quot;animated&quot;:true,&quot;Thumbs&quot;:{&quot;type&quot;:&quot;modern&quot;,&quot;showOnStart&quot;:false},&quot;Toolbar&quot;:{&quot;display&quot;:{&quot;right&quot;:[&quot;close&quot;]},&quot;enabled&quot;:true},&quot;Carousel&quot;:{&quot;Panzoom&quot;:{&quot;touch&quot;:true},&quot;infinite&quot;:false},&quot;keyboard&quot;:{&quot;Escape&quot;:&quot;close&quot;,&quot;Delete&quot;:&quot;close&quot;,&quot;Backspace&quot;:&quot;close&quot;,&quot;PageUp&quot;:false,&quot;PageDown&quot;:false,&quot;ArrowUp&quot;:false,&quot;ArrowDown&quot;:false,&quot;ArrowRight&quot;:false,&quot;ArrowLeft&quot;:false},&quot;touch&quot;:false,&quot;backdropClick&quot;:false,&quot;l10n&quot;:{&quot;CLOSE&quot;:&quot;Fechar&quot;,&quot;NEXT&quot;:&quot;Pr\\u00f3ximo&quot;,&quot;PREV&quot;:&quot;Anterior&quot;,&quot;Error&quot;:&quot;N\\u00e3o foi poss\\u00edvel carregar o conte\\u00fado solicitado. Tente novamente mais tarde.&quot;,&quot;PLAY_START&quot;:&quot;Iniciar apresenta\\u00e7\\u00e3o de slides&quot;,&quot;PLAY_STOP&quot;:&quot;Pausar apresenta\\u00e7\\u00e3o de slides&quot;,&quot;FULL_SCREEN&quot;:&quot;Tela cheia&quot;,&quot;THUMBS&quot;:&quot;Miniaturas&quot;,&quot;DOWNLOAD&quot;:&quot;Baixar&quot;,&quot;SHARE&quot;:&quot;Compartilhar&quot;,&quot;ZOOM&quot;:&quot;Ampliar&quot;,&quot;EMAIL&quot;:&quot;Here is the link to the image : %%image_link%% and this is the link to the gallery : %%gallery_link%%&quot;,&quot;MODAL&quot;:&quot;Voc\\u00ea pode dispensar este conte\\u00fado com a tecla ESC&quot;,&quot;ERROR&quot;:&quot;Algo deu errado, tente novamente mais tarde&quot;,&quot;IMAGE_ERROR&quot;:&quot;Imagem n\\u00e3o encontrada&quot;,&quot;ELEMENT_NOT_FOUND&quot;:&quot;Elemento HTML n\\u00e3o encontrado&quot;,&quot;AJAX_NOT_FOUND&quot;:&quot;Erro ao carregar AJAX: N\\u00e3o encontrado&quot;,&quot;AJAX_FORBIDDEN&quot;:&quot;Erro ao carregar AJAX: N\\u00e3o autorizado&quot;,&quot;IFRAME_ERROR&quot;:&quot;Erro ao carregar a p\\u00e1gina&quot;,&quot;TOGGLE_ZOOM&quot;:&quot;Alternar n\\u00edvel de zoom&quot;,&quot;TOGGLE_THUMBS&quot;:&quot;Alternar miniaturas&quot;,&quot;TOGGLE_SLIDESHOW&quot;:&quot;Alternar exibi\\u00e7\\u00e3o de slides&quot;,&quot;TOGGLE_FULLSCREEN&quot;:&quot;Alternar modo de tela cheia&quot;},&quot;Images&quot;:{&quot;Panzoom&quot;:{&quot;maxScale&quot;:2}},&quot;mainClass&quot;:&quot;modula-fancybox-container modula-lightbox-jtg-2750&quot;,&quot;Html&quot;:{&quot;videoAutoplay&quot;:0,&quot;videoTpl&quot;:&quot;&lt;video class=\\&quot;fancybox__html5video\\&quot; controls muted playsinline controlsList controlsList=\\&quot;nodownload\\&quot; poster=\\&quot;{{poster}}\\&quot; src=\\&quot;{{src}}\\&quot; type=\\&quot;{{format}}\\&quot; &gt;  Sorry, your browser doesn&#039;t support embedded videos, &lt;a href=\\&quot;{{src}}\\&quot;&gt; download &lt;\\\/a&gt; and watch with your favorite video player! &lt;\\\/video&gt;&quot;}},&quot;inView&quot;:true,&quot;email_subject&quot;:&quot;Check out this awesome image !!&quot;,&quot;email_message&quot;:&quot;Here is the link to the image : %%image_link%% and this is the link to the gallery : %%gallery_link%%&quot;,&quot;grid_type&quot;:&quot;4&quot;,&quot;rowHeight&quot;:250,&quot;lastRow&quot;:&quot;justify&quot;,&quot;lightbox&quot;:&quot;fancybox&quot;}\">\n\n\t<div class=\"modula-grid-sizer\"> <\/div>\n\t<div  class=\"modula-items grid-gallery\">\n\t\t<div class=\"modula-item\" >\n\t<div class=\"modula-item-content\">\n\t\t\n\t\t\t\t\t<a data-image-id=\"2751\" role=\"button\" tabindex=\"0\" rel=\"jtg-2750\" data-caption=\"\u00c9 o Saci Urbano! 2025\" aria-label=\"Abrir imagem no lightbox\" class=\"tile-inner modula-item-link\"><\/a>\n\t\t\n\t\t<img loading=\"lazy\" decoding=\"async\" class=\"pic wp-image-2751\"  data-valign=\"middle\" data-halign=\"center\" alt=\"\" data-full=\"https:\/\/eosaciurbano.art.br\/eo\/wp-content\/uploads\/2026\/03\/E-O.-de-bracos-aberto.jpg\" title=\"\u00c9 o Saci Urbano! 2025\" width=\"750\" height=\"1024\" src=\"https:\/\/eosaciurbano.art.br\/eo\/wp-content\/uploads\/2026\/03\/E-O.-de-bracos-aberto-750x1024.jpg\" data-src=\"https:\/\/eosaciurbano.art.br\/eo\/wp-content\/uploads\/2026\/03\/E-O.-de-bracos-aberto-750x1024.jpg\" data-caption=\"\u00c9 o Saci Urbano! 2025\" srcset=\"https:\/\/eosaciurbano.art.br\/eo\/wp-content\/uploads\/2026\/03\/E-O.-de-bracos-aberto-scaled.jpg 1875w, https:\/\/eosaciurbano.art.br\/eo\/wp-content\/uploads\/2026\/03\/E-O.-de-bracos-aberto-220x300.jpg 220w, https:\/\/eosaciurbano.art.br\/eo\/wp-content\/uploads\/2026\/03\/E-O.-de-bracos-aberto-scaled-750x1024.jpg 750w, https:\/\/eosaciurbano.art.br\/eo\/wp-content\/uploads\/2026\/03\/E-O.-de-bracos-aberto-768x1049.jpg 768w, https:\/\/eosaciurbano.art.br\/eo\/wp-content\/uploads\/2026\/03\/E-O.-de-bracos-aberto-1125x1536.jpg 1125w, https:\/\/eosaciurbano.art.br\/eo\/wp-content\/uploads\/2026\/03\/E-O.-de-bracos-aberto-1500x2048.jpg 1500w\" sizes=\"auto, (max-width: 750px) 100vw, 750px\" \/>\n\t<\/div>\n\n<\/div><div class=\"modula-item\" >\n\t<div class=\"modula-item-content\">\n\t\t\n\t\t\t\t\t<a data-image-id=\"2752\" role=\"button\" tabindex=\"0\" rel=\"jtg-2750\" data-caption=\"\" aria-label=\"Abrir imagem no lightbox\" class=\"tile-inner modula-item-link\"><\/a>\n\t\t\n\t\t<img loading=\"lazy\" decoding=\"async\" class=\"pic wp-image-2752\"  data-valign=\"middle\" data-halign=\"center\" alt=\"\" data-full=\"https:\/\/eosaciurbano.art.br\/eo\/wp-content\/uploads\/2026\/03\/E-O.animacao-01.jpeg\" title=\"\" width=\"1024\" height=\"683\" src=\"https:\/\/eosaciurbano.art.br\/eo\/wp-content\/uploads\/2026\/03\/E-O.animacao-01-1024x683.jpeg\" data-src=\"https:\/\/eosaciurbano.art.br\/eo\/wp-content\/uploads\/2026\/03\/E-O.animacao-01-1024x683.jpeg\" data-caption=\"\" srcset=\"https:\/\/eosaciurbano.art.br\/eo\/wp-content\/uploads\/2026\/03\/E-O.animacao-01-scaled.jpeg 2560w, https:\/\/eosaciurbano.art.br\/eo\/wp-content\/uploads\/2026\/03\/E-O.animacao-01-300x200.jpeg 300w, https:\/\/eosaciurbano.art.br\/eo\/wp-content\/uploads\/2026\/03\/E-O.animacao-01-scaled-1024x683.jpeg 1024w, https:\/\/eosaciurbano.art.br\/eo\/wp-content\/uploads\/2026\/03\/E-O.animacao-01-768x512.jpeg 768w, https:\/\/eosaciurbano.art.br\/eo\/wp-content\/uploads\/2026\/03\/E-O.animacao-01-1536x1024.jpeg 1536w, https:\/\/eosaciurbano.art.br\/eo\/wp-content\/uploads\/2026\/03\/E-O.animacao-01-2048x1365.jpeg 2048w\" sizes=\"auto, (max-width: 1024px) 100vw, 1024px\" \/>\n\t<\/div>\n\n<\/div><div class=\"modula-item\" >\n\t<div class=\"modula-item-content\">\n\t\t\n\t\t\t\t\t<a data-image-id=\"2753\" role=\"button\" tabindex=\"0\" rel=\"jtg-2750\" data-caption=\"\u00c9 o Saci Urbano! 2025\" aria-label=\"Abrir imagem no lightbox\" class=\"tile-inner modula-item-link\"><\/a>\n\t\t\n\t\t<img loading=\"lazy\" decoding=\"async\" class=\"pic wp-image-2753\"  data-valign=\"middle\" data-halign=\"center\" alt=\"\" data-full=\"https:\/\/eosaciurbano.art.br\/eo\/wp-content\/uploads\/2026\/03\/E-O.bandeirada-02.jpg\" title=\"\u00c9 o Saci Urbano! 2025\" width=\"1024\" height=\"686\" src=\"https:\/\/eosaciurbano.art.br\/eo\/wp-content\/uploads\/2026\/03\/E-O.bandeirada-02-1024x686.jpg\" data-src=\"https:\/\/eosaciurbano.art.br\/eo\/wp-content\/uploads\/2026\/03\/E-O.bandeirada-02-1024x686.jpg\" data-caption=\"\u00c9 o Saci Urbano! 2025\" srcset=\"https:\/\/eosaciurbano.art.br\/eo\/wp-content\/uploads\/2026\/03\/E-O.bandeirada-02-scaled.jpg 2560w, https:\/\/eosaciurbano.art.br\/eo\/wp-content\/uploads\/2026\/03\/E-O.bandeirada-02-300x201.jpg 300w, https:\/\/eosaciurbano.art.br\/eo\/wp-content\/uploads\/2026\/03\/E-O.bandeirada-02-scaled-1024x686.jpg 1024w, https:\/\/eosaciurbano.art.br\/eo\/wp-content\/uploads\/2026\/03\/E-O.bandeirada-02-768x514.jpg 768w, https:\/\/eosaciurbano.art.br\/eo\/wp-content\/uploads\/2026\/03\/E-O.bandeirada-02-1536x1029.jpg 1536w, https:\/\/eosaciurbano.art.br\/eo\/wp-content\/uploads\/2026\/03\/E-O.bandeirada-02-2048x1372.jpg 2048w\" sizes=\"auto, (max-width: 1024px) 100vw, 1024px\" \/>\n\t<\/div>\n\n<\/div><div class=\"modula-item\" >\n\t<div class=\"modula-item-content\">\n\t\t\n\t\t\t\t\t<a data-image-id=\"2754\" role=\"button\" tabindex=\"0\" rel=\"jtg-2750\" data-caption=\"\u00c9 o Saci Urbano! 2025\" aria-label=\"Abrir imagem no lightbox\" class=\"tile-inner modula-item-link\"><\/a>\n\t\t\n\t\t<img loading=\"lazy\" decoding=\"async\" class=\"pic wp-image-2754\"  data-valign=\"middle\" data-halign=\"center\" alt=\"\" data-full=\"https:\/\/eosaciurbano.art.br\/eo\/wp-content\/uploads\/2026\/03\/E-O.bandeirada-03.jpg\" title=\"\u00c9 o Saci Urbano! 2025\" width=\"1024\" height=\"685\" src=\"https:\/\/eosaciurbano.art.br\/eo\/wp-content\/uploads\/2026\/03\/E-O.bandeirada-03-1024x685.jpg\" data-src=\"https:\/\/eosaciurbano.art.br\/eo\/wp-content\/uploads\/2026\/03\/E-O.bandeirada-03-1024x685.jpg\" data-caption=\"\u00c9 o Saci Urbano! 2025\" srcset=\"https:\/\/eosaciurbano.art.br\/eo\/wp-content\/uploads\/2026\/03\/E-O.bandeirada-03-scaled.jpg 2560w, https:\/\/eosaciurbano.art.br\/eo\/wp-content\/uploads\/2026\/03\/E-O.bandeirada-03-300x201.jpg 300w, https:\/\/eosaciurbano.art.br\/eo\/wp-content\/uploads\/2026\/03\/E-O.bandeirada-03-scaled-1024x685.jpg 1024w, https:\/\/eosaciurbano.art.br\/eo\/wp-content\/uploads\/2026\/03\/E-O.bandeirada-03-768x514.jpg 768w, https:\/\/eosaciurbano.art.br\/eo\/wp-content\/uploads\/2026\/03\/E-O.bandeirada-03-1536x1028.jpg 1536w, https:\/\/eosaciurbano.art.br\/eo\/wp-content\/uploads\/2026\/03\/E-O.bandeirada-03-2048x1370.jpg 2048w\" sizes=\"auto, (max-width: 1024px) 100vw, 1024px\" \/>\n\t<\/div>\n\n<\/div><div class=\"modula-item\" >\n\t<div class=\"modula-item-content\">\n\t\t\n\t\t\t\t\t<a data-image-id=\"2755\" role=\"button\" tabindex=\"0\" rel=\"jtg-2750\" data-caption=\"\u00c9 o Saci Urbano! 2025\" aria-label=\"Abrir imagem no lightbox\" class=\"tile-inner modula-item-link\"><\/a>\n\t\t\n\t\t<img loading=\"lazy\" decoding=\"async\" class=\"pic wp-image-2755\"  data-valign=\"middle\" data-halign=\"center\" alt=\"\" data-full=\"https:\/\/eosaciurbano.art.br\/eo\/wp-content\/uploads\/2026\/03\/E-O.Basket-de-rua.jpg\" title=\"\u00c9 o Saci Urbano! 2025\" width=\"1024\" height=\"757\" src=\"https:\/\/eosaciurbano.art.br\/eo\/wp-content\/uploads\/2026\/03\/E-O.Basket-de-rua-1024x757.jpg\" data-src=\"https:\/\/eosaciurbano.art.br\/eo\/wp-content\/uploads\/2026\/03\/E-O.Basket-de-rua-1024x757.jpg\" data-caption=\"\u00c9 o Saci Urbano! 2025\" srcset=\"https:\/\/eosaciurbano.art.br\/eo\/wp-content\/uploads\/2026\/03\/E-O.Basket-de-rua-scaled.jpg 2560w, https:\/\/eosaciurbano.art.br\/eo\/wp-content\/uploads\/2026\/03\/E-O.Basket-de-rua-300x222.jpg 300w, https:\/\/eosaciurbano.art.br\/eo\/wp-content\/uploads\/2026\/03\/E-O.Basket-de-rua-scaled-1024x757.jpg 1024w, https:\/\/eosaciurbano.art.br\/eo\/wp-content\/uploads\/2026\/03\/E-O.Basket-de-rua-768x568.jpg 768w, https:\/\/eosaciurbano.art.br\/eo\/wp-content\/uploads\/2026\/03\/E-O.Basket-de-rua-1536x1136.jpg 1536w, https:\/\/eosaciurbano.art.br\/eo\/wp-content\/uploads\/2026\/03\/E-O.Basket-de-rua-2048x1514.jpg 2048w\" sizes=\"auto, (max-width: 1024px) 100vw, 1024px\" \/>\n\t<\/div>\n\n<\/div><div class=\"modula-item\" >\n\t<div class=\"modula-item-content\">\n\t\t\n\t\t\t\t\t<a data-image-id=\"2756\" role=\"button\" tabindex=\"0\" rel=\"jtg-2750\" data-caption=\"\u00c9 o Saci Urbano! 2025\" aria-label=\"Abrir imagem no lightbox\" class=\"tile-inner modula-item-link\"><\/a>\n\t\t\n\t\t<img loading=\"lazy\" decoding=\"async\" class=\"pic wp-image-2756\"  data-valign=\"middle\" data-halign=\"center\" alt=\"\" data-full=\"https:\/\/eosaciurbano.art.br\/eo\/wp-content\/uploads\/2026\/03\/E-O.Conexao-ancestral.jpg\" title=\"\u00c9 o Saci Urbano! 2025\" width=\"1024\" height=\"768\" src=\"https:\/\/eosaciurbano.art.br\/eo\/wp-content\/uploads\/2026\/03\/E-O.Conexao-ancestral-1024x768.jpg\" data-src=\"https:\/\/eosaciurbano.art.br\/eo\/wp-content\/uploads\/2026\/03\/E-O.Conexao-ancestral-1024x768.jpg\" data-caption=\"\u00c9 o Saci Urbano! 2025\" srcset=\"https:\/\/eosaciurbano.art.br\/eo\/wp-content\/uploads\/2026\/03\/E-O.Conexao-ancestral-scaled.jpg 2560w, https:\/\/eosaciurbano.art.br\/eo\/wp-content\/uploads\/2026\/03\/E-O.Conexao-ancestral-300x225.jpg 300w, https:\/\/eosaciurbano.art.br\/eo\/wp-content\/uploads\/2026\/03\/E-O.Conexao-ancestral-scaled-1024x768.jpg 1024w, https:\/\/eosaciurbano.art.br\/eo\/wp-content\/uploads\/2026\/03\/E-O.Conexao-ancestral-768x576.jpg 768w, https:\/\/eosaciurbano.art.br\/eo\/wp-content\/uploads\/2026\/03\/E-O.Conexao-ancestral-1536x1152.jpg 1536w, https:\/\/eosaciurbano.art.br\/eo\/wp-content\/uploads\/2026\/03\/E-O.Conexao-ancestral-2048x1536.jpg 2048w\" sizes=\"auto, (max-width: 1024px) 100vw, 1024px\" \/>\n\t<\/div>\n\n<\/div><div class=\"modula-item\" >\n\t<div class=\"modula-item-content\">\n\t\t\n\t\t\t\t\t<a data-image-id=\"2757\" role=\"button\" tabindex=\"0\" rel=\"jtg-2750\" data-caption=\"\u00c9 o Saci Urbano! 2025\" aria-label=\"Abrir imagem no lightbox\" class=\"tile-inner modula-item-link\"><\/a>\n\t\t\n\t\t<img loading=\"lazy\" decoding=\"async\" class=\"pic wp-image-2757\"  data-valign=\"middle\" data-halign=\"center\" alt=\"\" data-full=\"https:\/\/eosaciurbano.art.br\/eo\/wp-content\/uploads\/2026\/03\/E-O.pet-onca.jpg\" title=\"\u00c9 o Saci Urbano! 2025\" width=\"1024\" height=\"769\" src=\"https:\/\/eosaciurbano.art.br\/eo\/wp-content\/uploads\/2026\/03\/E-O.pet-onca-1024x769.jpg\" data-src=\"https:\/\/eosaciurbano.art.br\/eo\/wp-content\/uploads\/2026\/03\/E-O.pet-onca-1024x769.jpg\" data-caption=\"\u00c9 o Saci Urbano! 2025\" srcset=\"https:\/\/eosaciurbano.art.br\/eo\/wp-content\/uploads\/2026\/03\/E-O.pet-onca-scaled.jpg 2560w, https:\/\/eosaciurbano.art.br\/eo\/wp-content\/uploads\/2026\/03\/E-O.pet-onca-300x225.jpg 300w, https:\/\/eosaciurbano.art.br\/eo\/wp-content\/uploads\/2026\/03\/E-O.pet-onca-scaled-1024x769.jpg 1024w, https:\/\/eosaciurbano.art.br\/eo\/wp-content\/uploads\/2026\/03\/E-O.pet-onca-768x577.jpg 768w, https:\/\/eosaciurbano.art.br\/eo\/wp-content\/uploads\/2026\/03\/E-O.pet-onca-1536x1154.jpg 1536w, https:\/\/eosaciurbano.art.br\/eo\/wp-content\/uploads\/2026\/03\/E-O.pet-onca-2048x1539.jpg 2048w\" sizes=\"auto, (max-width: 1024px) 100vw, 1024px\" \/>\n\t<\/div>\n\n<\/div><div class=\"modula-item\" >\n\t<div class=\"modula-item-content\">\n\t\t\n\t\t\t\t\t<a data-image-id=\"2758\" role=\"button\" tabindex=\"0\" rel=\"jtg-2750\" data-caption=\"\u00c9 o Saci Urbano! 2025\" aria-label=\"Abrir imagem no lightbox\" class=\"tile-inner modula-item-link\"><\/a>\n\t\t\n\t\t<img loading=\"lazy\" decoding=\"async\" class=\"pic wp-image-2758\"  data-valign=\"middle\" data-halign=\"center\" alt=\"\" data-full=\"https:\/\/eosaciurbano.art.br\/eo\/wp-content\/uploads\/2026\/03\/E-O.pet-onca_02.jpg\" title=\"\u00c9 o Saci Urbano! 2025\" width=\"1024\" height=\"754\" src=\"https:\/\/eosaciurbano.art.br\/eo\/wp-content\/uploads\/2026\/03\/E-O.pet-onca_02-1024x754.jpg\" data-src=\"https:\/\/eosaciurbano.art.br\/eo\/wp-content\/uploads\/2026\/03\/E-O.pet-onca_02-1024x754.jpg\" data-caption=\"\u00c9 o Saci Urbano! 2025\" srcset=\"https:\/\/eosaciurbano.art.br\/eo\/wp-content\/uploads\/2026\/03\/E-O.pet-onca_02.jpg 2096w, https:\/\/eosaciurbano.art.br\/eo\/wp-content\/uploads\/2026\/03\/E-O.pet-onca_02-300x221.jpg 300w, https:\/\/eosaciurbano.art.br\/eo\/wp-content\/uploads\/2026\/03\/E-O.pet-onca_02-1024x754.jpg 1024w, https:\/\/eosaciurbano.art.br\/eo\/wp-content\/uploads\/2026\/03\/E-O.pet-onca_02-768x566.jpg 768w, https:\/\/eosaciurbano.art.br\/eo\/wp-content\/uploads\/2026\/03\/E-O.pet-onca_02-1536x1131.jpg 1536w, https:\/\/eosaciurbano.art.br\/eo\/wp-content\/uploads\/2026\/03\/E-O.pet-onca_02-2048x1509.jpg 2048w\" sizes=\"auto, (max-width: 1024px) 100vw, 1024px\" \/>\n\t<\/div>\n\n<\/div><div class=\"modula-item\" >\n\t<div class=\"modula-item-content\">\n\t\t\n\t\t\t\t\t<a data-image-id=\"2759\" role=\"button\" tabindex=\"0\" rel=\"jtg-2750\" data-caption=\"\u00c9 o Saci Urbano! 2025\" aria-label=\"Abrir imagem no lightbox\" class=\"tile-inner modula-item-link\"><\/a>\n\t\t\n\t\t<img loading=\"lazy\" decoding=\"async\" class=\"pic wp-image-2759\"  data-valign=\"middle\" data-halign=\"center\" alt=\"\" data-full=\"https:\/\/eosaciurbano.art.br\/eo\/wp-content\/uploads\/2026\/03\/E-O.pet-onca_04.jpg\" title=\"\u00c9 o Saci Urbano! 2025\" width=\"1024\" height=\"768\" src=\"https:\/\/eosaciurbano.art.br\/eo\/wp-content\/uploads\/2026\/03\/E-O.pet-onca_04-1024x768.jpg\" data-src=\"https:\/\/eosaciurbano.art.br\/eo\/wp-content\/uploads\/2026\/03\/E-O.pet-onca_04-1024x768.jpg\" data-caption=\"\u00c9 o Saci Urbano! 2025\" srcset=\"https:\/\/eosaciurbano.art.br\/eo\/wp-content\/uploads\/2026\/03\/E-O.pet-onca_04.jpg 2500w, https:\/\/eosaciurbano.art.br\/eo\/wp-content\/uploads\/2026\/03\/E-O.pet-onca_04-300x225.jpg 300w, https:\/\/eosaciurbano.art.br\/eo\/wp-content\/uploads\/2026\/03\/E-O.pet-onca_04-1024x768.jpg 1024w, https:\/\/eosaciurbano.art.br\/eo\/wp-content\/uploads\/2026\/03\/E-O.pet-onca_04-768x576.jpg 768w, https:\/\/eosaciurbano.art.br\/eo\/wp-content\/uploads\/2026\/03\/E-O.pet-onca_04-1536x1152.jpg 1536w, https:\/\/eosaciurbano.art.br\/eo\/wp-content\/uploads\/2026\/03\/E-O.pet-onca_04-2048x1536.jpg 2048w\" sizes=\"auto, (max-width: 1024px) 100vw, 1024px\" \/>\n\t<\/div>\n\n<\/div><div class=\"modula-item\" >\n\t<div class=\"modula-item-content\">\n\t\t\n\t\t\t\t\t<a data-image-id=\"2760\" role=\"button\" tabindex=\"0\" rel=\"jtg-2750\" data-caption=\"\u00c9 o Saci Urbano! 2025\" aria-label=\"Abrir imagem no lightbox\" class=\"tile-inner modula-item-link\"><\/a>\n\t\t\n\t\t<img loading=\"lazy\" decoding=\"async\" class=\"pic wp-image-2760\"  data-valign=\"middle\" data-halign=\"center\" alt=\"\" data-full=\"https:\/\/eosaciurbano.art.br\/eo\/wp-content\/uploads\/2026\/03\/EO.IAvsOriginal_01.jpg\" title=\"\u00c9 o Saci Urbano! 2025\" width=\"1024\" height=\"768\" src=\"https:\/\/eosaciurbano.art.br\/eo\/wp-content\/uploads\/2026\/03\/EO.IAvsOriginal_01-1024x768.jpg\" data-src=\"https:\/\/eosaciurbano.art.br\/eo\/wp-content\/uploads\/2026\/03\/EO.IAvsOriginal_01-1024x768.jpg\" data-caption=\"\u00c9 o Saci Urbano! 2025\" srcset=\"https:\/\/eosaciurbano.art.br\/eo\/wp-content\/uploads\/2026\/03\/EO.IAvsOriginal_01-scaled.jpg 2560w, https:\/\/eosaciurbano.art.br\/eo\/wp-content\/uploads\/2026\/03\/EO.IAvsOriginal_01-300x225.jpg 300w, https:\/\/eosaciurbano.art.br\/eo\/wp-content\/uploads\/2026\/03\/EO.IAvsOriginal_01-scaled-1024x768.jpg 1024w, https:\/\/eosaciurbano.art.br\/eo\/wp-content\/uploads\/2026\/03\/EO.IAvsOriginal_01-768x576.jpg 768w, https:\/\/eosaciurbano.art.br\/eo\/wp-content\/uploads\/2026\/03\/EO.IAvsOriginal_01-1536x1152.jpg 1536w, https:\/\/eosaciurbano.art.br\/eo\/wp-content\/uploads\/2026\/03\/EO.IAvsOriginal_01-2048x1536.jpg 2048w\" sizes=\"auto, (max-width: 1024px) 100vw, 1024px\" \/>\n\t<\/div>\n\n<\/div>\t\t\n\t<\/div>\n\n\t\n\t\n\t<script type=\"application\/ld+json\">\n\t{\n\t\t\"@context\": \"http:\/\/schema.org\",\n\t\t\"@type\"   : \"ImageGallery\",\n\t\t\"id\"      : \"https:\/\/eosaciurbano.art.br\/eo\/2025-2\/\",\n\t\t\"url\"     : \"https:\/\/eosaciurbano.art.br\/eo\/2025-2\/\"\n\t}\n\n\t<\/script>\n\n\t\n<\/div>\n\n\n\n\n<div class=\"wp-block-columns is-layout-flex wp-container-core-columns-is-layout-28f84493 wp-block-columns-is-layout-flex\">\n<div class=\"wp-block-column is-layout-flow wp-block-column-is-layout-flow\" style=\"flex-basis:50%\">\n<figure class=\"wp-block-video\"><video height=\"910\" style=\"aspect-ratio: 512 \/ 910;\" width=\"512\" controls src=\"https:\/\/eosaciurbano.art.br\/eo\/wp-content\/uploads\/2026\/03\/0312-1.mp4\"><\/video><\/figure>\n<\/div>\n\n\n\n<div class=\"wp-block-column is-layout-flow wp-block-column-is-layout-flow\" style=\"flex-basis:50%\">\n<p><\/p>\n<\/div>\n<\/div>\n","protected":false},"excerpt":{"rendered":"<p>Reposit\u00f3rio de imagens com galerias de registros das apari\u00e7\u00f5es\/interven\u00e7\u00f5es do Saci Urbano. Ano 2025.<\/p>\n","protected":false},"author":1,"featured_media":0,"parent":0,"menu_order":0,"comment_status":"closed","ping_status":"closed","template":"","meta":{"_themeisle_gutenberg_block_has_review":false,"footnotes":""},"class_list":["post-2747","page","type-page","status-publish","hentry"],"_links":{"self":[{"href":"https:\/\/eosaciurbano.art.br\/eo\/wp-json\/wp\/v2\/pages\/2747","targetHints":{"allow":["GET"]}}],"collection":[{"href":"https:\/\/eosaciurbano.art.br\/eo\/wp-json\/wp\/v2\/pages"}],"about":[{"href":"https:\/\/eosaciurbano.art.br\/eo\/wp-json\/wp\/v2\/types\/page"}],"author":[{"embeddable":true,"href":"https:\/\/eosaciurbano.art.br\/eo\/wp-json\/wp\/v2\/users\/1"}],"replies":[{"embeddable":true,"href":"https:\/\/eosaciurbano.art.br\/eo\/wp-json\/wp\/v2\/comments?post=2747"}],"version-history":[{"count":4,"href":"https:\/\/eosaciurbano.art.br\/eo\/wp-json\/wp\/v2\/pages\/2747\/revisions"}],"predecessor-version":[{"id":2765,"href":"https:\/\/eosaciurbano.art.br\/eo\/wp-json\/wp\/v2\/pages\/2747\/revisions\/2765"}],"wp:attachment":[{"href":"https:\/\/eosaciurbano.art.br\/eo\/wp-json\/wp\/v2\/media?parent=2747"}],"curies":[{"name":"wp","href":"https:\/\/api.w.org\/{rel}","templated":true}]}}